{"id":211,"date":"2020-04-03T10:21:14","date_gmt":"2020-04-03T10:21:14","guid":{"rendered":"https:\/\/www.eduardalentorn.com\/dr\/?page_id=211"},"modified":"2024-11-28T09:32:30","modified_gmt":"2024-11-28T09:32:30","slug":"resumen-cv","status":"publish","type":"page","link":"https:\/\/www.eduardalentorn.com\/dr\/resumen-cv\/","title":{"rendered":"resumen CV"},"content":{"rendered":"<div id=\"pl-gb211-69e0c85ea02d1\"  class=\"panel-layout\" ><div id=\"pg-gb211-69e0c85ea02d1-0\"  class=\"panel-grid panel-no-style\" ><div id=\"pgc-gb211-69e0c85ea02d1-0-0\"  class=\"panel-grid-cell\" ><div id=\"panel-gb211-69e0c85ea02d1-0-0-0\" class=\"so-panel widget widget_sow-headline panel-first-child panel-last-child\" data-index=\"0\" ><div\n\t\t\t\n\t\t\tclass=\"so-widget-sow-headline so-widget-sow-headline-default-2a567a58f3f7-211\"\n\t\t\t\n\t\t><div class=\"sow-headline-container \">\n\t\t\t\t\t\t\t<h3 class=\"sow-headline\">\n\t\t\t\t\t\tResumen CV\t\t\t\t\t\t<\/h3>\n\t\t\t\t\t\t\t\t\t\t\t<div class=\"decoration\">\n\t\t\t\t\t\t<div class=\"decoration-inside\"><\/div>\n\t\t\t\t\t<\/div>\n\t\t\t\t\t<\/div>\n<\/div><\/div><\/div><\/div><div id=\"pg-gb211-69e0c85ea02d1-1\"  class=\"panel-grid panel-no-style\" ><div id=\"pgc-gb211-69e0c85ea02d1-1-0\"  class=\"panel-grid-cell\" ><div id=\"panel-gb211-69e0c85ea02d1-1-0-0\" class=\"widget_text so-panel widget widget_custom_html panel-first-child panel-last-child\" data-index=\"1\" ><div class=\"widget_text home-content-text panel-widget-style panel-widget-style-for-gb211-69e0c85ea02d1-1-0-0\" ><div class=\"textwidget custom-html-widget\">El Dr. Eduard Alentorn Geli es un cirujano ortopeda y traumat\u00f3logo natural de Barcelona con una amplia formaci\u00f3n en el campo de la Medicina y Traumatolog\u00eda Deportivas, y sub-especializado en hombro, codo y rodilla. El Dr. Alentorn ha estado involucrado en el deporte desde hace muchos a\u00f1os, realizando primero la Licenciatura en Ciencias de la Actividad F\u00edsica y el Deporte en el Instituto Nacional de Educaci\u00f3n F\u00edsica de Catalunya (INEFC) en Barcelona y obteniendo el Premio Extraordinario al mejor expediente acad\u00e9mico de la promoci\u00f3n. Durante su Licenciatura de Medicina cursada en la Universidad de Barcelona, complet\u00f3 adem\u00e1s un M\u00e1ster en Biomec\u00e1nica Cl\u00ednica del Aparato Locomotor por la Universidad Rovira i Virgili, un M\u00e1ster en Entrenamiento de Alto Rendimiento en Deportes de Equipo por el INEFC-Barcelona, y el Doctorado por la Universidad de Barcelona con la calificaci\u00f3n de CUM LAUDE por Unanimidad.\nCon esta formaci\u00f3n, el Dr. Alentorn inici\u00f3 la Especialidad de Cirug\u00eda Ortop\u00e9dica y Traumatolog\u00eda en el Hospital del Mar i l\u2019Esperan\u00e7a (Universidad Aut\u00f3noma de Barcelona). El Doctor finaliz\u00f3 la Especialidad de Cirug\u00eda Ortop\u00e9dica y Traumatolog\u00eda con una amplia experiencia acumulada en el \u00e1mbito cl\u00ednico, quir\u00fargico y acad\u00e9mico, habiendo visitado m\u00faltiples centros de Medicina y Traumatolog\u00eda Deportivas, Cirug\u00eda de Rodilla y Cirug\u00eda de Hombro y Codo en Espa\u00f1a y Estados Unidos de Am\u00e9rica: University of Iowa Hospitals and Clinics (Iowa City, Iowa, EEUU), Columbia Presbyterian Medical Center (New York, EEUU), Johns Hopkins University (Baltimore, MD, EEUU), Hospital for Special Surgery (New York, EEUU), University of Pittsburgh (Pittsburgh, PA, EEUU), Rush University (Chicago, IL, EEUU), Mount Sinai Medical Center (New York, NY, EEUU) y Hospital La Paz (Madrid, Espa\u00f1a). Antes de finalizar la residencia en Cirug\u00eda Ortop\u00e9dica y Traumatolog\u00eda, el Dr. Alentorn obtuvo la convalidaci\u00f3n del t\u00edtulo de Licenciado en Medicina por la Educational Comission for Foreign Medical Graduates (ECFMG) de Estados Unidos y obtuvo la Licencia M\u00e9dica para ejercer de m\u00e9dico en dicho pa\u00eds. El Dr. Alentorn recibi\u00f3 el premio al Residente del A\u00f1o por la Sociedad Espa\u00f1ola de Cirug\u00eda Ortop\u00e9dica y Traumatolog\u00eda, que se otorga al mejor m\u00e9dico interno residente de Espa\u00f1a que finaliza la Especialidad de Cirug\u00eda Ortop\u00e9dica y Traumatolog\u00eda en el periodo 2009-2014. Poco despu\u00e9s, el Doctor obtuvo el prestigioso T\u00edtulo Europeo de Especialista en Cirug\u00eda Ortop\u00e9dica y Traumatolog\u00eda por la European Board of Orthopedics and Traumatology (EBOT).\nEl Dr. Alentorn obtuvo plaza para realizar un a\u00f1o de sub-especializaci\u00f3n oficial acreditada en Medicina y Traumatolog\u00eda Deportiva en la reputada Duke University (Durham, NC, Estados Unidos), aprendiendo t\u00e9cnicas novedosas en cirug\u00eda artrosc\u00f3pica y abierta de rodilla y hombro. Adem\u00e1s, fue m\u00e9dico de los equipos de f\u00fatbol, f\u00fatbol americano y baloncesto de esta Universidad y tambi\u00e9n cubri\u00f3 los campeonatos nacionales de Hockey y Lacrosse. Durante el siguiente a\u00f1o, el Dr. Alentorn realiz\u00f3 una segunda sub-especializaci\u00f3n oficial acreditada en este caso en Cirug\u00eda Reconstructiva de Hombro y Codo en la prestigiosa Cl\u00ednica Mayo (Rochester, MN, EEUU), considerada la mejor cl\u00ednica del pa\u00eds en repetidas ocasiones por la revista US News Best Hospitals, y para muchos la mejor cl\u00ednica del mundo en cirug\u00eda de hombro y codo. Durante ese a\u00f1o, el Doctor aprendi\u00f3 t\u00e9cnicas de reconstrucci\u00f3n de cualquier patolog\u00eda simple y compleja de Hombro y Codo, al ser la Cl\u00ednica Mayo lugar de referencia Nacional e Internacional en esta \u00e1rea.\nAl volver de Estados Unidos con una amplia formaci\u00f3n en las \u00e1reas de Hombro, Codo, Rodilla y Traumatolog\u00eda deportiva, el Doctor se uni\u00f3 al grupo del mundialmente reconocido Dr. Ram\u00f3n Cugat, considerado experto en la patolog\u00eda deportiva, artroscopia y cirug\u00eda artrosc\u00f3pica de rodilla. El Dr. Alentorn ha desarrollado su actividad profesional como cirujano ortopeda y traumat\u00f3logo especialista en cirug\u00eda simple y compleja de Hombro, Codo y Rodilla en el Instituto Cugat (ubicada en Hospital Quir\u00f3nsalud, Barcelona) y en la Mutualidad Catalana de Futbolistas desde el 2016 al 2024.\nA nivel docente, el Dr. Alentorn sirvi\u00f3 durante 4 a\u00f1os como profesor de Cirug\u00eda Ortop\u00e9dica y Traumatolog\u00eda en la Academia CTO para la preparaci\u00f3n del Examen MIR a nivel estatal. Adem\u00e1s, ha sido profesor externo del M\u00e1ster en Readaptaci\u00f3n Deportiva en la Escola Universit\u00e0ria de la Salut i l\u2019Esport &#8211; EUSES (centro adscrito a la Universidad de Girona), impartiendo la asignatura de Fisiopatolog\u00eda y Mecanismo lesional en Traumatolog\u00eda Deportiva. En la actualidad el Dr. Alentorn tambi\u00e9n sirve como Profesor Acreditado por la European Society of Sports Traumatology, Knee Surgery, and Arthroscopy (ESSKA).\nA nivel cient\u00edfico, el Dr. Alentorn ha contribuido de manera significativa en multitud de ponencias en cursos y Congresos nacionales e internacionales (ver Curriculum Vitae) y es autor de 200 publicaciones internacionales en revistas indexadas (Fuente: Google Scholar) y m\u00e1s de 10 cap\u00edtulos de libro internacionales, con un \u00edndice H de 44.\nEl Dr. Eduard Alentorn es miembro de diversas sociedades cient\u00edficas espa\u00f1olas y europeas como la Asociaci\u00f3n Espa\u00f1ola de Artroscopia (AEA), la Sociedad Espa\u00f1ola de Cirug\u00eda de Hombro y Codo (SECHC) o la European Society of Sports Traumatology, Knee Surgery, and Arthroscopy (ESSKA). El Dr. Alentorn ha formado parte de la Junta Directiva de la SECHC y de la secci\u00f3n de hombro dentro de la ESSKA (la secci\u00f3n ESA), y ha servido como miembro del Comit\u00e9 Cient\u00edfico para la organizaci\u00f3n del Congreso bianual de la propia sociedad en dos ocasiones. Eduard Alentorn lleva desarrollando funciones de Editor Asociado para la revista europea Knee Surgery, Sports Traumatology, and Arthroscopy (KSSTA), revista oficial de la ESSKa, durante m\u00e1s de 10 a\u00f1os.\n<\/div><\/div><\/div><\/div><\/div><div id=\"pg-gb211-69e0c85ea02d1-2\"  class=\"panel-grid panel-no-style\" ><div id=\"pgc-gb211-69e0c85ea02d1-2-0\"  class=\"panel-grid-cell panel-grid-cell-empty\" ><\/div><\/div><div id=\"pg-gb211-69e0c85ea02d1-3\"  class=\"panel-grid panel-no-style\" ><div id=\"pgc-gb211-69e0c85ea02d1-3-0\"  class=\"panel-grid-cell panel-grid-cell-empty panel-grid-cell-mobile-last\" ><\/div><div id=\"pgc-gb211-69e0c85ea02d1-3-1\"  class=\"panel-grid-cell panel-grid-cell-empty\" ><\/div><\/div><div id=\"pg-gb211-69e0c85ea02d1-4\"  class=\"panel-grid panel-no-style\" ><div id=\"pgc-gb211-69e0c85ea02d1-4-0\"  class=\"panel-grid-cell\" ><div id=\"panel-gb211-69e0c85ea02d1-4-0-0\" class=\"widget_text so-panel widget widget_custom_html panel-first-child panel-last-child\" data-index=\"2\" ><div class=\"textwidget custom-html-widget\"><link rel=\"stylesheet\" href=\"https:\/\/maxcdn.bootstrapcdn.com\/bootstrap\/4.1.3\/css\/bootstrap.min.css\">\n   <link href=\"https:\/\/maxcdn.bootstrapcdn.com\/font-awesome\/4.7.0\/css\/font-awesome.min.css\" rel=\"stylesheet\">\n   <style>\n\/*FOOTER*\/\n\n.mainfooter {\n  background: #16222A;\n  background: -webkit-linear-gradient(59deg, #155a63, #16222A);\n  background: linear-gradient(59deg, #155adeg, #16222A);\n  color: white;\n  margin-top:2px;\n}\n\n.mainfooter h4 {\n\tfont-size: 1.375em;\n}\n\n.mainfooter a {\n  color: #fff;\n  font-size: 12px;\n  transition-duration: 0.2s;\n}\n\n.mainfooter a:hover {\n  color: #6EBEC9;\n  text-decoration: none;\n}\n\n.copy {\n  font-size: 10px;\n  padding: 0;\n  border-top: 1px solid #FFFFFF;\n}\n\n.footer-middle {\n  padding-top: 0.5em;\n  color: white;\n}\n\n\n\/*SOC\u0130AL \u0130CONS*\/\n\n\/* footer social icons *\/\n\nul.social-network {\n  list-style: none;\n  display: inline;\n  margin-left: 0 !important;\n  padding: 0;\n}\n\nul.social-network li {\n  display: inline;\n  margin: 0 2px;\n}\n\n\n\/* footer social icons *\/\n\n.social-network a.socialIcon:hover,\n.socialHoverClass {\n  color: #44BCDD;\n}\n\/*\n.social-circle li a {\n  display: inline-block;\n  position: relative;\n  margin: 0 auto 0 auto;\n  -moz-border-radius: 50%;\n  -webkit-border-radius: 50%;\n  border-radius: 50%;\n  text-align: center;\n  width: 30px;\n  height: 30px;\n  font-size: 15px;\n}\n*\/\n.social-circle li img {\n  margin: 0;\n  line-height: 30px;\n  text-align: center;\n}\n\n.social-circle li img {\n  display: inline-block;\n  position: relative;\n  margin: 0 auto 2px auto;\n  -moz-border-radius: 25%;\n  -webkit-border-radius: 25%;\n  border-radius: 25%;\n  text-align: center;\n  width: 25px;\n  height: 25px;\n  font-size: 15px;\n}\n\n.social-circle li a:hover i,\n.triggeredHover {\n  -moz-transform: rotate(360deg);\n  -webkit-transform: rotate(360deg);\n  -ms--transform: rotate(360deg);\n  transform: rotate(360deg);\n  -webkit-transition: all 0.2s;\n  -moz-transition: all 0.2s;\n  -o-transition: all 0.2s;\n  -ms-transition: all 0.2s;\n  transition: all 0.2s;\n}\n\n.social-circle li a:hover img,\n.triggeredHover {\n  -moz-transform: rotate(360deg);\n  -webkit-transform: rotate(360deg);\n  -ms--transform: rotate(360deg);\n  transform: rotate(360deg);\n  -webkit-transition: all 0.2s;\n  -moz-transition: all 0.2s;\n  -o-transition: all 0.2s;\n  -ms-transition: all 0.2s;\n  transition: all 0.2s;\n}\n\n.social-circle i {\n  color: #595959;\n  -webkit-transition: all 0.8s;\n  -moz-transition: all 0.8s;\n  -o-transition: all 0.8s;\n  -ms-transition: all 0.8s;\n  transition: all 0.8s;\n}\n\n\n\n.social-network a {\n  background-color: #F9F9F9;\n}\n\n.ic{\n\tfont-size: 16px;\n}\n\n@media only screen and (max-width: 600px) {\n  .copy {\n    margin-top: 15px;\n  }\n}\n\n\n   <\/style>\n   \n\n\n<div class=\"mainfooter\" role=\"contentinfo\">\n  <div class=\"footer-middle\">\n  <div class=\"container\">\n    <div class=\"row\">\n      <div class=\"col-md-3 col-sm-6\">\n        <!--Column1-->\n        <div class=\"footer-pad\">\n          <h4>Dr. Eduard Alentorn Geli<\/h4>\n          <ul class=\"list-unstyled\">\n            \n            <li><a tarjet=\"_blank\" href=\"mailto:info@eduardalentorn.com\"><i class=\"fa fa-envelope ic\"><\/i> info@eduardalentorn.com<\/a><\/li>\n            <li><a tarjet=\"_blank\" href=\"tel:+34938346450\"><i class=\"fa fa-phone ic\"><\/i> +34 613316752<\/a><\/li>\n          <\/ul>\n        <\/div>\n      <\/div>\n      <div class=\"col-md-3 col-sm-6\">\n        <!--Column1-->\n        <div class=\"footer-pad\">\n          <h4>Lugares donde trabajo<\/h4>\n          <ul class=\"list-unstyled\">\n            <li><a href=\"https:\/\/www.mcf.cat\/\" target=\"_blank\" rel=\"noopener noreferrer\">Viu Salut<\/a><\/li>\n\t\t\t\t\t\t<li><a href=\"https:\/\/www.mcf.cat\/\" target=\"_blank\" rel=\"noopener noreferrer\">Zona Wellness &#8211; The Aquatics Medical Center (CNAB)<\/a><\/li>\n\t\t\t\t\t<\/ul>\n        <\/div>\n      <\/div>\n      <div class=\"col-md-3 col-sm-6\">\n        <!--Column1-->\n        <div class=\"footer-pad\">\n          <h4>Enlaces<\/h4>\n          <ul class=\"list-unstyled\">\n            <li><a href=\"https:\/\/www.eduardalentorn.com\/dr\/\" target=\"_blank\" rel=\"noopener noreferrer\">Inicio<\/a><\/li>\n\t\t\t\t\t <li><a href=\"https:\/\/www.eduardalentorn.com\/dr\/contacto\/\" target=\"_blank\" rel=\"noopener noreferrer\">Contacto<\/a><\/li>\n\n            <li><a href=\"http:\/\/www.eduardalentorn.com\/dr\/pedir-hora\/\" target=\"_blank\" rel=\"noopener noreferrer\">Pedir hora<\/a><\/li>\n            <li><a href=\"http:\/\/www.eduardalentorn.com\/dr\/ubicaciones-y-horas\/\" target=\"_blank\" rel=\"noopener noreferrer\">C\u00f3mo llegar<\/a><\/li>\n            <li>\n              <a href=\"#\"><\/a>\n            <\/li>\n          <\/ul>\n        <\/div>\n      <\/div>\n    \t<div class=\"col-md-3 col-sm-6\">\n    \t\t<h4>S\u00edguenos<\/h4>\n            <ul class=\"social-network social-circle\">\n             <li><a href=\"https:\/\/www.facebook.com\/ealentorn\" target=\"_blank\" class=\"icoVumedi\"  title=\"facebook\"><img decoding=\"async\" src=\"https:\/\/www.eduardalentorn.com\/dr\/wp-content\/uploads\/2020\/04\/face.png\"><\/img><\/a><\/li>\n             <li><a href=\"https:\/\/twitter.com\/dralentorngeli?lang=es\" target=\"_blank\" class=\"icoVumedi\" title=\"twitter\"><img decoding=\"async\" src=\"https:\/\/www.eduardalentorn.com\/dr\/wp-content\/uploads\/2024\/11\/image-1.png\"><\/img><\/a><\/li>\n             <li><a href=\"https:\/\/es.linkedin.com\/in\/eduard-alentorn-geli-md-msc-phd-febot-facgme-38017742\" target=\"_blank\" class=\"icoVumedi\" title=\"linkedin\"><img decoding=\"async\" src=\"https:\/\/www.eduardalentorn.com\/dr\/wp-content\/uploads\/2020\/04\/link.png\"><\/img><\/a><\/li>\n             <li><a href=\"https:\/\/instagram.com\/dr.e.alentorn.geli?igshid=dgrgwa2kq3d6\" target=\"_blank\" class=\"icoVumedi\" title=\"instagram\"><img decoding=\"async\" src=\"https:\/\/www.eduardalentorn.com\/dr\/wp-content\/uploads\/2020\/04\/inst.png\"><\/img><\/a><\/li>\n             <li><a href=\"https:\/\/www.youtube.com\/channel\/UC6t1F6qZZ_evlXYvK_i0rtQ\" target=\"_blank\" class=\"icoVumedi\" title=\"youtube\"><img decoding=\"async\" src=\"https:\/\/www.eduardalentorn.com\/dr\/wp-content\/uploads\/2020\/04\/yout.png\"><\/img><\/a><\/li>\n             \n             <li><a href=\"https:\/\/www.vumedi.com\/video\/protesis-artroplastia-humeral-hombro-sin-vastago-dr-eduard-alentorn-geli-spanish\/\" target=\"_blank\" class=\"icoVumedi\" title=\"vumedi\"><img decoding=\"async\" src=\"https:\/\/www.eduardalentorn.com\/dr\/wp-content\/uploads\/2020\/04\/vumedi.png\"><\/img><\/a><\/li>\n             <li><a href=\"https:\/\/videosdemedicina.com\/\" target=\"_blank\" class=\"icoVumedi\" title=\"videos de medicos\"><img decoding=\"async\" src=\"https:\/\/www.eduardalentorn.com\/dr\/wp-content\/uploads\/2020\/04\/vidmed.png\"><\/img><\/a><\/li>\n            <\/ul>\t\t\t\t\n\t\t<\/div>\n\n    <\/div>\n\n\t<div class=\"row\">\n\t\t<div class=\"col-md-12 copy\">\n\t\t\t<p class=\"text-center\" style=\"padding-bottom: 0px; margin-bottom: 5px;\">(C) Copyright 2020 Dr. Eduard Alentorn Geli &#8211; This site was created by <a href=\"funhelps.com\" tarjet=\"_blank\" >Funhelps<\/a> &#8211;   All rights reserved.<\/p>\n\t\t<\/div>\n\t<\/div>\n\n\n  <\/div>\n  <\/div>\n<\/div>\n<\/div><\/div><\/div><\/div><\/div>","protected":false},"excerpt":{"rendered":"","protected":false},"author":1,"featured_media":0,"parent":0,"menu_order":0,"comment_status":"closed","ping_status":"closed","template":"","meta":{"footnotes":""},"class_list":["post-211","page","type-page","status-publish","hentry","post"],"rttpg_featured_image_url":null,"rttpg_author":{"display_name":"miguel","author_link":"https:\/\/www.eduardalentorn.com\/dr\/author\/miguel\/"},"rttpg_comment":0,"rttpg_category":" <a href=\"https:\/\/www.eduardalentorn.com\/dr\/\" rel=\"tag\">Espa\u00f1ol<\/a>","rttpg_excerpt":null,"_links":{"self":[{"href":"https:\/\/www.eduardalentorn.com\/dr\/wp-json\/wp\/v2\/pages\/211","targetHints":{"allow":["GET"]}}],"collection":[{"href":"https:\/\/www.eduardalentorn.com\/dr\/wp-json\/wp\/v2\/pages"}],"about":[{"href":"https:\/\/www.eduardalentorn.com\/dr\/wp-json\/wp\/v2\/types\/page"}],"author":[{"embeddable":true,"href":"https:\/\/www.eduardalentorn.com\/dr\/wp-json\/wp\/v2\/users\/1"}],"replies":[{"embeddable":true,"href":"https:\/\/www.eduardalentorn.com\/dr\/wp-json\/wp\/v2\/comments?post=211"}],"version-history":[{"count":8,"href":"https:\/\/www.eduardalentorn.com\/dr\/wp-json\/wp\/v2\/pages\/211\/revisions"}],"predecessor-version":[{"id":2521,"href":"https:\/\/www.eduardalentorn.com\/dr\/wp-json\/wp\/v2\/pages\/211\/revisions\/2521"}],"wp:attachment":[{"href":"https:\/\/www.eduardalentorn.com\/dr\/wp-json\/wp\/v2\/media?parent=211"}],"curies":[{"name":"wp","href":"https:\/\/api.w.org\/{rel}","templated":true}]}}