{"id":33,"date":"2020-03-27T12:31:17","date_gmt":"2020-03-27T12:31:17","guid":{"rendered":"https:\/\/www.eduardalentorn.com\/dr\/?page_id=33"},"modified":"2024-11-28T09:27:15","modified_gmt":"2024-11-28T09:27:15","slug":"perfil","status":"publish","type":"page","link":"https:\/\/www.eduardalentorn.com\/dr\/perfil\/","title":{"rendered":"perfil"},"content":{"rendered":"<div id=\"pl-gb33-6a04648d663a5\"  class=\"panel-layout\" ><div id=\"pg-gb33-6a04648d663a5-0\"  class=\"panel-grid panel-no-style\" ><div id=\"pgc-gb33-6a04648d663a5-0-0\"  class=\"panel-grid-cell\" ><div id=\"panel-gb33-6a04648d663a5-0-0-0\" class=\"so-panel widget widget_sow-headline panel-first-child panel-last-child\" data-index=\"0\" ><div\n\t\t\t\n\t\t\tclass=\"so-widget-sow-headline so-widget-sow-headline-default-2a567a58f3f7-33\"\n\t\t\t\n\t\t><div class=\"sow-headline-container \">\n\t\t\t\t\t\t\t<h3 class=\"sow-headline\">\n\t\t\t\t\t\tPerfil\t\t\t\t\t\t<\/h3>\n\t\t\t\t\t\t\t\t\t\t\t<div class=\"decoration\">\n\t\t\t\t\t\t<div class=\"decoration-inside\"><\/div>\n\t\t\t\t\t<\/div>\n\t\t\t\t\t<\/div>\n<\/div><\/div><\/div><\/div><div id=\"pg-gb33-6a04648d663a5-1\"  class=\"panel-grid panel-no-style\" ><div id=\"pgc-gb33-6a04648d663a5-1-0\"  class=\"panel-grid-cell\" ><div id=\"panel-gb33-6a04648d663a5-1-0-0\" class=\"widget_text so-panel widget widget_custom_html panel-first-child panel-last-child\" data-index=\"1\" ><div class=\"widget_text home-content-text panel-widget-style panel-widget-style-for-gb33-6a04648d663a5-1-0-0\" ><div class=\"textwidget custom-html-widget\">\nEl Dr. Eduard Alentorn Geli es un cirujano ortopeda y traumat\u00f3logo especialista en hombro, codo, rodilla y traumatolog\u00eda deportiva. Es un cirujano con vocaci\u00f3n cuyo \u00fanico inter\u00e9s es mejorar la calidad de vida de los pacientes. Tiene el perfil de m\u00e9dico emp\u00e1tico, atento, respetuoso, humano, responsable, trabajador, muy profesional, y que dedica el tiempo necesario disponible a cada paciente para tratar de buscar la mejor alternativa de tratamiento, bien sea un tratamiento conservador o quir\u00fargico.\nEl Dr. Alentorn siempre tiene la mejor predisposici\u00f3n para ayudar al paciente cuando sea posible. En consultas, el Doctor realiza una pormenorizada entrevista dirigida a cada paciente para obtener datos importantes de lo que los pacientes explican que ayudan al diagn\u00f3stico, y posteriormente una exhaustiva exploraci\u00f3n f\u00edsica. Ambos aspectos son cruciales, a su parecer, para llegar a un diagn\u00f3stico acertado. Luego se valoran las pruebas de imagen para contribuir a la confirmaci\u00f3n del diagn\u00f3stico. Es importante, a su juicio, evaluar las im\u00e1genes por s\u00ed mismo y no \u00fanicamente el informe. En casos de tratamiento quir\u00fargico, el Dr. Alentorn siempre intenta adaptarse a las necesidades del paciente en cuanto a tipo de tratamiento y momento de la cirug\u00eda. En quir\u00f3fano, cuida todos los detalles para hacer la experiencia al paciente lo m\u00e1s c\u00f3moda y atraum\u00e1tica posibles. Es un cirujano muy preciso, met\u00f3dico, concentrado y perfeccionista: \u201cLe pregunt\u00e9 al Doctor cuanto tardar\u00eda en realizarme la cirug\u00eda, y me contest\u00f3 que lo necesario para que quedara perfecto\u201d, asegura una paciente.\nEl Dr. Alentorn se ha formado en Espa\u00f1a, Estados Unidos y Europa, con un total de 3 a\u00f1os en el extranjero, atendiendo a diversos centros de renombre mundial para obtener una formaci\u00f3n lo m\u00e1s buena y completa.\nSu perfil de m\u00e9dico entregado al cuidado del paciente le hace estar encima de sus pacientes operados, con estrechos seguimientos durante el ingreso en el Hospital y en Consultas Externas. La manera de ejercer la medicina y su filosof\u00eda como m\u00e9dico est\u00e1n condicionadas por su enorme vocaci\u00f3n y su formaci\u00f3n en el considerado como mejor hospital de Estados Unidos y probablemente del mundo, la Cl\u00ednica Mayo de Rochester, cuyo lema es \u201clas necesidades de los pacientes son lo primero\u201d.\n<\/div><\/div><\/div><\/div><\/div><\/div>\n\n<div id=\"pl-gb33-6a04648d73224\"  class=\"panel-layout\" ><div id=\"pg-gb33-6a04648d73224-0\"  class=\"panel-grid panel-no-style\" ><div id=\"pgc-gb33-6a04648d73224-0-0\"  class=\"panel-grid-cell\" ><div id=\"panel-gb33-6a04648d73224-0-0-0\" class=\"widget_text so-panel widget widget_custom_html panel-first-child panel-last-child\" data-index=\"0\" ><div class=\"textwidget custom-html-widget\"><link rel=\"stylesheet\" href=\"https:\/\/maxcdn.bootstrapcdn.com\/bootstrap\/4.1.3\/css\/bootstrap.min.css\">\n   <link href=\"https:\/\/maxcdn.bootstrapcdn.com\/font-awesome\/4.7.0\/css\/font-awesome.min.css\" rel=\"stylesheet\">\n   <style>\n\/*FOOTER*\/\n\n.mainfooter {\n  background: #16222A;\n  background: -webkit-linear-gradient(59deg, #155a63, #16222A);\n  background: linear-gradient(59deg, #155adeg, #16222A);\n  color: white;\n  margin-top:2px;\n}\n\n.mainfooter h4 {\n\tfont-size: 1.375em;\n}\n\n.mainfooter a {\n  color: #fff;\n  font-size: 12px;\n  transition-duration: 0.2s;\n}\n\n.mainfooter a:hover {\n  color: #6EBEC9;\n  text-decoration: none;\n}\n\n.copy {\n  font-size: 10px;\n  padding: 0;\n  border-top: 1px solid #FFFFFF;\n}\n\n.footer-middle {\n  padding-top: 0.5em;\n  color: white;\n}\n\n\n\/*SOC\u0130AL \u0130CONS*\/\n\n\/* footer social icons *\/\n\nul.social-network {\n  list-style: none;\n  display: inline;\n  margin-left: 0 !important;\n  padding: 0;\n}\n\nul.social-network li {\n  display: inline;\n  margin: 0 2px;\n}\n\n\n\/* footer social icons *\/\n\n.social-network a.socialIcon:hover,\n.socialHoverClass {\n  color: #44BCDD;\n}\n\/*\n.social-circle li a {\n  display: inline-block;\n  position: relative;\n  margin: 0 auto 0 auto;\n  -moz-border-radius: 50%;\n  -webkit-border-radius: 50%;\n  border-radius: 50%;\n  text-align: center;\n  width: 30px;\n  height: 30px;\n  font-size: 15px;\n}\n*\/\n.social-circle li img {\n  margin: 0;\n  line-height: 30px;\n  text-align: center;\n}\n\n.social-circle li img {\n  display: inline-block;\n  position: relative;\n  margin: 0 auto 2px auto;\n  -moz-border-radius: 25%;\n  -webkit-border-radius: 25%;\n  border-radius: 25%;\n  text-align: center;\n  width: 25px;\n  height: 25px;\n  font-size: 15px;\n}\n\n.social-circle li a:hover i,\n.triggeredHover {\n  -moz-transform: rotate(360deg);\n  -webkit-transform: rotate(360deg);\n  -ms--transform: rotate(360deg);\n  transform: rotate(360deg);\n  -webkit-transition: all 0.2s;\n  -moz-transition: all 0.2s;\n  -o-transition: all 0.2s;\n  -ms-transition: all 0.2s;\n  transition: all 0.2s;\n}\n\n.social-circle li a:hover img,\n.triggeredHover {\n  -moz-transform: rotate(360deg);\n  -webkit-transform: rotate(360deg);\n  -ms--transform: rotate(360deg);\n  transform: rotate(360deg);\n  -webkit-transition: all 0.2s;\n  -moz-transition: all 0.2s;\n  -o-transition: all 0.2s;\n  -ms-transition: all 0.2s;\n  transition: all 0.2s;\n}\n\n.social-circle i {\n  color: #595959;\n  -webkit-transition: all 0.8s;\n  -moz-transition: all 0.8s;\n  -o-transition: all 0.8s;\n  -ms-transition: all 0.8s;\n  transition: all 0.8s;\n}\n\n\n\n.social-network a {\n  background-color: #F9F9F9;\n}\n\n.ic{\n\tfont-size: 16px;\n}\n\n@media only screen and (max-width: 600px) {\n  .copy {\n    margin-top: 15px;\n  }\n}\n\n\n   <\/style>\n   \n\n\n<div class=\"mainfooter\" role=\"contentinfo\">\n  <div class=\"footer-middle\">\n  <div class=\"container\">\n    <div class=\"row\">\n      <div class=\"col-md-3 col-sm-6\">\n        <!--Column1-->\n        <div class=\"footer-pad\">\n          <h4>Dr. Eduard Alentorn Geli<\/h4>\n          <ul class=\"list-unstyled\">\n            \n            <li><a tarjet=\"_blank\" href=\"mailto:info@eduardalentorn.com\"><i class=\"fa fa-envelope ic\"><\/i> info@eduardalentorn.com<\/a><\/li>\n            <li><a tarjet=\"_blank\" href=\"tel:+34938346450\"><i class=\"fa fa-phone ic\"><\/i> +34 613316752<\/a><\/li>\n          <\/ul>\n        <\/div>\n      <\/div>\n      <div class=\"col-md-3 col-sm-6\">\n        <!--Column1-->\n        <div class=\"footer-pad\">\n          <h4>Lugares donde trabajo<\/h4>\n          <ul class=\"list-unstyled\">\n            <li><a href=\"https:\/\/www.mcf.cat\/\" target=\"_blank\" rel=\"noopener noreferrer\">Viu Salut<\/a><\/li>\n\t\t\t\t\t\t<li><a href=\"https:\/\/www.mcf.cat\/\" target=\"_blank\" rel=\"noopener noreferrer\">Zona Wellness &#8211; The Aquatics Medical Center (CNAB)<\/a><\/li>\n\t\t\t\t\t<\/ul>\n        <\/div>\n      <\/div>\n      <div class=\"col-md-3 col-sm-6\">\n        <!--Column1-->\n        <div class=\"footer-pad\">\n          <h4>Enlaces<\/h4>\n          <ul class=\"list-unstyled\">\n            <li><a href=\"https:\/\/www.eduardalentorn.com\/dr\/\" target=\"_blank\" rel=\"noopener noreferrer\">Inicio<\/a><\/li>\n\t\t\t\t\t <li><a href=\"https:\/\/www.eduardalentorn.com\/dr\/contacto\/\" target=\"_blank\" rel=\"noopener noreferrer\">Contacto<\/a><\/li>\n\n            <li><a href=\"http:\/\/www.eduardalentorn.com\/dr\/pedir-hora\/\" target=\"_blank\" rel=\"noopener noreferrer\">Pedir hora<\/a><\/li>\n            <li><a href=\"http:\/\/www.eduardalentorn.com\/dr\/ubicaciones-y-horas\/\" target=\"_blank\" rel=\"noopener noreferrer\">C\u00f3mo llegar<\/a><\/li>\n            <li>\n              <a href=\"#\"><\/a>\n            <\/li>\n          <\/ul>\n        <\/div>\n      <\/div>\n    \t<div class=\"col-md-3 col-sm-6\">\n    \t\t<h4>S\u00edguenos<\/h4>\n            <ul class=\"social-network social-circle\">\n             <li><a href=\"https:\/\/www.facebook.com\/ealentorn\" target=\"_blank\" class=\"icoVumedi\"  title=\"facebook\"><img decoding=\"async\" src=\"https:\/\/www.eduardalentorn.com\/dr\/wp-content\/uploads\/2020\/04\/face.png\"><\/img><\/a><\/li>\n             <li><a href=\"https:\/\/twitter.com\/dralentorngeli?lang=es\" target=\"_blank\" class=\"icoVumedi\" title=\"twitter\"><img decoding=\"async\" src=\"https:\/\/www.eduardalentorn.com\/dr\/wp-content\/uploads\/2024\/11\/image-1.png\"><\/img><\/a><\/li>\n             <li><a href=\"https:\/\/es.linkedin.com\/in\/eduard-alentorn-geli-md-msc-phd-febot-facgme-38017742\" target=\"_blank\" class=\"icoVumedi\" title=\"linkedin\"><img decoding=\"async\" src=\"https:\/\/www.eduardalentorn.com\/dr\/wp-content\/uploads\/2020\/04\/link.png\"><\/img><\/a><\/li>\n             <li><a href=\"https:\/\/instagram.com\/dr.e.alentorn.geli?igshid=dgrgwa2kq3d6\" target=\"_blank\" class=\"icoVumedi\" title=\"instagram\"><img decoding=\"async\" src=\"https:\/\/www.eduardalentorn.com\/dr\/wp-content\/uploads\/2020\/04\/inst.png\"><\/img><\/a><\/li>\n             <li><a href=\"https:\/\/www.youtube.com\/channel\/UC6t1F6qZZ_evlXYvK_i0rtQ\" target=\"_blank\" class=\"icoVumedi\" title=\"youtube\"><img decoding=\"async\" src=\"https:\/\/www.eduardalentorn.com\/dr\/wp-content\/uploads\/2020\/04\/yout.png\"><\/img><\/a><\/li>\n             \n             <li><a href=\"https:\/\/www.vumedi.com\/video\/protesis-artroplastia-humeral-hombro-sin-vastago-dr-eduard-alentorn-geli-spanish\/\" target=\"_blank\" class=\"icoVumedi\" title=\"vumedi\"><img decoding=\"async\" src=\"https:\/\/www.eduardalentorn.com\/dr\/wp-content\/uploads\/2020\/04\/vumedi.png\"><\/img><\/a><\/li>\n             <li><a href=\"https:\/\/videosdemedicina.com\/\" target=\"_blank\" class=\"icoVumedi\" title=\"videos de medicos\"><img decoding=\"async\" src=\"https:\/\/www.eduardalentorn.com\/dr\/wp-content\/uploads\/2020\/04\/vidmed.png\"><\/img><\/a><\/li>\n            <\/ul>\t\t\t\t\n\t\t<\/div>\n\n    <\/div>\n\n\t<div class=\"row\">\n\t\t<div class=\"col-md-12 copy\">\n\t\t\t<p class=\"text-center\" style=\"padding-bottom: 0px; margin-bottom: 5px;\">(C) Copyright 2020 Dr. Eduard Alentorn Geli &#8211; This site was created by <a href=\"funhelps.com\" tarjet=\"_blank\" >Funhelps<\/a> &#8211;   All rights reserved.<\/p>\n\t\t<\/div>\n\t<\/div>\n\n\n  <\/div>\n  <\/div>\n<\/div>\n<\/div><\/div><\/div><\/div><\/div>","protected":false},"excerpt":{"rendered":"","protected":false},"author":1,"featured_media":0,"parent":0,"menu_order":0,"comment_status":"closed","ping_status":"closed","template":"","meta":{"footnotes":""},"class_list":["post-33","page","type-page","status-publish","hentry","post"],"rttpg_featured_image_url":null,"rttpg_author":{"display_name":"miguel","author_link":"https:\/\/www.eduardalentorn.com\/dr\/author\/miguel\/"},"rttpg_comment":0,"rttpg_category":" <a href=\"https:\/\/www.eduardalentorn.com\/dr\/\" rel=\"tag\">Espa\u00f1ol<\/a>","rttpg_excerpt":null,"_links":{"self":[{"href":"https:\/\/www.eduardalentorn.com\/dr\/wp-json\/wp\/v2\/pages\/33","targetHints":{"allow":["GET"]}}],"collection":[{"href":"https:\/\/www.eduardalentorn.com\/dr\/wp-json\/wp\/v2\/pages"}],"about":[{"href":"https:\/\/www.eduardalentorn.com\/dr\/wp-json\/wp\/v2\/types\/page"}],"author":[{"embeddable":true,"href":"https:\/\/www.eduardalentorn.com\/dr\/wp-json\/wp\/v2\/users\/1"}],"replies":[{"embeddable":true,"href":"https:\/\/www.eduardalentorn.com\/dr\/wp-json\/wp\/v2\/comments?post=33"}],"version-history":[{"count":20,"href":"https:\/\/www.eduardalentorn.com\/dr\/wp-json\/wp\/v2\/pages\/33\/revisions"}],"predecessor-version":[{"id":2500,"href":"https:\/\/www.eduardalentorn.com\/dr\/wp-json\/wp\/v2\/pages\/33\/revisions\/2500"}],"wp:attachment":[{"href":"https:\/\/www.eduardalentorn.com\/dr\/wp-json\/wp\/v2\/media?parent=33"}],"curies":[{"name":"wp","href":"https:\/\/api.w.org\/{rel}","templated":true}]}}