{"id":780,"date":"2024-11-14T11:01:31","date_gmt":"2024-11-14T11:01:31","guid":{"rendered":"https:\/\/www.eduardalentorn.com\/dr\/?page_id=780"},"modified":"2024-11-28T09:19:15","modified_gmt":"2024-11-28T09:19:15","slug":"filosofia","status":"publish","type":"page","link":"https:\/\/www.eduardalentorn.com\/dr\/filosofia\/","title":{"rendered":"Filosofia"},"content":{"rendered":"<div id=\"pl-gb780-69e734ae6961f\"  class=\"panel-layout\" ><div id=\"pg-gb780-69e734ae6961f-0\"  class=\"panel-grid panel-no-style\" ><div id=\"pgc-gb780-69e734ae6961f-0-0\"  class=\"panel-grid-cell\" ><div id=\"panel-gb780-69e734ae6961f-0-0-0\" class=\"so-panel widget widget_sow-headline panel-first-child panel-last-child\" data-index=\"0\" ><div\n\t\t\t\n\t\t\tclass=\"so-widget-sow-headline so-widget-sow-headline-default-2a567a58f3f7-780\"\n\t\t\t\n\t\t><div class=\"sow-headline-container \">\n\t\t\t\t\t\t\t<h3 class=\"sow-headline\">\n\t\t\t\t\t\tFilosofia\t\t\t\t\t\t<\/h3>\n\t\t\t\t\t\t\t\t\t\t\t<div class=\"decoration\">\n\t\t\t\t\t\t<div class=\"decoration-inside\"><\/div>\n\t\t\t\t\t<\/div>\n\t\t\t\t\t<\/div>\n<\/div><\/div><\/div><\/div><div id=\"pg-gb780-69e734ae6961f-1\"  class=\"panel-grid panel-no-style\" ><div id=\"pgc-gb780-69e734ae6961f-1-0\"  class=\"panel-grid-cell\" ><div id=\"panel-gb780-69e734ae6961f-1-0-0\" class=\"widget_text so-panel widget widget_custom_html panel-first-child panel-last-child\" data-index=\"1\" ><div class=\"widget_text home-content-text panel-widget-style panel-widget-style-for-gb780-69e734ae6961f-1-0-0\" ><div class=\"textwidget custom-html-widget\"><!DOCTYPE html>\n<html lang=\"es\">\n<head>\n    <meta charset=\"UTF-8\">\n    <meta name=\"viewport\" content=\"width=device-width, initial-scale=1.0\">\n    <title>Filosof\u00eda del Dr. Eduard Alentorn<\/title>\n<\/head>\n<body>\n    <p>La Filosof\u00eda del Dr. Eduard Alentorn est\u00e1 fuertemente influenciada por la Cl\u00ednica Mayo de Rochester y la Duke University de Carolina del Norte (Estados Unidos), por todos sus mentores, y por su vocaci\u00f3n m\u00e9dica. En esencia, El Dr. Alentorn busca ayudar a sus pacientes de un modo emp\u00e1tico, compasivo y profesional. Los principios b\u00e1sicos o diez mandamientos de su actuar como persona, m\u00e9dico y cirujano son:<\/p>\n    \n    <ul>\n        <li><strong>Escuchar bien al paciente:<\/strong> Es importante escuchar al paciente, puesto que lo que nos dice muchas veces contiene la respuesta a lo que le pasa.<\/li>\n        <li><strong>Explorar bien al paciente:<\/strong> La exploraci\u00f3n f\u00edsica es b\u00e1sica, puesto que los hallazgos en las pruebas de imagen pueden no tener nada que ver con lo que siente el paciente.<\/li>\n        <li><strong>Revisar las im\u00e1genes por uno mismo:<\/strong> Es importante revisar las im\u00e1genes por uno mismo, apoy\u00e1ndose en el radi\u00f3logo, pero no basar ninguna decisi\u00f3n en un informe de radiolog\u00eda.<\/li>\n        <li><strong>Primero no da\u00f1ar (\u201cprimum non nocere\u201d):<\/strong> Siempre debe ofrecerse al paciente un tratamiento que no cierre ninguna puerta, pero que a la vez sea lo m\u00e1s eficaz posible. Por principios, las opciones deben ir de menos agresivas a opciones m\u00e1s agresivas.<\/li>\n        <li><strong>Plan terap\u00e9utico personalizado:<\/strong> Dado que cada paciente es diferente, es fundamental adaptar el tratamiento al paciente. La eficacia de un tratamiento puede variar mucho en funci\u00f3n de la persona. Las necesidades de los pacientes vienen primero (William J. Mayo).<\/li>\n        <li><strong>Confianza bilateral:<\/strong> Es crucial que el paciente conf\u00ede en su m\u00e9dico y viceversa. El m\u00e9dico debe conseguir de una manera sincera y honesta ganarse la confianza de su paciente.<\/li>\n        <li><strong>Principio del actuar m\u00e9dico:<\/strong> Escuchar, Explorar y Elaborar un diagn\u00f3stico y Ejecutar el plan terap\u00e9utico.<\/li>\n        <li><strong>La pregunta m\u00e1s importante:<\/strong> El plan de tratamiento que debe plantearse al paciente tiene que responder a la siguiente pregunta: \u00bfQu\u00e9 me har\u00eda a m\u00ed mismo si me encontrara con el mismo diagn\u00f3stico en su misma situaci\u00f3n?<\/li>\n        <li><strong>El paciente debe entender lo que tiene:<\/strong> La educaci\u00f3n del paciente es fundamental. \u201cLa curaci\u00f3n de un paciente empieza cuando entiende su enfermedad\u201d (Eduard Alentorn Geli).<\/li>\n        <li><strong>Trabajo en equipo:<\/strong> El trabajo en equipo es importante. \u201cNadie es lo suficientemente grande como para ser independiente de los dem\u00e1s\u201d (William W. Mayo).<\/li>\n    <\/ul>\n<\/body>\n<\/html>\n<\/div><\/div><\/div><\/div><\/div><div id=\"pg-gb780-69e734ae6961f-2\"  class=\"panel-grid panel-no-style\" ><div id=\"pgc-gb780-69e734ae6961f-2-0\"  class=\"panel-grid-cell panel-grid-cell-empty\" ><\/div><\/div><div id=\"pg-gb780-69e734ae6961f-3\"  class=\"panel-grid panel-no-style\" ><div id=\"pgc-gb780-69e734ae6961f-3-0\"  class=\"panel-grid-cell panel-grid-cell-empty panel-grid-cell-mobile-last\" ><\/div><div id=\"pgc-gb780-69e734ae6961f-3-1\"  class=\"panel-grid-cell panel-grid-cell-empty\" ><\/div><\/div><div id=\"pg-gb780-69e734ae6961f-4\"  class=\"panel-grid panel-no-style\" ><div id=\"pgc-gb780-69e734ae6961f-4-0\"  class=\"panel-grid-cell\" ><div id=\"panel-gb780-69e734ae6961f-4-0-0\" class=\"widget_text so-panel widget widget_custom_html panel-first-child panel-last-child\" data-index=\"2\" ><div class=\"textwidget custom-html-widget\"><link rel=\"stylesheet\" href=\"https:\/\/maxcdn.bootstrapcdn.com\/bootstrap\/4.1.3\/css\/bootstrap.min.css\">\n   <link href=\"https:\/\/maxcdn.bootstrapcdn.com\/font-awesome\/4.7.0\/css\/font-awesome.min.css\" rel=\"stylesheet\">\n   <style>\n\/*FOOTER*\/\n\n.mainfooter {\n  background: #16222A;\n  background: -webkit-linear-gradient(59deg, #155a63, #16222A);\n  background: linear-gradient(59deg, #155adeg, #16222A);\n  color: white;\n  margin-top:2px;\n}\n\n.mainfooter h4 {\n\tfont-size: 1.375em;\n}\n\n.mainfooter a {\n  color: #fff;\n  font-size: 12px;\n  transition-duration: 0.2s;\n}\n\n.mainfooter a:hover {\n  color: #6EBEC9;\n  text-decoration: none;\n}\n\n.copy {\n  font-size: 10px;\n  padding: 0;\n  border-top: 1px solid #FFFFFF;\n}\n\n.footer-middle {\n  padding-top: 0.5em;\n  color: white;\n}\n\n\n\/*SOC\u0130AL \u0130CONS*\/\n\n\/* footer social icons *\/\n\nul.social-network {\n  list-style: none;\n  display: inline;\n  margin-left: 0 !important;\n  padding: 0;\n}\n\nul.social-network li {\n  display: inline;\n  margin: 0 2px;\n}\n\n\n\/* footer social icons *\/\n\n.social-network a.socialIcon:hover,\n.socialHoverClass {\n  color: #44BCDD;\n}\n\/*\n.social-circle li a {\n  display: inline-block;\n  position: relative;\n  margin: 0 auto 0 auto;\n  -moz-border-radius: 50%;\n  -webkit-border-radius: 50%;\n  border-radius: 50%;\n  text-align: center;\n  width: 30px;\n  height: 30px;\n  font-size: 15px;\n}\n*\/\n.social-circle li img {\n  margin: 0;\n  line-height: 30px;\n  text-align: center;\n}\n\n.social-circle li img {\n  display: inline-block;\n  position: relative;\n  margin: 0 auto 2px auto;\n  -moz-border-radius: 25%;\n  -webkit-border-radius: 25%;\n  border-radius: 25%;\n  text-align: center;\n  width: 25px;\n  height: 25px;\n  font-size: 15px;\n}\n\n.social-circle li a:hover i,\n.triggeredHover {\n  -moz-transform: rotate(360deg);\n  -webkit-transform: rotate(360deg);\n  -ms--transform: rotate(360deg);\n  transform: rotate(360deg);\n  -webkit-transition: all 0.2s;\n  -moz-transition: all 0.2s;\n  -o-transition: all 0.2s;\n  -ms-transition: all 0.2s;\n  transition: all 0.2s;\n}\n\n.social-circle li a:hover img,\n.triggeredHover {\n  -moz-transform: rotate(360deg);\n  -webkit-transform: rotate(360deg);\n  -ms--transform: rotate(360deg);\n  transform: rotate(360deg);\n  -webkit-transition: all 0.2s;\n  -moz-transition: all 0.2s;\n  -o-transition: all 0.2s;\n  -ms-transition: all 0.2s;\n  transition: all 0.2s;\n}\n\n.social-circle i {\n  color: #595959;\n  -webkit-transition: all 0.8s;\n  -moz-transition: all 0.8s;\n  -o-transition: all 0.8s;\n  -ms-transition: all 0.8s;\n  transition: all 0.8s;\n}\n\n\n\n.social-network a {\n  background-color: #F9F9F9;\n}\n\n.ic{\n\tfont-size: 16px;\n}\n\n@media only screen and (max-width: 600px) {\n  .copy {\n    margin-top: 15px;\n  }\n}\n\n\n   <\/style>\n   \n\n\n<div class=\"mainfooter\" role=\"contentinfo\">\n  <div class=\"footer-middle\">\n  <div class=\"container\">\n    <div class=\"row\">\n      <div class=\"col-md-3 col-sm-6\">\n        <!--Column1-->\n        <div class=\"footer-pad\">\n          <h4>Dr. Eduard Alentorn Geli<\/h4>\n          <ul class=\"list-unstyled\">\n            \n            <li><a tarjet=\"_blank\" href=\"mailto:info@eduardalentorn.com\"><i class=\"fa fa-envelope ic\"><\/i> info@eduardalentorn.com<\/a><\/li>\n            <li><a tarjet=\"_blank\" href=\"tel:+34938346450\"><i class=\"fa fa-phone ic\"><\/i> +34 613316752<\/a><\/li>\n          <\/ul>\n        <\/div>\n      <\/div>\n      <div class=\"col-md-3 col-sm-6\">\n        <!--Column1-->\n        <div class=\"footer-pad\">\n          <h4>Lugares donde trabajo<\/h4>\n          <ul class=\"list-unstyled\">\n            <li><a href=\"https:\/\/www.mcf.cat\/\" target=\"_blank\" rel=\"noopener noreferrer\">Viu Salut<\/a><\/li>\n\t\t\t\t\t\t<li><a href=\"https:\/\/www.mcf.cat\/\" target=\"_blank\" rel=\"noopener noreferrer\">Zona Wellness &#8211; The Aquatics Medical Center (CNAB)<\/a><\/li>\n\t\t\t\t\t<\/ul>\n        <\/div>\n      <\/div>\n      <div class=\"col-md-3 col-sm-6\">\n        <!--Column1-->\n        <div class=\"footer-pad\">\n          <h4>Enlaces<\/h4>\n          <ul class=\"list-unstyled\">\n            <li><a href=\"https:\/\/www.eduardalentorn.com\/dr\/\" target=\"_blank\" rel=\"noopener noreferrer\">Inicio<\/a><\/li>\n\t\t\t\t\t <li><a href=\"https:\/\/www.eduardalentorn.com\/dr\/contacto\/\" target=\"_blank\" rel=\"noopener noreferrer\">Contacto<\/a><\/li>\n\n            <li><a href=\"http:\/\/www.eduardalentorn.com\/dr\/pedir-hora\/\" target=\"_blank\" rel=\"noopener noreferrer\">Pedir hora<\/a><\/li>\n            <li><a href=\"http:\/\/www.eduardalentorn.com\/dr\/ubicaciones-y-horas\/\" target=\"_blank\" rel=\"noopener noreferrer\">C\u00f3mo llegar<\/a><\/li>\n            <li>\n              <a href=\"#\"><\/a>\n            <\/li>\n          <\/ul>\n        <\/div>\n      <\/div>\n    \t<div class=\"col-md-3 col-sm-6\">\n    \t\t<h4>S\u00edguenos<\/h4>\n            <ul class=\"social-network social-circle\">\n             <li><a href=\"https:\/\/www.facebook.com\/ealentorn\" target=\"_blank\" class=\"icoVumedi\"  title=\"facebook\"><img decoding=\"async\" src=\"https:\/\/www.eduardalentorn.com\/dr\/wp-content\/uploads\/2020\/04\/face.png\"><\/img><\/a><\/li>\n             <li><a href=\"https:\/\/twitter.com\/dralentorngeli?lang=es\" target=\"_blank\" class=\"icoVumedi\" title=\"twitter\"><img decoding=\"async\" src=\"https:\/\/www.eduardalentorn.com\/dr\/wp-content\/uploads\/2024\/11\/image-1.png\"><\/img><\/a><\/li>\n             <li><a href=\"https:\/\/es.linkedin.com\/in\/eduard-alentorn-geli-md-msc-phd-febot-facgme-38017742\" target=\"_blank\" class=\"icoVumedi\" title=\"linkedin\"><img decoding=\"async\" src=\"https:\/\/www.eduardalentorn.com\/dr\/wp-content\/uploads\/2020\/04\/link.png\"><\/img><\/a><\/li>\n             <li><a href=\"https:\/\/instagram.com\/dr.e.alentorn.geli?igshid=dgrgwa2kq3d6\" target=\"_blank\" class=\"icoVumedi\" title=\"instagram\"><img decoding=\"async\" src=\"https:\/\/www.eduardalentorn.com\/dr\/wp-content\/uploads\/2020\/04\/inst.png\"><\/img><\/a><\/li>\n             <li><a href=\"https:\/\/www.youtube.com\/channel\/UC6t1F6qZZ_evlXYvK_i0rtQ\" target=\"_blank\" class=\"icoVumedi\" title=\"youtube\"><img decoding=\"async\" src=\"https:\/\/www.eduardalentorn.com\/dr\/wp-content\/uploads\/2020\/04\/yout.png\"><\/img><\/a><\/li>\n             \n             <li><a href=\"https:\/\/www.vumedi.com\/video\/protesis-artroplastia-humeral-hombro-sin-vastago-dr-eduard-alentorn-geli-spanish\/\" target=\"_blank\" class=\"icoVumedi\" title=\"vumedi\"><img decoding=\"async\" src=\"https:\/\/www.eduardalentorn.com\/dr\/wp-content\/uploads\/2020\/04\/vumedi.png\"><\/img><\/a><\/li>\n             <li><a href=\"https:\/\/videosdemedicina.com\/\" target=\"_blank\" class=\"icoVumedi\" title=\"videos de medicos\"><img decoding=\"async\" src=\"https:\/\/www.eduardalentorn.com\/dr\/wp-content\/uploads\/2020\/04\/vidmed.png\"><\/img><\/a><\/li>\n            <\/ul>\t\t\t\t\n\t\t<\/div>\n\n    <\/div>\n\n\t<div class=\"row\">\n\t\t<div class=\"col-md-12 copy\">\n\t\t\t<p class=\"text-center\" style=\"padding-bottom: 0px; margin-bottom: 5px;\">(C) Copyright 2020 Dr. Eduard Alentorn Geli &#8211; This site was created by <a href=\"funhelps.com\" tarjet=\"_blank\" >Funhelps<\/a> &#8211;   All rights reserved.<\/p>\n\t\t<\/div>\n\t<\/div>\n\n\n  <\/div>\n  <\/div>\n<\/div>\n<\/div><\/div><\/div><\/div><\/div>","protected":false},"excerpt":{"rendered":"","protected":false},"author":2,"featured_media":0,"parent":0,"menu_order":0,"comment_status":"closed","ping_status":"closed","template":"","meta":{"footnotes":""},"class_list":["post-780","page","type-page","status-publish","hentry","post"],"rttpg_featured_image_url":null,"rttpg_author":{"display_name":"info info","author_link":"https:\/\/www.eduardalentorn.com\/dr\/author\/info\/"},"rttpg_comment":0,"rttpg_category":" <a href=\"https:\/\/www.eduardalentorn.com\/dr\/\" rel=\"tag\">Espa\u00f1ol<\/a>","rttpg_excerpt":null,"_links":{"self":[{"href":"https:\/\/www.eduardalentorn.com\/dr\/wp-json\/wp\/v2\/pages\/780","targetHints":{"allow":["GET"]}}],"collection":[{"href":"https:\/\/www.eduardalentorn.com\/dr\/wp-json\/wp\/v2\/pages"}],"about":[{"href":"https:\/\/www.eduardalentorn.com\/dr\/wp-json\/wp\/v2\/types\/page"}],"author":[{"embeddable":true,"href":"https:\/\/www.eduardalentorn.com\/dr\/wp-json\/wp\/v2\/users\/2"}],"replies":[{"embeddable":true,"href":"https:\/\/www.eduardalentorn.com\/dr\/wp-json\/wp\/v2\/comments?post=780"}],"version-history":[{"count":5,"href":"https:\/\/www.eduardalentorn.com\/dr\/wp-json\/wp\/v2\/pages\/780\/revisions"}],"predecessor-version":[{"id":2464,"href":"https:\/\/www.eduardalentorn.com\/dr\/wp-json\/wp\/v2\/pages\/780\/revisions\/2464"}],"wp:attachment":[{"href":"https:\/\/www.eduardalentorn.com\/dr\/wp-json\/wp\/v2\/media?parent=780"}],"curies":[{"name":"wp","href":"https:\/\/api.w.org\/{rel}","templated":true}]}}