{"id":782,"date":"2024-11-14T11:01:31","date_gmt":"2024-11-14T11:01:31","guid":{"rendered":"https:\/\/www.eduardalentorn.com\/dr\/?page_id=782"},"modified":"2024-11-28T09:42:19","modified_gmt":"2024-11-28T09:42:19","slug":"filosofia-2","status":"publish","type":"page","link":"https:\/\/www.eduardalentorn.com\/dr\/ca\/filosofia-2\/","title":{"rendered":"Filosofia"},"content":{"rendered":"<div id=\"pl-gb782-69f56bc355780\"  class=\"panel-layout\" ><div id=\"pg-gb782-69f56bc355780-0\"  class=\"panel-grid panel-no-style\" ><div id=\"pgc-gb782-69f56bc355780-0-0\"  class=\"panel-grid-cell\" ><div id=\"panel-gb782-69f56bc355780-0-0-0\" class=\"so-panel widget widget_sow-headline panel-first-child panel-last-child\" data-index=\"0\" ><div\n\t\t\t\n\t\t\tclass=\"so-widget-sow-headline so-widget-sow-headline-default-2a567a58f3f7-782\"\n\t\t\t\n\t\t><div class=\"sow-headline-container \">\n\t\t\t\t\t\t\t<h3 class=\"sow-headline\">\n\t\t\t\t\t\tFilosofia\t\t\t\t\t\t<\/h3>\n\t\t\t\t\t\t\t\t\t\t\t<div class=\"decoration\">\n\t\t\t\t\t\t<div class=\"decoration-inside\"><\/div>\n\t\t\t\t\t<\/div>\n\t\t\t\t\t<\/div>\n<\/div><\/div><\/div><\/div><div id=\"pg-gb782-69f56bc355780-1\"  class=\"panel-grid panel-no-style\" ><div id=\"pgc-gb782-69f56bc355780-1-0\"  class=\"panel-grid-cell\" ><div id=\"panel-gb782-69f56bc355780-1-0-0\" class=\"widget_text so-panel widget widget_custom_html panel-first-child panel-last-child\" data-index=\"1\" ><div class=\"widget_text home-content-text panel-widget-style panel-widget-style-for-gb782-69f56bc355780-1-0-0\" ><div class=\"textwidget custom-html-widget\"><p>La Filosofia del Dr. Eduard Alentorn est\u00e0 fortament influ\u00efda per la Cl\u00ednica Mayo de Rochester i la Duke University de Carolina del Nord (Estats Units), per tots els seus mentors i per la seva vocaci\u00f3 m\u00e8dica. En ess\u00e8ncia, el Dr. Alentorn vol ajudar els seus pacients d&#8217;una manera emp\u00e0tica, compassiva i professional. Els principis b\u00e0sics o deu manaments del seu actuar com a persona, metge i cirurgi\u00e0 s\u00f3n:<\/p>\n    <ul>\n        <li><strong>Escoltar b\u00e9 al pacient:<\/strong> \u00c9s important escoltar el pacient, ja que el que ens diu moltes vegades cont\u00e9 la resposta al que li passa.<\/li>\n        <li><strong>Explorar b\u00e9 al pacient:<\/strong> L&#8217;exploraci\u00f3 f\u00edsica \u00e9s b\u00e0sica, ja que els hallazgos en les proves d&#8217;imatge poden no tenir res a veure amb el que sent el pacient.<\/li>\n        <li><strong>Revisar les imatges per un mateix:<\/strong> \u00c9s important revisar les imatges per un mateix, amb el suport del radi\u00f2leg, per\u00f2 no basar cap decisi\u00f3 en un informe de radiologia.<\/li>\n        <li><strong>Primer no fer mal (\u201cprimum non nocere\u201d):<\/strong> Sempre s&#8217;ha d&#8217;oferir al pacient un tractament que no tanqui cap porta, per\u00f2 que sigui el m\u00e9s efectiu possible. Per principis, les opcions han de ser de menys agressives a m\u00e9s agressives.<\/li>\n        <li><strong>Pla terap\u00e8utic personalitzat:<\/strong> Donat que cada pacient \u00e9s diferent, \u00e9s fonamental adaptar el tractament al pacient. L&#8217;efic\u00e0cia d&#8217;un tractament pot variar molt segons la persona. Les necessitats dels pacients v\u00e9nen primer (William J. Mayo).<\/li>\n        <li><strong>Confian\u00e7a bilateral:<\/strong> \u00c9s crucial que el pacient confi\u00ef en el seu metge i viceversa. El metge ha de guanyar-se la confian\u00e7a del pacient de manera sincera i honesta.<\/li>\n        <li><strong>Principi de l&#8217;actuar m\u00e8dic:<\/strong> Escoltar, Explorar, Elaborar un diagn\u00f2stic i Executar el pla terap\u00e8utic.<\/li>\n        <li><strong>La pregunta m\u00e9s important:<\/strong> El pla de tractament que s&#8217;ha de plantejar al pacient ha de respondre a la seg\u00fcent pregunta: Qu\u00e8 faria jo mateix si em trob\u00e9s amb el mateix diagn\u00f2stic en la seva mateixa situaci\u00f3?<\/li>\n        <li><strong>El pacient ha d&#8217;entendre qu\u00e8 t\u00e9:<\/strong> L&#8217;educaci\u00f3 del pacient \u00e9s fonamental. \u201cLa curaci\u00f3 d&#8217;un pacient comen\u00e7a quan ent\u00e9n la seva malaltia\u201d (Eduard Alentorn Geli).<\/li>\n        <li><strong>Treball en equip:<\/strong> El treball en equip \u00e9s important. \u201cNing\u00fa \u00e9s prou gran per ser independent dels altres\u201d (William W. Mayo).<\/li>\n    <\/ul><\/div><\/div><\/div><\/div><\/div><div id=\"pg-gb782-69f56bc355780-2\"  class=\"panel-grid panel-no-style\" ><div id=\"pgc-gb782-69f56bc355780-2-0\"  class=\"panel-grid-cell panel-grid-cell-empty\" ><\/div><\/div><div id=\"pg-gb782-69f56bc355780-3\"  class=\"panel-grid panel-no-style\" ><div id=\"pgc-gb782-69f56bc355780-3-0\"  class=\"panel-grid-cell panel-grid-cell-empty panel-grid-cell-mobile-last\" ><\/div><div id=\"pgc-gb782-69f56bc355780-3-1\"  class=\"panel-grid-cell panel-grid-cell-empty\" ><\/div><\/div><div id=\"pg-gb782-69f56bc355780-4\"  class=\"panel-grid panel-no-style\" ><div id=\"pgc-gb782-69f56bc355780-4-0\"  class=\"panel-grid-cell\" ><div id=\"panel-gb782-69f56bc355780-4-0-0\" class=\"widget_text so-panel widget widget_custom_html panel-first-child panel-last-child\" data-index=\"2\" ><div class=\"textwidget custom-html-widget\"><link rel=\"stylesheet\" href=\"https:\/\/maxcdn.bootstrapcdn.com\/bootstrap\/4.1.3\/css\/bootstrap.min.css\">\n   <link href=\"https:\/\/maxcdn.bootstrapcdn.com\/font-awesome\/4.7.0\/css\/font-awesome.min.css\" rel=\"stylesheet\">\n   <style>\n\/*FOOTER*\/\n\n.mainfooter {\n  background: #16222A;\n  background: -webkit-linear-gradient(59deg, #155a63, #16222A);\n  background: linear-gradient(59deg, #155adeg, #16222A);\n  color: white;\n  margin-top:2px;\n}\n\n.mainfooter h4 {\n\tfont-size: 1.375em;\n}\n\n.mainfooter a {\n  color: #fff;\n  font-size: 12px;\n  transition-duration: 0.2s;\n}\n\n.mainfooter a:hover {\n  color: #6EBEC9;\n  text-decoration: none;\n}\n\n.copy {\n  font-size: 10px;\n  padding: 0;\n  border-top: 1px solid #FFFFFF;\n}\n\n.footer-middle {\n  padding-top: 0.5em;\n  color: white;\n}\n\n\n\/*SOC\u0130AL \u0130CONS*\/\n\n\/* footer social icons *\/\n\nul.social-network {\n  list-style: none;\n  display: inline;\n  margin-left: 0 !important;\n  padding: 0;\n}\n\nul.social-network li {\n  display: inline;\n  margin: 0 2px;\n}\n\n\n\/* footer social icons *\/\n\n.social-network a.socialIcon:hover,\n.socialHoverClass {\n  color: #44BCDD;\n}\n\/*\n.social-circle li a {\n  display: inline-block;\n  position: relative;\n  margin: 0 auto 0 auto;\n  -moz-border-radius: 50%;\n  -webkit-border-radius: 50%;\n  border-radius: 50%;\n  text-align: center;\n  width: 30px;\n  height: 30px;\n  font-size: 15px;\n}\n*\/\n.social-circle li img {\n  margin: 0;\n  line-height: 30px;\n  text-align: center;\n}\n\n.social-circle li img {\n  display: inline-block;\n  position: relative;\n  margin: 0 auto 2px auto;\n  -moz-border-radius: 25%;\n  -webkit-border-radius: 25%;\n  border-radius: 25%;\n  text-align: center;\n  width: 25px;\n  height: 25px;\n  font-size: 15px;\n}\n\n.social-circle li a:hover i,\n.triggeredHover {\n  -moz-transform: rotate(360deg);\n  -webkit-transform: rotate(360deg);\n  -ms--transform: rotate(360deg);\n  transform: rotate(360deg);\n  -webkit-transition: all 0.2s;\n  -moz-transition: all 0.2s;\n  -o-transition: all 0.2s;\n  -ms-transition: all 0.2s;\n  transition: all 0.2s;\n}\n\n.social-circle li a:hover img,\n.triggeredHover {\n  -moz-transform: rotate(360deg);\n  -webkit-transform: rotate(360deg);\n  -ms--transform: rotate(360deg);\n  transform: rotate(360deg);\n  -webkit-transition: all 0.2s;\n  -moz-transition: all 0.2s;\n  -o-transition: all 0.2s;\n  -ms-transition: all 0.2s;\n  transition: all 0.2s;\n}\n\n.social-circle i {\n  color: #595959;\n  -webkit-transition: all 0.8s;\n  -moz-transition: all 0.8s;\n  -o-transition: all 0.8s;\n  -ms-transition: all 0.8s;\n  transition: all 0.8s;\n}\n\n\n\n.social-network a {\n  background-color: #F9F9F9;\n}\n\n.ic{\n\tfont-size: 16px;\n}\n\n@media only screen and (max-width: 600px) {\n  .copy {\n    margin-top: 15px;\n  }\n}\n\n\n   <\/style>\n   \n\n\n<div class=\"mainfooter\" role=\"contentinfo\">\n  <div class=\"footer-middle\">\n  <div class=\"container\">\n    <div class=\"row\">\n      <div class=\"col-md-3 col-sm-6\">\n        <!--Column1-->\n        <div class=\"footer-pad\">\n          <h4>Dr. Eduard Alentorn Geli<\/h4>\n          <ul class=\"list-unstyled\">\n            \n            <li><a tarjet=\"_blank\" href=\"mailto:info@eduardalentorn.com\"><i class=\"fa fa-envelope ic\"><\/i> info@eduardalentorn.com<\/a><\/li>\n            <li><a tarjet=\"_blank\" href=\"tel:+34938346450\"><i class=\"fa fa-phone ic\"><\/i> +34 613316752<\/a><\/li>\n          <\/ul>\n        <\/div>\n      <\/div>\n      <div class=\"col-md-3 col-sm-6\">\n        <!--Column1-->\n        <div class=\"footer-pad\">\n          <h4>Llocs on treballo<\/h4>\n          <ul class=\"list-unstyled\">\n            <li><a href=\"https:\/\/www.mcf.cat\/\" target=\"_blank\" rel=\"noopener noreferrer\">Viu Salut<\/a><\/li>\n\t\t\t\t\t\t<li><a href=\"https:\/\/www.mcf.cat\/\" target=\"_blank\" rel=\"noopener noreferrer\">Zona Wellness &#8211; The Aquatics Medical Center (CNAB)<\/a><\/li>\n\t\t\t\t\t<\/ul>\n        <\/div>\n      <\/div>\n      <div class=\"col-md-3 col-sm-6\">\n        <!--Column1-->\n        <div class=\"footer-pad\">\n          <h4>Enlla\u00e7os<\/h4>\n          <ul class=\"list-unstyled\">\n            <li><a href=\"https:\/\/www.eduardalentorn.com\/dr\/\" target=\"_blank\" rel=\"noopener noreferrer\">Inici<\/a><\/li>             <li><a href=\"https:\/\/www.eduardalentorn.com\/dr\/contacto\/\" target=\"_blank\" rel=\"noopener noreferrer\">Contacte<\/a><\/li>\n\n            <li><a href=\"http:\/\/www.eduardalentorn.com\/dr\/pedir-hora\/\" target=\"_blank\" rel=\"noopener noreferrer\">Demanar hora<\/a><\/li>\n            <li><a href=\"http:\/\/www.eduardalentorn.com\/dr\/ubicaciones-y-horas\/\" target=\"_blank\" rel=\"noopener noreferrer\">Com arribar<\/a><\/li>\n            <li>\n              <a href=\"#\"><\/a>\n            <\/li>\n          <\/ul>\n        <\/div>\n      <\/div>\n    \t<div class=\"col-md-3 col-sm-6\">\n    \t\t<h4>Segueix-nos<\/h4>\n            <ul class=\"social-network social-circle\">\n             <li><a href=\"https:\/\/www.facebook.com\/ealentorn\" target=\"_blank\" class=\"icoVumedi\"  title=\"facebook\"><img decoding=\"async\" src=\"https:\/\/www.eduardalentorn.com\/dr\/wp-content\/uploads\/2020\/04\/face.png\"><\/img><\/a><\/li>\n             <li><a href=\"https:\/\/twitter.com\/dralentorngeli?lang=es\" target=\"_blank\" class=\"icoVumedi\" title=\"twitter\"><img decoding=\"async\" src=\"https:\/\/www.eduardalentorn.com\/dr\/wp-content\/uploads\/2024\/11\/image-1.png\"><\/img><\/a><\/li>\n             <li><a href=\"https:\/\/es.linkedin.com\/in\/eduard-alentorn-geli-md-msc-phd-febot-facgme-38017742\" target=\"_blank\" class=\"icoVumedi\" title=\"linkedin\"><img decoding=\"async\" src=\"https:\/\/www.eduardalentorn.com\/dr\/wp-content\/uploads\/2020\/04\/link.png\"><\/img><\/a><\/li>\n             <li><a href=\"https:\/\/instagram.com\/dr.e.alentorn.geli?igshid=dgrgwa2kq3d6\" target=\"_blank\" class=\"icoVumedi\" title=\"instagram\"><img decoding=\"async\" src=\"https:\/\/www.eduardalentorn.com\/dr\/wp-content\/uploads\/2020\/04\/inst.png\"><\/img><\/a><\/li>\n             <li><a href=\"https:\/\/www.youtube.com\/channel\/UC6t1F6qZZ_evlXYvK_i0rtQ\" target=\"_blank\" class=\"icoVumedi\" title=\"youtube\"><img decoding=\"async\" src=\"https:\/\/www.eduardalentorn.com\/dr\/wp-content\/uploads\/2020\/04\/yout.png\"><\/img><\/a><\/li>\n             \n             <li><a href=\"https:\/\/www.vumedi.com\/video\/protesis-artroplastia-humeral-hombro-sin-vastago-dr-eduard-alentorn-geli-spanish\/\" target=\"_blank\" class=\"icoVumedi\" title=\"vumedi\"><img decoding=\"async\" src=\"https:\/\/www.eduardalentorn.com\/dr\/wp-content\/uploads\/2020\/04\/vumedi.png\"><\/img><\/a><\/li>\n             <li><a href=\"https:\/\/videosdemedicina.com\/\" target=\"_blank\" class=\"icoVumedi\" title=\"videos de medicos\"><img decoding=\"async\" src=\"https:\/\/www.eduardalentorn.com\/dr\/wp-content\/uploads\/2020\/04\/vidmed.png\"><\/img><\/a><\/li>\n            <\/ul>\t\t\t\t\n\t\t<\/div>\n\n    <\/div>\n\n\t<div class=\"row\">\n\t\t<div class=\"col-md-12 copy\">\n\t\t\t<p class=\"text-center\" style=\"padding-bottom: 0px; margin-bottom: 5px;\">(C) Copyright 2020 Dr. Eduard Alentorn Geli &#8211; This site was created by <a href=\"funhelps.com\" tarjet=\"_blank\" >Funhelps<\/a> &#8211;   All rights reserved.<\/p>\n\t\t<\/div>\n\t<\/div>\n\n\n  <\/div>\n  <\/div>\n<\/div>\n<\/div><\/div><\/div><\/div><\/div>","protected":false},"excerpt":{"rendered":"","protected":false},"author":2,"featured_media":0,"parent":0,"menu_order":0,"comment_status":"closed","ping_status":"closed","template":"","meta":{"footnotes":""},"class_list":["post-782","page","type-page","status-publish","hentry","post"],"rttpg_featured_image_url":null,"rttpg_author":{"display_name":"info info","author_link":"https:\/\/www.eduardalentorn.com\/dr\/author\/info\/"},"rttpg_comment":0,"rttpg_category":" <a href=\"https:\/\/www.eduardalentorn.com\/dr\/ca\/\" rel=\"tag\">Catal\u00e0<\/a>","rttpg_excerpt":null,"_links":{"self":[{"href":"https:\/\/www.eduardalentorn.com\/dr\/wp-json\/wp\/v2\/pages\/782","targetHints":{"allow":["GET"]}}],"collection":[{"href":"https:\/\/www.eduardalentorn.com\/dr\/wp-json\/wp\/v2\/pages"}],"about":[{"href":"https:\/\/www.eduardalentorn.com\/dr\/wp-json\/wp\/v2\/types\/page"}],"author":[{"embeddable":true,"href":"https:\/\/www.eduardalentorn.com\/dr\/wp-json\/wp\/v2\/users\/2"}],"replies":[{"embeddable":true,"href":"https:\/\/www.eduardalentorn.com\/dr\/wp-json\/wp\/v2\/comments?post=782"}],"version-history":[{"count":3,"href":"https:\/\/www.eduardalentorn.com\/dr\/wp-json\/wp\/v2\/pages\/782\/revisions"}],"predecessor-version":[{"id":2552,"href":"https:\/\/www.eduardalentorn.com\/dr\/wp-json\/wp\/v2\/pages\/782\/revisions\/2552"}],"wp:attachment":[{"href":"https:\/\/www.eduardalentorn.com\/dr\/wp-json\/wp\/v2\/media?parent=782"}],"curies":[{"name":"wp","href":"https:\/\/api.w.org\/{rel}","templated":true}]}}