{"id":784,"date":"2024-11-14T11:01:31","date_gmt":"2024-11-14T11:01:31","guid":{"rendered":"https:\/\/www.eduardalentorn.com\/dr\/?page_id=784"},"modified":"2024-11-28T10:32:08","modified_gmt":"2024-11-28T10:32:08","slug":"philosophie","status":"publish","type":"page","link":"https:\/\/www.eduardalentorn.com\/dr\/de\/philosophie\/","title":{"rendered":"Philosophie"},"content":{"rendered":"<div id=\"pl-gb784-69f1d451c0be0\"  class=\"panel-layout\" ><div id=\"pg-gb784-69f1d451c0be0-0\"  class=\"panel-grid panel-no-style\" ><div id=\"pgc-gb784-69f1d451c0be0-0-0\"  class=\"panel-grid-cell\" ><div id=\"panel-gb784-69f1d451c0be0-0-0-0\" class=\"so-panel widget widget_sow-headline panel-first-child panel-last-child\" data-index=\"0\" ><div\n\t\t\t\n\t\t\tclass=\"so-widget-sow-headline so-widget-sow-headline-default-2a567a58f3f7-784\"\n\t\t\t\n\t\t><div class=\"sow-headline-container \">\n\t\t\t\t\t\t\t<h3 class=\"sow-headline\">\n\t\t\t\t\t\tPhilosophie\t\t\t\t\t\t<\/h3>\n\t\t\t\t\t\t\t\t\t\t\t<div class=\"decoration\">\n\t\t\t\t\t\t<div class=\"decoration-inside\"><\/div>\n\t\t\t\t\t<\/div>\n\t\t\t\t\t<\/div>\n<\/div><\/div><\/div><\/div><div id=\"pg-gb784-69f1d451c0be0-1\"  class=\"panel-grid panel-no-style\" ><div id=\"pgc-gb784-69f1d451c0be0-1-0\"  class=\"panel-grid-cell\" ><div id=\"panel-gb784-69f1d451c0be0-1-0-0\" class=\"widget_text so-panel widget widget_custom_html panel-first-child panel-last-child\" data-index=\"1\" ><div class=\"widget_text home-content-text panel-widget-style panel-widget-style-for-gb784-69f1d451c0be0-1-0-0\" ><div class=\"textwidget custom-html-widget\"><p>Die Philosophie von Dr. Eduard Alentorn ist stark beeinflusst von der Mayo-Klinik in Rochester und der Duke University in North Carolina (USA), von all seinen Mentoren und seiner Berufung als Arzt. Im Wesentlichen m\u00f6chte Dr. Alentorn seinen Patienten auf eine einf\u00fchlsame, mitf\u00fchlende und professionelle Weise helfen. Die grundlegenden Prinzipien oder zehn Gebote seines Handelns als Person, Arzt und Chirurg sind:<\/p>\n    <ul>\n        <li><strong>Den Patienten aufmerksam zuh\u00f6ren:<\/strong> Es ist wichtig, dem Patienten zuzuh\u00f6ren, da das, was er sagt, oft die Antwort auf das enth\u00e4lt, was ihm passiert.<\/li>\n        <li><strong>Den Patienten gr\u00fcndlich untersuchen:<\/strong> Die k\u00f6rperliche Untersuchung ist grundlegend, da Befunde in bildgebenden Tests m\u00f6glicherweise nichts mit dem zu tun haben, was der Patient f\u00fchlt.<\/li>\n        <li><strong>Die Bilder selbst \u00fcberpr\u00fcfen:<\/strong> Es ist wichtig, die Bilder selbst zu \u00fcberpr\u00fcfen, mit Unterst\u00fctzung des Radiologen, aber keine Entscheidungen ausschlie\u00dflich auf einem Radiologiebericht zu basieren.<\/li>\n        <li><strong>Erstmal nicht schaden (\u201cprimum non nocere\u201d):<\/strong> Es muss immer eine Behandlung angeboten werden, die keine T\u00fcren schlie\u00dft, aber gleichzeitig so effektiv wie m\u00f6glich ist. Grunds\u00e4tzlich sollten die Optionen von weniger aggressiv bis hin zu aggressiveren Optionen reichen.<\/li>\n        <li><strong>Personalisierter Therapieplan:<\/strong> Da jeder Patient anders ist, ist es wichtig, die Behandlung an den Patienten anzupassen. Die Wirksamkeit einer Behandlung kann je nach Person stark variieren. Die Bed\u00fcrfnisse der Patienten stehen an erster Stelle (William J. Mayo).<\/li>\n        <li><strong>Wechselseitiges Vertrauen:<\/strong> Es ist entscheidend, dass der Patient Vertrauen in seinen Arzt hat und umgekehrt. Der Arzt muss das Vertrauen des Patienten auf ehrliche und aufrichtige Weise gewinnen.<\/li>\n        <li><strong>Prinzip der \u00e4rztlichen Praxis:<\/strong> Zuh\u00f6ren, Untersuchen, Diagnose stellen und den Therapieplan umsetzen.<\/li>\n        <li><strong>Die wichtigste Frage:<\/strong> Der dem Patienten vorzuschlagende Behandlungsplan muss die folgende Frage beantworten: Was w\u00fcrde ich tun, wenn ich mich mit derselben Diagnose in derselben Situation bef\u00e4nde?<\/li>\n        <li><strong>Der Patient muss verstehen, was er hat:<\/strong> Die Patientenschulung ist entscheidend. \u201cDie Heilung eines Patienten beginnt, wenn er seine Krankheit versteht\u201d (Eduard Alentorn Geli).<\/li>\n        <li><strong>Teamarbeit:<\/strong> Teamarbeit ist wichtig. \u201cNiemand ist gro\u00df genug, um unabh\u00e4ngig von anderen zu sein\u201d (William W. Mayo).<\/li>\n    <\/ul><\/div><\/div><\/div><\/div><\/div><div id=\"pg-gb784-69f1d451c0be0-2\"  class=\"panel-grid panel-no-style\" ><div id=\"pgc-gb784-69f1d451c0be0-2-0\"  class=\"panel-grid-cell panel-grid-cell-empty\" ><\/div><\/div><div id=\"pg-gb784-69f1d451c0be0-3\"  class=\"panel-grid panel-no-style\" ><div id=\"pgc-gb784-69f1d451c0be0-3-0\"  class=\"panel-grid-cell panel-grid-cell-empty panel-grid-cell-mobile-last\" ><\/div><div id=\"pgc-gb784-69f1d451c0be0-3-1\"  class=\"panel-grid-cell panel-grid-cell-empty\" ><\/div><\/div><div id=\"pg-gb784-69f1d451c0be0-4\"  class=\"panel-grid panel-no-style\" ><div id=\"pgc-gb784-69f1d451c0be0-4-0\"  class=\"panel-grid-cell\" ><div id=\"panel-gb784-69f1d451c0be0-4-0-0\" class=\"widget_text so-panel widget widget_custom_html panel-first-child panel-last-child\" data-index=\"2\" ><div class=\"textwidget custom-html-widget\"><link rel=\"stylesheet\" href=\"https:\/\/maxcdn.bootstrapcdn.com\/bootstrap\/4.1.3\/css\/bootstrap.min.css\">\n   <link href=\"https:\/\/maxcdn.bootstrapcdn.com\/font-awesome\/4.7.0\/css\/font-awesome.min.css\" rel=\"stylesheet\">\n   <style>\n\/*FOOTER*\/\n\n.mainfooter {\n  background: #16222A;\n  background: -webkit-linear-gradient(59deg, #155a63, #16222A);\n  background: linear-gradient(59deg, #155adeg, #16222A);\n  color: white;\n  margin-top:2px;\n}\n\n.mainfooter h4 {\n\tfont-size: 1.375em;\n}\n\n.mainfooter a {\n  color: #fff;\n  font-size: 12px;\n  transition-duration: 0.2s;\n}\n\n.mainfooter a:hover {\n  color: #6EBEC9;\n  text-decoration: none;\n}\n\n.copy {\n  font-size: 10px;\n  padding: 0;\n  border-top: 1px solid #FFFFFF;\n}\n\n.footer-middle {\n  padding-top: 0.5em;\n  color: white;\n}\n\n\n\/*SOC\u0130AL \u0130CONS*\/\n\n\/* footer social icons *\/\n\nul.social-network {\n  list-style: none;\n  display: inline;\n  margin-left: 0 !important;\n  padding: 0;\n}\n\nul.social-network li {\n  display: inline;\n  margin: 0 2px;\n}\n\n\n\/* footer social icons *\/\n\n.social-network a.socialIcon:hover,\n.socialHoverClass {\n  color: #44BCDD;\n}\n\/*\n.social-circle li a {\n  display: inline-block;\n  position: relative;\n  margin: 0 auto 0 auto;\n  -moz-border-radius: 50%;\n  -webkit-border-radius: 50%;\n  border-radius: 50%;\n  text-align: center;\n  width: 30px;\n  height: 30px;\n  font-size: 15px;\n}\n*\/\n.social-circle li img {\n  margin: 0;\n  line-height: 30px;\n  text-align: center;\n}\n\n.social-circle li img {\n  display: inline-block;\n  position: relative;\n  margin: 0 auto 2px auto;\n  -moz-border-radius: 25%;\n  -webkit-border-radius: 25%;\n  border-radius: 25%;\n  text-align: center;\n  width: 25px;\n  height: 25px;\n  font-size: 15px;\n}\n\n.social-circle li a:hover i,\n.triggeredHover {\n  -moz-transform: rotate(360deg);\n  -webkit-transform: rotate(360deg);\n  -ms--transform: rotate(360deg);\n  transform: rotate(360deg);\n  -webkit-transition: all 0.2s;\n  -moz-transition: all 0.2s;\n  -o-transition: all 0.2s;\n  -ms-transition: all 0.2s;\n  transition: all 0.2s;\n}\n\n.social-circle li a:hover img,\n.triggeredHover {\n  -moz-transform: rotate(360deg);\n  -webkit-transform: rotate(360deg);\n  -ms--transform: rotate(360deg);\n  transform: rotate(360deg);\n  -webkit-transition: all 0.2s;\n  -moz-transition: all 0.2s;\n  -o-transition: all 0.2s;\n  -ms-transition: all 0.2s;\n  transition: all 0.2s;\n}\n\n.social-circle i {\n  color: #595959;\n  -webkit-transition: all 0.8s;\n  -moz-transition: all 0.8s;\n  -o-transition: all 0.8s;\n  -ms-transition: all 0.8s;\n  transition: all 0.8s;\n}\n\n\n\n.social-network a {\n  background-color: #F9F9F9;\n}\n\n.ic{\n\tfont-size: 16px;\n}\n\n@media only screen and (max-width: 600px) {\n  .copy {\n    margin-top: 15px;\n  }\n}\n\n\n   <\/style>\n   \n\n\n<div class=\"mainfooter\" role=\"contentinfo\">\n  <div class=\"footer-middle\">\n    <div class=\"container\">\n      <div class=\"row\">\n        <div class=\"col-md-3 col-sm-6\">\n          <div class=\"footer-pad\">\n            <ul class=\"list-unstyled\">\n              <h4>Eduard Alentorn Geli<\/h4>\n              <li><a target=\"_blank\" href=\"mailto:info@eduardalentorn.com\"><i class=\"fa fa-envelope ic\"><\/i> info@eduardalentorn.com<\/a><\/li>\n              <li><a target=\"_blank\" href=\"tel:+34938346450\"><i class=\"fa fa-phone ic\"><\/i> +34 613316752<\/a><\/li>\n            <\/ul>\n          <\/div>\n        <\/div>\n        <div class=\"col-md-3 col-sm-6\">\n          <div class=\"footer-pad\">\n            <h4>Orte, an denen ich arbeite<\/h4>\n            <ul class=\"list-unstyled\">\n              <li><a href=\"https:\/\/www.mcf.cat\/\" target=\"_blank\" rel=\"noopener noreferrer\">Viu Salut<\/a><\/li>\n              <li><a href=\"https:\/\/www.mcf.cat\/\" target=\"_blank\" rel=\"noopener noreferrer\">Zona Wellness &#8211; The Aquatics Medical Center (CNAB)<\/a><\/li>\n            <\/ul>\n          <\/div>\n        <\/div>\n        <div class=\"col-md-3 col-sm-6\">\n          <div class=\"footer-pad\">\n            <h4>Links<\/h4>\n            <ul class=\"list-unstyled\">\n              <li><a href=\"https:\/\/www.eduardalentorn.com\/dr\/\" target=\"_blank\" rel=\"noopener noreferrer\">Startseite<\/a><\/li>\n              <li><a href=\"https:\/\/www.eduardalentorn.com\/dr\/contacto\/\" target=\"_blank\" rel=\"noopener noreferrer\">Kontakt<\/a><\/li>\n              <li><a href=\"#\" target=\"_blank\" rel=\"noopener noreferrer\">Termin vereinbaren<\/a><\/li>\n              <li><a href=\"#\" target=\"_blank\" rel=\"noopener noreferrer\">Standorte und \u00d6ffnungszeiten<\/a><\/li>\n            <\/ul>\n          <\/div>\n        <\/div>\n        <div class=\"col-md-3\">\n          <h4>Folge uns<\/h4>\n         <ul class=\"social-network social-circle\">\n             <li><a href=\"https:\/\/www.facebook.com\/ealentorn\" target=\"_blank\" class=\"icoVumedi\"  title=\"facebook\"><img decoding=\"async\" src=\"https:\/\/www.eduardalentorn.com\/dr\/wp-content\/uploads\/2020\/04\/face.png\"><\/img><\/a><\/li>\n             <li><a href=\"https:\/\/twitter.com\/dralentorngeli?lang=es\" target=\"_blank\" class=\"icoVumedi\" title=\"twitter\"><img decoding=\"async\" src=\"https:\/\/www.eduardalentorn.com\/dr\/wp-content\/uploads\/2024\/11\/image-1.png\"><\/img><\/a><\/li>\n             <li><a href=\"https:\/\/es.linkedin.com\/in\/eduard-alentorn-geli-md-msc-phd-febot-facgme-38017742\" target=\"_blank\" class=\"icoVumedi\" title=\"linkedin\"><img decoding=\"async\" src=\"https:\/\/www.eduardalentorn.com\/dr\/wp-content\/uploads\/2020\/04\/link.png\"><\/img><\/a><\/li>\n             <li><a href=\"https:\/\/instagram.com\/dr.e.alentorn.geli?igshid=dgrgwa2kq3d6\" target=\"_blank\" class=\"icoVumedi\" title=\"instagram\"><img decoding=\"async\" src=\"https:\/\/www.eduardalentorn.com\/dr\/wp-content\/uploads\/2020\/04\/inst.png\"><\/img><\/a><\/li>\n             <li><a href=\"https:\/\/www.youtube.com\/channel\/UC6t1F6qZZ_evlXYvK_i0rtQ\" target=\"_blank\" class=\"icoVumedi\" title=\"youtube\"><img decoding=\"async\" src=\"https:\/\/www.eduardalentorn.com\/dr\/wp-content\/uploads\/2020\/04\/yout.png\"><\/img><\/a><\/li>\n             \n             <li><a href=\"https:\/\/www.vumedi.com\/video\/protesis-artroplastia-humeral-hombro-sin-vastago-dr-eduard-alentorn-geli-spanish\/\" target=\"_blank\" class=\"icoVumedi\" title=\"vumedi\"><img decoding=\"async\" src=\"https:\/\/www.eduardalentorn.com\/dr\/wp-content\/uploads\/2020\/04\/vumedi.png\"><\/img><\/a><\/li>\n             <li><a href=\"https:\/\/videosdemedicina.com\/\" target=\"_blank\" class=\"icoVumedi\" title=\"videos de medicos\"><img decoding=\"async\" src=\"https:\/\/www.eduardalentorn.com\/dr\/wp-content\/uploads\/2020\/04\/vidmed.png\"><\/img><\/a><\/li>\n            <\/ul>\t\t\t\t\t\t\t\n        <\/div>\n      <\/div>\n      <br>\n      <div class=\"row\">\n        <div class=\"col-md-12 copy\">\n          <p class=\"text-center\">\u00a9 Copyright 2020 &#8211; Diese Seite wurde erstellt von <a href=\"https:\/\/funhelps.com\" target=\"_blank\">Funhelps<\/a> &#8211; Alle Rechte vorbehalten.<\/p>\n        <\/div>\n      <\/div>\n    <\/div>\n  <\/div>\n<\/div>\n<\/div><\/div><\/div><\/div><\/div>","protected":false},"excerpt":{"rendered":"","protected":false},"author":2,"featured_media":0,"parent":0,"menu_order":0,"comment_status":"closed","ping_status":"closed","template":"","meta":{"footnotes":""},"class_list":["post-784","page","type-page","status-publish","hentry","post"],"rttpg_featured_image_url":null,"rttpg_author":{"display_name":"info info","author_link":"https:\/\/www.eduardalentorn.com\/dr\/author\/info\/"},"rttpg_comment":0,"rttpg_category":" <a href=\"https:\/\/www.eduardalentorn.com\/dr\/de\/\" rel=\"tag\">Deutsch<\/a>","rttpg_excerpt":null,"_links":{"self":[{"href":"https:\/\/www.eduardalentorn.com\/dr\/wp-json\/wp\/v2\/pages\/784","targetHints":{"allow":["GET"]}}],"collection":[{"href":"https:\/\/www.eduardalentorn.com\/dr\/wp-json\/wp\/v2\/pages"}],"about":[{"href":"https:\/\/www.eduardalentorn.com\/dr\/wp-json\/wp\/v2\/types\/page"}],"author":[{"embeddable":true,"href":"https:\/\/www.eduardalentorn.com\/dr\/wp-json\/wp\/v2\/users\/2"}],"replies":[{"embeddable":true,"href":"https:\/\/www.eduardalentorn.com\/dr\/wp-json\/wp\/v2\/comments?post=784"}],"version-history":[{"count":3,"href":"https:\/\/www.eduardalentorn.com\/dr\/wp-json\/wp\/v2\/pages\/784\/revisions"}],"predecessor-version":[{"id":2698,"href":"https:\/\/www.eduardalentorn.com\/dr\/wp-json\/wp\/v2\/pages\/784\/revisions\/2698"}],"wp:attachment":[{"href":"https:\/\/www.eduardalentorn.com\/dr\/wp-json\/wp\/v2\/media?parent=784"}],"curies":[{"name":"wp","href":"https:\/\/api.w.org\/{rel}","templated":true}]}}