{"id":808,"date":"2020-03-27T12:31:17","date_gmt":"2020-03-27T12:31:17","guid":{"rendered":"https:\/\/www.eduardalentorn.com\/dr\/?page_id=808"},"modified":"2024-11-28T10:19:18","modified_gmt":"2024-11-28T10:19:18","slug":"profil","status":"publish","type":"page","link":"https:\/\/www.eduardalentorn.com\/dr\/fr\/profil\/","title":{"rendered":"Profil"},"content":{"rendered":"<div id=\"pl-gb808-69e03b711623d\"  class=\"panel-layout\" ><div id=\"pg-gb808-69e03b711623d-0\"  class=\"panel-grid panel-no-style\" ><div id=\"pgc-gb808-69e03b711623d-0-0\"  class=\"panel-grid-cell\" ><div id=\"panel-gb808-69e03b711623d-0-0-0\" class=\"so-panel widget widget_sow-headline panel-first-child panel-last-child\" data-index=\"0\" ><div\n\t\t\t\n\t\t\tclass=\"so-widget-sow-headline so-widget-sow-headline-default-2a567a58f3f7-808\"\n\t\t\t\n\t\t><div class=\"sow-headline-container \">\n\t\t\t\t\t\t\t<h3 class=\"sow-headline\">\n\t\t\t\t\t\tProfil\t\t\t\t\t\t<\/h3>\n\t\t\t\t\t\t\t\t\t\t\t<div class=\"decoration\">\n\t\t\t\t\t\t<div class=\"decoration-inside\"><\/div>\n\t\t\t\t\t<\/div>\n\t\t\t\t\t<\/div>\n<\/div><\/div><\/div><\/div><div id=\"pg-gb808-69e03b711623d-1\"  class=\"panel-grid panel-no-style\" ><div id=\"pgc-gb808-69e03b711623d-1-0\"  class=\"panel-grid-cell\" ><div id=\"panel-gb808-69e03b711623d-1-0-0\" class=\"widget_text so-panel widget widget_custom_html panel-first-child panel-last-child\" data-index=\"1\" ><div class=\"widget_text home-content-text panel-widget-style panel-widget-style-for-gb808-69e03b711623d-1-0-0\" ><div class=\"textwidget custom-html-widget\">Le Dr Eduard Alentorn Geli est un chirurgien orthop\u00e9dique et traumatologue sp\u00e9cialis\u00e9 dans la traumatologie de l&#8217;\u00e9paule, du coude, du genou et du sport. C&#8217;est un chirurgien \u00e0 vocation dont le seul int\u00e9r\u00eat est d&#8217;am\u00e9liorer la qualit\u00e9 de vie des patients. Il a le profil d&#8217;un m\u00e9decin empathique, attentif, respectueux, humain, responsable, travailleur, tr\u00e8s professionnel, et qui consacre le temps n\u00e9cessaire disponible \u00e0 chaque patient pour essayer de trouver la meilleure alternative de traitement, qu&#8217;il s&#8217;agisse d&#8217;un traitement conservateur ou chirurgical.\nLe Dr Alentorn a toujours la meilleure pr\u00e9disposition \u00e0 aider le patient lorsque cela est possible. Lors des consultations, le m\u00e9decin r\u00e9alise un entretien d\u00e9taill\u00e9 avec chaque patient afin d&#8217;obtenir des donn\u00e9es importantes sur ce que les patients expliquent qui aident au diagnostic, puis un examen physique exhaustif. Ces deux aspects sont cruciaux, selon lui, pour parvenir \u00e0 un diagnostic pr\u00e9cis. Des tests d&#8217;imagerie sont ensuite \u00e9valu\u00e9s pour aider \u00e0 confirmer le diagnostic. Il est important, selon lui, d&#8217;\u00e9valuer les images par lui-m\u00eame et pas seulement le rapport. Dans le cas d&#8217;un traitement chirurgical, le Dr Alentorn essaie toujours de s&#8217;adapter aux besoins du patient en termes de type de traitement et de moment de la chirurgie. Au bloc op\u00e9ratoire, il s&#8217;occupe de tous les d\u00e9tails pour rendre l&#8217;exp\u00e9rience du patient aussi confortable et atraumatisante que possible. C&#8217;est un chirurgien tr\u00e8s pr\u00e9cis, m\u00e9thodique, concentr\u00e9 et perfectionniste : \u00ab J&#8217;ai demand\u00e9 au Docteur combien de temps il faudrait pour r\u00e9aliser l&#8217;op\u00e9ration, et il m&#8217;a r\u00e9pondu qu&#8217;il fallait qu&#8217;elle soit parfaite \u00bb, raconte un patient.\nLe Dr Alentorn a suivi une formation en Espagne, aux \u00c9tats-Unis et en Europe, avec un total de 3 ans \u00e0 l&#8217;\u00e9tranger, fr\u00e9quentant divers centres de renomm\u00e9e mondiale pour obtenir la formation la meilleure et la plus compl\u00e8te.\nSon profil de m\u00e9decin d\u00e9di\u00e9 \u00e0 la prise en charge des patients lui permet d&#8217;\u00eatre au top de ses patients op\u00e9r\u00e9s, avec un suivi rapproch\u00e9 lors de l&#8217;admission \u00e0 l&#8217;h\u00f4pital et lors des consultations externes. La fa\u00e7on dont il a pratiqu\u00e9 la m\u00e9decine et sa philosophie en tant que m\u00e9decin sont conditionn\u00e9es par son \u00e9norme vocation et sa formation dans ce qui est consid\u00e9r\u00e9 comme le meilleur h\u00f4pital des \u00c9tats-Unis et probablement du monde, la Mayo Clinic de Rochester, dont la devise est \u00ab les besoins des patients passent en premier \u00bb.\n\n<\/div><\/div><\/div><\/div><\/div><div id=\"pg-gb808-69e03b711623d-2\"  class=\"panel-grid panel-no-style\" ><div id=\"pgc-gb808-69e03b711623d-2-0\"  class=\"panel-grid-cell panel-grid-cell-empty\" ><\/div><\/div><div id=\"pg-gb808-69e03b711623d-3\"  class=\"panel-grid panel-no-style\" ><div id=\"pgc-gb808-69e03b711623d-3-0\"  class=\"panel-grid-cell panel-grid-cell-empty panel-grid-cell-mobile-last\" ><\/div><div id=\"pgc-gb808-69e03b711623d-3-1\"  class=\"panel-grid-cell panel-grid-cell-empty\" ><\/div><\/div><div id=\"pg-gb808-69e03b711623d-4\"  class=\"panel-grid panel-no-style\" ><div id=\"pgc-gb808-69e03b711623d-4-0\"  class=\"panel-grid-cell\" ><div id=\"panel-gb808-69e03b711623d-4-0-0\" class=\"widget_text so-panel widget widget_custom_html panel-first-child panel-last-child\" data-index=\"2\" ><div class=\"textwidget custom-html-widget\"><link rel=\"stylesheet\" href=\"https:\/\/maxcdn.bootstrapcdn.com\/bootstrap\/4.1.3\/css\/bootstrap.min.css\">\n   <link href=\"https:\/\/maxcdn.bootstrapcdn.com\/font-awesome\/4.7.0\/css\/font-awesome.min.css\" rel=\"stylesheet\">\n   <style>\n\/*FOOTER*\/\n\n.mainfooter {\n  background: #16222A;\n  background: -webkit-linear-gradient(59deg, #155a63, #16222A);\n  background: linear-gradient(59deg, #155adeg, #16222A);\n  color: white;\n  margin-top:2px;\n}\n\n.mainfooter h4 {\n\tfont-size: 1.375em;\n}\n\n.mainfooter a {\n  color: #fff;\n  font-size: 12px;\n  transition-duration: 0.2s;\n}\n\n.mainfooter a:hover {\n  color: #6EBEC9;\n  text-decoration: none;\n}\n\n.copy {\n  font-size: 10px;\n  padding: 0;\n  border-top: 1px solid #FFFFFF;\n}\n\n.footer-middle {\n  padding-top: 0.5em;\n  color: white;\n}\n\n\n\/*SOC\u0130AL \u0130CONS*\/\n\n\/* footer social icons *\/\n\nul.social-network {\n  list-style: none;\n  display: inline;\n  margin-left: 0 !important;\n  padding: 0;\n}\n\nul.social-network li {\n  display: inline;\n  margin: 0 2px;\n}\n\n\n\/* footer social icons *\/\n\n.social-network a.socialIcon:hover,\n.socialHoverClass {\n  color: #44BCDD;\n}\n\/*\n.social-circle li a {\n  display: inline-block;\n  position: relative;\n  margin: 0 auto 0 auto;\n  -moz-border-radius: 50%;\n  -webkit-border-radius: 50%;\n  border-radius: 50%;\n  text-align: center;\n  width: 30px;\n  height: 30px;\n  font-size: 15px;\n}\n*\/\n.social-circle li img {\n  margin: 0;\n  line-height: 30px;\n  text-align: center;\n}\n\n.social-circle li img {\n  display: inline-block;\n  position: relative;\n  margin: 0 auto 2px auto;\n  -moz-border-radius: 25%;\n  -webkit-border-radius: 25%;\n  border-radius: 25%;\n  text-align: center;\n  width: 25px;\n  height: 25px;\n  font-size: 15px;\n}\n\n.social-circle li a:hover i,\n.triggeredHover {\n  -moz-transform: rotate(360deg);\n  -webkit-transform: rotate(360deg);\n  -ms--transform: rotate(360deg);\n  transform: rotate(360deg);\n  -webkit-transition: all 0.2s;\n  -moz-transition: all 0.2s;\n  -o-transition: all 0.2s;\n  -ms-transition: all 0.2s;\n  transition: all 0.2s;\n}\n\n.social-circle li a:hover img,\n.triggeredHover {\n  -moz-transform: rotate(360deg);\n  -webkit-transform: rotate(360deg);\n  -ms--transform: rotate(360deg);\n  transform: rotate(360deg);\n  -webkit-transition: all 0.2s;\n  -moz-transition: all 0.2s;\n  -o-transition: all 0.2s;\n  -ms-transition: all 0.2s;\n  transition: all 0.2s;\n}\n\n.social-circle i {\n  color: #595959;\n  -webkit-transition: all 0.8s;\n  -moz-transition: all 0.8s;\n  -o-transition: all 0.8s;\n  -ms-transition: all 0.8s;\n  transition: all 0.8s;\n}\n\n\n\n.social-network a {\n  background-color: #F9F9F9;\n}\n\n.ic{\n\tfont-size: 16px;\n}\n\n@media only screen and (max-width: 600px) {\n  .copy {\n    margin-top: 15px;\n  }\n}\n\n\n   <\/style>\n   \n\n\n<div class=\"mainfooter\" role=\"contentinfo\">\n  <div class=\"footer-middle\">\n    <div class=\"container\">\n      <div class=\"row\">\n        <div class=\"col-md-3 col-sm-6\">\n          <div class=\"footer-pad\">\n            <ul class=\"list-unstyled\">\n              <h4>Eduard Alentorn Geli<\/h4>\n              <li><a target=\"_blank\" href=\"mailto:info@eduardalentorn.com\"><i class=\"fa fa-envelope ic\"><\/i> info@eduardalentorn.com<\/a><\/li>\n              <li><a target=\"_blank\" href=\"tel:+34938346450\"><i class=\"fa fa-phone ic\"><\/i> +34 613316752<\/a><\/li>\n            <\/ul>\n          <\/div>\n        <\/div>\n        <div class=\"col-md-3 col-sm-6\">\n          <div class=\"footer-pad\">\n            <h4>Lieux o\u00f9 je travaille<\/h4>\n            <ul class=\"list-unstyled\">\n              <li><a href=\"https:\/\/www.mcf.cat\/\" target=\"_blank\" rel=\"noopener noreferrer\">Viu Salut<\/a><\/li>\n              <li><a href=\"https:\/\/www.mcf.cat\/\" target=\"_blank\" rel=\"noopener noreferrer\">Zona Wellness &#8211; The Aquatics Medical Center (CNAB)<\/a><\/li>\n            <\/ul>\n          <\/div>\n        <\/div>\n        <div class=\"col-md-3 col-sm-6\">\n          <div class=\"footer-pad\">\n            <h4>Liens<\/h4>\n            <ul class=\"list-unstyled\">\n              <li><a href=\"https:\/\/www.eduardalentorn.com\/dr\/\" target=\"_blank\" rel=\"noopener noreferrer\">Accueil<\/a><\/li>\n              <li><a href=\"https:\/\/www.eduardalentorn.com\/dr\/contacto\/\" target=\"_blank\" rel=\"noopener noreferrer\">Contact<\/a><\/li>\n              <li><a href=\"#\" target=\"_blank\" rel=\"noopener noreferrer\">Demander un rendez-vous<\/a><\/li>\n              <li><a href=\"#\" target=\"_blank\" rel=\"noopener noreferrer\">Emplacements et heures<\/a><\/li>\n            <\/ul>\n          <\/div>\n        <\/div>\n        <div class=\"col-md-3\">\n          <h4>Suivez-nous<\/h4>\n          <ul class=\"social-network social-circle\">\n             <li><a href=\"https:\/\/www.facebook.com\/ealentorn\" target=\"_blank\" class=\"icoVumedi\"  title=\"facebook\"><img decoding=\"async\" src=\"https:\/\/www.eduardalentorn.com\/dr\/wp-content\/uploads\/2020\/04\/face.png\"><\/img><\/a><\/li>\n             <li><a href=\"https:\/\/twitter.com\/dralentorngeli?lang=es\" target=\"_blank\" class=\"icoVumedi\" title=\"twitter\"><img decoding=\"async\" src=\"https:\/\/www.eduardalentorn.com\/dr\/wp-content\/uploads\/2024\/11\/image-1.png\"><\/img><\/a><\/li>\n             <li><a href=\"https:\/\/es.linkedin.com\/in\/eduard-alentorn-geli-md-msc-phd-febot-facgme-38017742\" target=\"_blank\" class=\"icoVumedi\" title=\"linkedin\"><img decoding=\"async\" src=\"https:\/\/www.eduardalentorn.com\/dr\/wp-content\/uploads\/2020\/04\/link.png\"><\/img><\/a><\/li>\n             <li><a href=\"https:\/\/instagram.com\/dr.e.alentorn.geli?igshid=dgrgwa2kq3d6\" target=\"_blank\" class=\"icoVumedi\" title=\"instagram\"><img decoding=\"async\" src=\"https:\/\/www.eduardalentorn.com\/dr\/wp-content\/uploads\/2020\/04\/inst.png\"><\/img><\/a><\/li>\n             <li><a href=\"https:\/\/www.youtube.com\/channel\/UC6t1F6qZZ_evlXYvK_i0rtQ\" target=\"_blank\" class=\"icoVumedi\" title=\"youtube\"><img decoding=\"async\" src=\"https:\/\/www.eduardalentorn.com\/dr\/wp-content\/uploads\/2020\/04\/yout.png\"><\/img><\/a><\/li>\n             \n             <li><a href=\"https:\/\/www.vumedi.com\/video\/protesis-artroplastia-humeral-hombro-sin-vastago-dr-eduard-alentorn-geli-spanish\/\" target=\"_blank\" class=\"icoVumedi\" title=\"vumedi\"><img decoding=\"async\" src=\"https:\/\/www.eduardalentorn.com\/dr\/wp-content\/uploads\/2020\/04\/vumedi.png\"><\/img><\/a><\/li>\n             <li><a href=\"https:\/\/videosdemedicina.com\/\" target=\"_blank\" class=\"icoVumedi\" title=\"videos de medicos\"><img decoding=\"async\" src=\"https:\/\/www.eduardalentorn.com\/dr\/wp-content\/uploads\/2020\/04\/vidmed.png\"><\/img><\/a><\/li>\n            <\/ul>\t\t\t\t\n        <\/div>\n      <\/div>\n      <br>\n      <div class=\"row\">\n        <div class=\"col-md-12 copy\">\n          <p class=\"text-center\">\u00a9 Copyright 2020 &#8211; Ce site a \u00e9t\u00e9 cr\u00e9\u00e9 par <a href=\"https:\/\/funhelps.com\" target=\"_blank\">Funhelps<\/a> &#8211; Tous droits r\u00e9serv\u00e9s.<\/p>\n        <\/div>\n      <\/div>\n    <\/div>\n  <\/div>\n<\/div>\n<\/div><\/div><\/div><\/div><\/div>","protected":false},"excerpt":{"rendered":"","protected":false},"author":2,"featured_media":0,"parent":0,"menu_order":0,"comment_status":"closed","ping_status":"closed","template":"","meta":{"footnotes":""},"class_list":["post-808","page","type-page","status-publish","hentry","post"],"rttpg_featured_image_url":null,"rttpg_author":{"display_name":"info info","author_link":"https:\/\/www.eduardalentorn.com\/dr\/author\/info\/"},"rttpg_comment":0,"rttpg_category":" <a href=\"https:\/\/www.eduardalentorn.com\/dr\/fr\/\" rel=\"tag\">Fran\u00e7ais<\/a>","rttpg_excerpt":null,"_links":{"self":[{"href":"https:\/\/www.eduardalentorn.com\/dr\/wp-json\/wp\/v2\/pages\/808","targetHints":{"allow":["GET"]}}],"collection":[{"href":"https:\/\/www.eduardalentorn.com\/dr\/wp-json\/wp\/v2\/pages"}],"about":[{"href":"https:\/\/www.eduardalentorn.com\/dr\/wp-json\/wp\/v2\/types\/page"}],"author":[{"embeddable":true,"href":"https:\/\/www.eduardalentorn.com\/dr\/wp-json\/wp\/v2\/users\/2"}],"replies":[{"embeddable":true,"href":"https:\/\/www.eduardalentorn.com\/dr\/wp-json\/wp\/v2\/comments?post=808"}],"version-history":[{"count":3,"href":"https:\/\/www.eduardalentorn.com\/dr\/wp-json\/wp\/v2\/pages\/808\/revisions"}],"predecessor-version":[{"id":2655,"href":"https:\/\/www.eduardalentorn.com\/dr\/wp-json\/wp\/v2\/pages\/808\/revisions\/2655"}],"wp:attachment":[{"href":"https:\/\/www.eduardalentorn.com\/dr\/wp-json\/wp\/v2\/media?parent=808"}],"curies":[{"name":"wp","href":"https:\/\/api.w.org\/{rel}","templated":true}]}}