{"id":810,"date":"2020-03-27T12:31:17","date_gmt":"2020-03-27T12:31:17","guid":{"rendered":"https:\/\/www.eduardalentorn.com\/dr\/?page_id=810"},"modified":"2024-11-28T10:33:17","modified_gmt":"2024-11-28T10:33:17","slug":"profil-2","status":"publish","type":"page","link":"https:\/\/www.eduardalentorn.com\/dr\/de\/profil-2\/","title":{"rendered":"Profil"},"content":{"rendered":"<div id=\"pl-gb810-69f1d35622a73\"  class=\"panel-layout\" ><div id=\"pg-gb810-69f1d35622a73-0\"  class=\"panel-grid panel-no-style\" ><div id=\"pgc-gb810-69f1d35622a73-0-0\"  class=\"panel-grid-cell\" ><div id=\"panel-gb810-69f1d35622a73-0-0-0\" class=\"so-panel widget widget_sow-headline panel-first-child panel-last-child\" data-index=\"0\" ><div\n\t\t\t\n\t\t\tclass=\"so-widget-sow-headline so-widget-sow-headline-default-2a567a58f3f7-810\"\n\t\t\t\n\t\t><div class=\"sow-headline-container \">\n\t\t\t\t\t\t\t<h3 class=\"sow-headline\">\n\t\t\t\t\t\tProfil\t\t\t\t\t\t<\/h3>\n\t\t\t\t\t\t\t\t\t\t\t<div class=\"decoration\">\n\t\t\t\t\t\t<div class=\"decoration-inside\"><\/div>\n\t\t\t\t\t<\/div>\n\t\t\t\t\t<\/div>\n<\/div><\/div><\/div><\/div><div id=\"pg-gb810-69f1d35622a73-1\"  class=\"panel-grid panel-no-style\" ><div id=\"pgc-gb810-69f1d35622a73-1-0\"  class=\"panel-grid-cell\" ><div id=\"panel-gb810-69f1d35622a73-1-0-0\" class=\"widget_text so-panel widget widget_custom_html panel-first-child panel-last-child\" data-index=\"1\" ><div class=\"widget_text home-content-text panel-widget-style panel-widget-style-for-gb810-69f1d35622a73-1-0-0\" ><div class=\"textwidget custom-html-widget\">Dr. Eduard Alentorn Geli ist Orthop\u00e4de und Traumatologe mit den Schwerpunkten Schulter-, Ellenbogen-, Knie- und Sporttraumatologie. Er ist ein Chirurg mit einer Berufung, deren einziges Interesse es ist, die Lebensqualit\u00e4t der Patienten zu verbessern. Er hat das Profil eines einf\u00fchlsamen, aufmerksamen, respektvollen, menschlichen, verantwortungsbewussten, flei\u00dfigen, sehr professionellen Arztes, der jedem Patienten die notwendige Zeit zur Verf\u00fcgung stellt, um zu versuchen, die beste Behandlungsalternative zu finden, sei es eine konservative oder chirurgische Behandlung.\nDr. Alentorn hat immer die beste Veranlagung, um dem Patienten zu helfen, wenn es m\u00f6glich ist. In den Konsultationen f\u00fchrt der Arzt mit jedem Patienten ein ausf\u00fchrliches Gespr\u00e4ch, um wichtige Daten \u00fcber die Angaben der Patienten zu erhalten, die bei der Diagnose helfen, und f\u00fchrt dann eine umfassende k\u00f6rperliche Untersuchung durch. Beide Aspekte sind seiner Meinung nach entscheidend, um zu einer genauen Diagnose zu gelangen. Anschlie\u00dfend werden bildgebende Untersuchungen ausgewertet, um die Diagnose zu best\u00e4tigen. Seiner Meinung nach ist es wichtig, die Bilder f\u00fcr sich selbst und nicht nur den Bericht zu bewerten. Im Falle einer chirurgischen Behandlung versucht Dr. Alentorn immer, sich an die Bed\u00fcrfnisse des Patienten in Bezug auf die Art der Behandlung und den Zeitpunkt der Operation anzupassen. Im Operationssaal k\u00fcmmert er sich um alle Details, um die Erfahrung des Patienten so angenehm und atraumatisch wie m\u00f6glich zu gestalten. Er ist ein sehr pr\u00e4ziser, methodischer, fokussierter und perfektionistischer Chirurg: \u00abIch fragte den Arzt, wie lange es dauern w\u00fcrde, die Operation durchzuf\u00fchren, und er antwortete, dass es notwendig sei, damit sie perfekt ist\u00bb, sagt ein Patient.\nDr. Alentorn hat in Spanien, den Vereinigten Staaten und Europa ausgebildet, mit insgesamt 3 Jahren im Ausland, und hat verschiedene weltbekannte Zentren besucht, um die beste und vollst\u00e4ndigste Ausbildung zu erhalten.\nSein Profil als Arzt, der sich der Patientenversorgung verschrieben hat, erm\u00f6glicht es ihm, den \u00dcberblick \u00fcber seine operierten Patienten zu haben, mit genauen Nachsorge w\u00e4hrend der Aufnahme ins Krankenhaus und in ambulanten Konsultationen. Die Art und Weise, wie er Medizin praktizierte, und seine Philosophie als Arzt sind bedingt durch seine enorme Berufung und seine Ausbildung in einem Krankenhaus, das als das beste Krankenhaus der Vereinigten Staaten und wahrscheinlich der Welt gilt, der Mayo Clinic in Rochester, deren Motto lautet: \u00abDie Bed\u00fcrfnisse der Patienten stehen an erster Stelle\u00bb.\n<\/div><\/div><\/div><\/div><\/div><div id=\"pg-gb810-69f1d35622a73-2\"  class=\"panel-grid panel-no-style\" ><div id=\"pgc-gb810-69f1d35622a73-2-0\"  class=\"panel-grid-cell panel-grid-cell-empty\" ><\/div><\/div><div id=\"pg-gb810-69f1d35622a73-3\"  class=\"panel-grid panel-no-style\" ><div id=\"pgc-gb810-69f1d35622a73-3-0\"  class=\"panel-grid-cell panel-grid-cell-empty panel-grid-cell-mobile-last\" ><\/div><div id=\"pgc-gb810-69f1d35622a73-3-1\"  class=\"panel-grid-cell panel-grid-cell-empty\" ><\/div><\/div><div id=\"pg-gb810-69f1d35622a73-4\"  class=\"panel-grid panel-no-style\" ><div id=\"pgc-gb810-69f1d35622a73-4-0\"  class=\"panel-grid-cell\" ><div id=\"panel-gb810-69f1d35622a73-4-0-0\" class=\"widget_text so-panel widget widget_custom_html panel-first-child panel-last-child\" data-index=\"2\" ><div class=\"textwidget custom-html-widget\"><link rel=\"stylesheet\" href=\"https:\/\/maxcdn.bootstrapcdn.com\/bootstrap\/4.1.3\/css\/bootstrap.min.css\">\n   <link href=\"https:\/\/maxcdn.bootstrapcdn.com\/font-awesome\/4.7.0\/css\/font-awesome.min.css\" rel=\"stylesheet\">\n   <style>\n\/*FOOTER*\/\n\n.mainfooter {\n  background: #16222A;\n  background: -webkit-linear-gradient(59deg, #155a63, #16222A);\n  background: linear-gradient(59deg, #155adeg, #16222A);\n  color: white;\n  margin-top:2px;\n}\n\n.mainfooter h4 {\n\tfont-size: 1.375em;\n}\n\n.mainfooter a {\n  color: #fff;\n  font-size: 12px;\n  transition-duration: 0.2s;\n}\n\n.mainfooter a:hover {\n  color: #6EBEC9;\n  text-decoration: none;\n}\n\n.copy {\n  font-size: 10px;\n  padding: 0;\n  border-top: 1px solid #FFFFFF;\n}\n\n.footer-middle {\n  padding-top: 0.5em;\n  color: white;\n}\n\n\n\/*SOC\u0130AL \u0130CONS*\/\n\n\/* footer social icons *\/\n\nul.social-network {\n  list-style: none;\n  display: inline;\n  margin-left: 0 !important;\n  padding: 0;\n}\n\nul.social-network li {\n  display: inline;\n  margin: 0 2px;\n}\n\n\n\/* footer social icons *\/\n\n.social-network a.socialIcon:hover,\n.socialHoverClass {\n  color: #44BCDD;\n}\n\/*\n.social-circle li a {\n  display: inline-block;\n  position: relative;\n  margin: 0 auto 0 auto;\n  -moz-border-radius: 50%;\n  -webkit-border-radius: 50%;\n  border-radius: 50%;\n  text-align: center;\n  width: 30px;\n  height: 30px;\n  font-size: 15px;\n}\n*\/\n.social-circle li img {\n  margin: 0;\n  line-height: 30px;\n  text-align: center;\n}\n\n.social-circle li img {\n  display: inline-block;\n  position: relative;\n  margin: 0 auto 2px auto;\n  -moz-border-radius: 25%;\n  -webkit-border-radius: 25%;\n  border-radius: 25%;\n  text-align: center;\n  width: 25px;\n  height: 25px;\n  font-size: 15px;\n}\n\n.social-circle li a:hover i,\n.triggeredHover {\n  -moz-transform: rotate(360deg);\n  -webkit-transform: rotate(360deg);\n  -ms--transform: rotate(360deg);\n  transform: rotate(360deg);\n  -webkit-transition: all 0.2s;\n  -moz-transition: all 0.2s;\n  -o-transition: all 0.2s;\n  -ms-transition: all 0.2s;\n  transition: all 0.2s;\n}\n\n.social-circle li a:hover img,\n.triggeredHover {\n  -moz-transform: rotate(360deg);\n  -webkit-transform: rotate(360deg);\n  -ms--transform: rotate(360deg);\n  transform: rotate(360deg);\n  -webkit-transition: all 0.2s;\n  -moz-transition: all 0.2s;\n  -o-transition: all 0.2s;\n  -ms-transition: all 0.2s;\n  transition: all 0.2s;\n}\n\n.social-circle i {\n  color: #595959;\n  -webkit-transition: all 0.8s;\n  -moz-transition: all 0.8s;\n  -o-transition: all 0.8s;\n  -ms-transition: all 0.8s;\n  transition: all 0.8s;\n}\n\n\n\n.social-network a {\n  background-color: #F9F9F9;\n}\n\n.ic{\n\tfont-size: 16px;\n}\n\n@media only screen and (max-width: 600px) {\n  .copy {\n    margin-top: 15px;\n  }\n}\n\n\n   <\/style>\n   \n\n\n<div class=\"mainfooter\" role=\"contentinfo\">\n  <div class=\"footer-middle\">\n    <div class=\"container\">\n      <div class=\"row\">\n        <div class=\"col-md-3 col-sm-6\">\n          <div class=\"footer-pad\">\n            <ul class=\"list-unstyled\">\n              <h4>Eduard Alentorn Geli<\/h4>\n              <li><a target=\"_blank\" href=\"mailto:info@eduardalentorn.com\"><i class=\"fa fa-envelope ic\"><\/i> info@eduardalentorn.com<\/a><\/li>\n              <li><a target=\"_blank\" href=\"tel:+34938346450\"><i class=\"fa fa-phone ic\"><\/i> +34 613316752<\/a><\/li>\n            <\/ul>\n          <\/div>\n        <\/div>\n        <div class=\"col-md-3 col-sm-6\">\n          <div class=\"footer-pad\">\n            <h4>Orte, an denen ich arbeite<\/h4>\n            <ul class=\"list-unstyled\">\n              <li><a href=\"https:\/\/www.mcf.cat\/\" target=\"_blank\" rel=\"noopener noreferrer\">Viu Salut<\/a><\/li>\n              <li><a href=\"https:\/\/www.mcf.cat\/\" target=\"_blank\" rel=\"noopener noreferrer\">Zona Wellness &#8211; The Aquatics Medical Center (CNAB)<\/a><\/li>\n            <\/ul>\n          <\/div>\n        <\/div>\n        <div class=\"col-md-3 col-sm-6\">\n          <div class=\"footer-pad\">\n            <h4>Links<\/h4>\n            <ul class=\"list-unstyled\">\n              <li><a href=\"https:\/\/www.eduardalentorn.com\/dr\/\" target=\"_blank\" rel=\"noopener noreferrer\">Startseite<\/a><\/li>\n              <li><a href=\"https:\/\/www.eduardalentorn.com\/dr\/contacto\/\" target=\"_blank\" rel=\"noopener noreferrer\">Kontakt<\/a><\/li>\n              <li><a href=\"#\" target=\"_blank\" rel=\"noopener noreferrer\">Termin vereinbaren<\/a><\/li>\n              <li><a href=\"#\" target=\"_blank\" rel=\"noopener noreferrer\">Standorte und \u00d6ffnungszeiten<\/a><\/li>\n            <\/ul>\n          <\/div>\n        <\/div>\n        <div class=\"col-md-3\">\n          <h4>Folge uns<\/h4>\n         <ul class=\"social-network social-circle\">\n             <li><a href=\"https:\/\/www.facebook.com\/ealentorn\" target=\"_blank\" class=\"icoVumedi\"  title=\"facebook\"><img decoding=\"async\" src=\"https:\/\/www.eduardalentorn.com\/dr\/wp-content\/uploads\/2020\/04\/face.png\"><\/img><\/a><\/li>\n             <li><a href=\"https:\/\/twitter.com\/dralentorngeli?lang=es\" target=\"_blank\" class=\"icoVumedi\" title=\"twitter\"><img decoding=\"async\" src=\"https:\/\/www.eduardalentorn.com\/dr\/wp-content\/uploads\/2024\/11\/image-1.png\"><\/img><\/a><\/li>\n             <li><a href=\"https:\/\/es.linkedin.com\/in\/eduard-alentorn-geli-md-msc-phd-febot-facgme-38017742\" target=\"_blank\" class=\"icoVumedi\" title=\"linkedin\"><img decoding=\"async\" src=\"https:\/\/www.eduardalentorn.com\/dr\/wp-content\/uploads\/2020\/04\/link.png\"><\/img><\/a><\/li>\n             <li><a href=\"https:\/\/instagram.com\/dr.e.alentorn.geli?igshid=dgrgwa2kq3d6\" target=\"_blank\" class=\"icoVumedi\" title=\"instagram\"><img decoding=\"async\" src=\"https:\/\/www.eduardalentorn.com\/dr\/wp-content\/uploads\/2020\/04\/inst.png\"><\/img><\/a><\/li>\n             <li><a href=\"https:\/\/www.youtube.com\/channel\/UC6t1F6qZZ_evlXYvK_i0rtQ\" target=\"_blank\" class=\"icoVumedi\" title=\"youtube\"><img decoding=\"async\" src=\"https:\/\/www.eduardalentorn.com\/dr\/wp-content\/uploads\/2020\/04\/yout.png\"><\/img><\/a><\/li>\n             \n             <li><a href=\"https:\/\/www.vumedi.com\/video\/protesis-artroplastia-humeral-hombro-sin-vastago-dr-eduard-alentorn-geli-spanish\/\" target=\"_blank\" class=\"icoVumedi\" title=\"vumedi\"><img decoding=\"async\" src=\"https:\/\/www.eduardalentorn.com\/dr\/wp-content\/uploads\/2020\/04\/vumedi.png\"><\/img><\/a><\/li>\n             <li><a href=\"https:\/\/videosdemedicina.com\/\" target=\"_blank\" class=\"icoVumedi\" title=\"videos de medicos\"><img decoding=\"async\" src=\"https:\/\/www.eduardalentorn.com\/dr\/wp-content\/uploads\/2020\/04\/vidmed.png\"><\/img><\/a><\/li>\n            <\/ul>\t\t\t\t\t\t\t\n        <\/div>\n      <\/div>\n      <br>\n      <div class=\"row\">\n        <div class=\"col-md-12 copy\">\n          <p class=\"text-center\">\u00a9 Copyright 2020 &#8211; Diese Seite wurde erstellt von <a href=\"https:\/\/funhelps.com\" target=\"_blank\">Funhelps<\/a> &#8211; Alle Rechte vorbehalten.<\/p>\n        <\/div>\n      <\/div>\n    <\/div>\n  <\/div>\n<\/div>\n<\/div><\/div><\/div><\/div><\/div>","protected":false},"excerpt":{"rendered":"","protected":false},"author":2,"featured_media":0,"parent":0,"menu_order":0,"comment_status":"closed","ping_status":"closed","template":"","meta":{"footnotes":""},"class_list":["post-810","page","type-page","status-publish","hentry","post"],"rttpg_featured_image_url":null,"rttpg_author":{"display_name":"info info","author_link":"https:\/\/www.eduardalentorn.com\/dr\/author\/info\/"},"rttpg_comment":0,"rttpg_category":" <a href=\"https:\/\/www.eduardalentorn.com\/dr\/de\/\" rel=\"tag\">Deutsch<\/a>","rttpg_excerpt":null,"_links":{"self":[{"href":"https:\/\/www.eduardalentorn.com\/dr\/wp-json\/wp\/v2\/pages\/810","targetHints":{"allow":["GET"]}}],"collection":[{"href":"https:\/\/www.eduardalentorn.com\/dr\/wp-json\/wp\/v2\/pages"}],"about":[{"href":"https:\/\/www.eduardalentorn.com\/dr\/wp-json\/wp\/v2\/types\/page"}],"author":[{"embeddable":true,"href":"https:\/\/www.eduardalentorn.com\/dr\/wp-json\/wp\/v2\/users\/2"}],"replies":[{"embeddable":true,"href":"https:\/\/www.eduardalentorn.com\/dr\/wp-json\/wp\/v2\/comments?post=810"}],"version-history":[{"count":3,"href":"https:\/\/www.eduardalentorn.com\/dr\/wp-json\/wp\/v2\/pages\/810\/revisions"}],"predecessor-version":[{"id":2702,"href":"https:\/\/www.eduardalentorn.com\/dr\/wp-json\/wp\/v2\/pages\/810\/revisions\/2702"}],"wp:attachment":[{"href":"https:\/\/www.eduardalentorn.com\/dr\/wp-json\/wp\/v2\/media?parent=810"}],"curies":[{"name":"wp","href":"https:\/\/api.w.org\/{rel}","templated":true}]}}