{"id":814,"date":"2020-03-27T12:31:17","date_gmt":"2020-03-27T12:31:17","guid":{"rendered":"https:\/\/www.eduardalentorn.com\/dr\/?page_id=814"},"modified":"2024-11-28T10:54:31","modified_gmt":"2024-11-28T10:54:31","slug":"perfil-3","status":"publish","type":"page","link":"https:\/\/www.eduardalentorn.com\/dr\/pt\/perfil-3\/","title":{"rendered":"Perfil"},"content":{"rendered":"<div id=\"pl-gb814-69e0b6d0e46df\"  class=\"panel-layout\" ><div id=\"pg-gb814-69e0b6d0e46df-0\"  class=\"panel-grid panel-no-style\" ><div id=\"pgc-gb814-69e0b6d0e46df-0-0\"  class=\"panel-grid-cell\" ><div id=\"panel-gb814-69e0b6d0e46df-0-0-0\" class=\"so-panel widget widget_sow-headline panel-first-child panel-last-child\" data-index=\"0\" ><div\n\t\t\t\n\t\t\tclass=\"so-widget-sow-headline so-widget-sow-headline-default-2a567a58f3f7-814\"\n\t\t\t\n\t\t><div class=\"sow-headline-container \">\n\t\t\t\t\t\t\t<h3 class=\"sow-headline\">\n\t\t\t\t\t\tPerfil\t\t\t\t\t\t<\/h3>\n\t\t\t\t\t\t\t\t\t\t\t<div class=\"decoration\">\n\t\t\t\t\t\t<div class=\"decoration-inside\"><\/div>\n\t\t\t\t\t<\/div>\n\t\t\t\t\t<\/div>\n<\/div><\/div><\/div><\/div><div id=\"pg-gb814-69e0b6d0e46df-1\"  class=\"panel-grid panel-no-style\" ><div id=\"pgc-gb814-69e0b6d0e46df-1-0\"  class=\"panel-grid-cell\" ><div id=\"panel-gb814-69e0b6d0e46df-1-0-0\" class=\"widget_text so-panel widget widget_custom_html panel-first-child panel-last-child\" data-index=\"1\" ><div class=\"widget_text home-content-text panel-widget-style panel-widget-style-for-gb814-69e0b6d0e46df-1-0-0\" ><div class=\"textwidget custom-html-widget\">Dr. Eduard Alentorn Geli \u00e9 um cirurgi\u00e3o ortop\u00e9dico e traumatologista especializado em traumatologia do ombro, cotovelo, joelho e esportes. \u00c9 um cirurgi\u00e3o com voca\u00e7\u00e3o cujo \u00fanico interesse \u00e9 melhorar a qualidade de vida dos pacientes. Ele tem o perfil de um m\u00e9dico emp\u00e1tico, atencioso, respeitoso, humano, respons\u00e1vel, trabalhador, muito profissional, e que dedica o tempo necess\u00e1rio dispon\u00edvel a cada paciente para tentar encontrar a melhor alternativa de tratamento, seja um tratamento conservador ou cir\u00fargico.\nDr. Alentorn sempre tem a melhor predisposi\u00e7\u00e3o para ajudar o paciente quando poss\u00edvel. Nas consultas, o M\u00e9dico realiza uma entrevista detalhada com cada paciente para obter dados importantes sobre o que os pacientes explicam que ajudam no diagn\u00f3stico e, em seguida, um exame f\u00edsico exaustivo. Ambos os aspetos s\u00e3o cruciais, em sua opini\u00e3o, para se chegar a um diagn\u00f3stico preciso. Os exames de imagem s\u00e3o ent\u00e3o avaliados para ajudar a confirmar o diagn\u00f3stico. \u00c9 importante, na sua opini\u00e3o, avaliar as imagens por si e n\u00e3o apenas pelo relat\u00f3rio. Em casos de tratamento cir\u00fargico, o Dr. Alentorn tenta sempre adaptar-se \u00e0s necessidades do paciente em termos de tipo de tratamento e tempo de cirurgia. Na sala de cirurgia, ele cuida de todos os detalhes para tornar a experi\u00eancia do paciente o mais confort\u00e1vel e atraum\u00e1tica poss\u00edvel. \u00c9 um cirurgi\u00e3o muito preciso, met\u00f3dico, focado e perfeccionista: \u00abPerguntei ao Doutor quanto tempo demoraria a realizar a cirurgia, e ele respondeu que era necess\u00e1rio que fosse perfeita\u00bb, conta um paciente.\nDr. Alentorn treinou na Espanha, Estados Unidos e Europa, com um total de 3 anos no exterior, frequentando v\u00e1rios centros de renome mundial para obter a melhor e mais completa forma\u00e7\u00e3o.\nO seu perfil de m\u00e9dico dedicado ao cuidado do doente faz com que esteja no topo dos seus pacientes operados, com um acompanhamento pr\u00f3ximo durante a admiss\u00e3o no Hospital e em Consultas Ambulatoriais. A forma como exerceu a medicina e a sua filosofia como m\u00e9dico est\u00e3o condicionadas pela sua enorme voca\u00e7\u00e3o e pela sua forma\u00e7\u00e3o naquele que \u00e9 considerado o melhor hospital dos Estados Unidos e provavelmente do mundo, a Mayo Clinic, em Rochester, cujo lema \u00e9 \u00abas necessidades dos pacientes v\u00eam em primeiro lugar\u00bb.\n<\/div><\/div><\/div><\/div><\/div><div id=\"pg-gb814-69e0b6d0e46df-2\"  class=\"panel-grid panel-no-style\" ><div id=\"pgc-gb814-69e0b6d0e46df-2-0\"  class=\"panel-grid-cell panel-grid-cell-empty\" ><\/div><\/div><div id=\"pg-gb814-69e0b6d0e46df-3\"  class=\"panel-grid panel-no-style\" ><div id=\"pgc-gb814-69e0b6d0e46df-3-0\"  class=\"panel-grid-cell panel-grid-cell-empty panel-grid-cell-mobile-last\" ><\/div><div id=\"pgc-gb814-69e0b6d0e46df-3-1\"  class=\"panel-grid-cell panel-grid-cell-empty\" ><\/div><\/div><div id=\"pg-gb814-69e0b6d0e46df-4\"  class=\"panel-grid panel-no-style\" ><div id=\"pgc-gb814-69e0b6d0e46df-4-0\"  class=\"panel-grid-cell\" ><div id=\"panel-gb814-69e0b6d0e46df-4-0-0\" class=\"widget_text so-panel widget widget_custom_html panel-first-child panel-last-child\" data-index=\"2\" ><div class=\"textwidget custom-html-widget\"><link rel=\"stylesheet\" href=\"https:\/\/maxcdn.bootstrapcdn.com\/bootstrap\/4.1.3\/css\/bootstrap.min.css\">\n   <link href=\"https:\/\/maxcdn.bootstrapcdn.com\/font-awesome\/4.7.0\/css\/font-awesome.min.css\" rel=\"stylesheet\">\n   <style>\n\/*FOOTER*\/\n\n.mainfooter {\n  background: #16222A;\n  background: -webkit-linear-gradient(59deg, #155a63, #16222A);\n  background: linear-gradient(59deg, #155adeg, #16222A);\n  color: white;\n  margin-top:2px;\n}\n\n.mainfooter h4 {\n\tfont-size: 1.375em;\n}\n\n.mainfooter a {\n  color: #fff;\n  font-size: 12px;\n  transition-duration: 0.2s;\n}\n\n.mainfooter a:hover {\n  color: #6EBEC9;\n  text-decoration: none;\n}\n\n.copy {\n  font-size: 10px;\n  padding: 0;\n  border-top: 1px solid #FFFFFF;\n}\n\n.footer-middle {\n  padding-top: 0.5em;\n  color: white;\n}\n\n\n\/*SOC\u0130AL \u0130CONS*\/\n\n\/* footer social icons *\/\n\nul.social-network {\n  list-style: none;\n  display: inline;\n  margin-left: 0 !important;\n  padding: 0;\n}\n\nul.social-network li {\n  display: inline;\n  margin: 0 2px;\n}\n\n\n\/* footer social icons *\/\n\n.social-network a.socialIcon:hover,\n.socialHoverClass {\n  color: #44BCDD;\n}\n\/*\n.social-circle li a {\n  display: inline-block;\n  position: relative;\n  margin: 0 auto 0 auto;\n  -moz-border-radius: 50%;\n  -webkit-border-radius: 50%;\n  border-radius: 50%;\n  text-align: center;\n  width: 30px;\n  height: 30px;\n  font-size: 15px;\n}\n*\/\n.social-circle li img {\n  margin: 0;\n  line-height: 30px;\n  text-align: center;\n}\n\n.social-circle li img {\n  display: inline-block;\n  position: relative;\n  margin: 0 auto 2px auto;\n  -moz-border-radius: 25%;\n  -webkit-border-radius: 25%;\n  border-radius: 25%;\n  text-align: center;\n  width: 25px;\n  height: 25px;\n  font-size: 15px;\n}\n\n.social-circle li a:hover i,\n.triggeredHover {\n  -moz-transform: rotate(360deg);\n  -webkit-transform: rotate(360deg);\n  -ms--transform: rotate(360deg);\n  transform: rotate(360deg);\n  -webkit-transition: all 0.2s;\n  -moz-transition: all 0.2s;\n  -o-transition: all 0.2s;\n  -ms-transition: all 0.2s;\n  transition: all 0.2s;\n}\n\n.social-circle li a:hover img,\n.triggeredHover {\n  -moz-transform: rotate(360deg);\n  -webkit-transform: rotate(360deg);\n  -ms--transform: rotate(360deg);\n  transform: rotate(360deg);\n  -webkit-transition: all 0.2s;\n  -moz-transition: all 0.2s;\n  -o-transition: all 0.2s;\n  -ms-transition: all 0.2s;\n  transition: all 0.2s;\n}\n\n.social-circle i {\n  color: #595959;\n  -webkit-transition: all 0.8s;\n  -moz-transition: all 0.8s;\n  -o-transition: all 0.8s;\n  -ms-transition: all 0.8s;\n  transition: all 0.8s;\n}\n\n\n\n.social-network a {\n  background-color: #F9F9F9;\n}\n\n.ic{\n\tfont-size: 16px;\n}\n\n@media only screen and (max-width: 600px) {\n  .copy {\n    margin-top: 15px;\n  }\n}\n\n\n   <\/style>\n   \n\n\n<div class=\"mainfooter\" role=\"contentinfo\">\n  <div class=\"footer-middle\">\n    <div class=\"container\">\n      <div class=\"row\">\n        <div class=\"col-md-3 col-sm-6\">\n          <div class=\"footer-pad\">\n            <ul class=\"list-unstyled\">\n              <h4>Eduard Alentorn Geli<\/h4>\n              <li><a target=\"_blank\" href=\"mailto:info@eduardalentorn.com\"><i class=\"fa fa-envelope ic\"><\/i> info@eduardalentorn.com<\/a><\/li>\n              <li><a target=\"_blank\" href=\"tel:+34938346450\"><i class=\"fa fa-phone ic\"><\/i> +34 613316752<\/a><\/li>\n            <\/ul>\n          <\/div>\n        <\/div>\n        <div class=\"col-md-3 col-sm-6\">\n          <div class=\"footer-pad\">\n            <h4>Lugares onde trabalho<\/h4>\n            <ul class=\"list-unstyled\">\n              <li><a href=\"https:\/\/www.mcf.cat\/\" target=\"_blank\" rel=\"noopener noreferrer\">Viu Salut<\/a><\/li>\n\t\t\t\t\t    <li><a href=\"https:\/\/www.mcf.cat\/\" target=\"_blank\" rel=\"noopener noreferrer\">Zona Wellness &#8211; The Aquatics Medical Center (CNAB)<\/a><\/li>\n            <\/ul>\n          <\/div>\n        <\/div>\n        <div class=\"col-md-3 col-sm-6\">\n          <div class=\"footer-pad\">\n            <h4>Links<\/h4>\n            <ul class=\"list-unstyled\">\n              <li><a href=\"https:\/\/www.eduardalentorn.com\/dr\/\" target=\"_blank\" rel=\"noopener noreferrer\">In\u00edcio<\/a><\/li>\n              <li><a href=\"https:\/\/www.eduardalentorn.com\/dr\/contacto\/\" target=\"_blank\" rel=\"noopener noreferrer\">Contato<\/a><\/li>\n              <li><a href=\"#\" target=\"_blank\" rel=\"noopener noreferrer\">Solicitar hor\u00e1rio<\/a><\/li>\n              <li><a href=\"#\" target=\"_blank\" rel=\"noopener noreferrer\">Locais e hor\u00e1rios<\/a><\/li>\n            <\/ul>\n          <\/div>\n        <\/div>\n        <div class=\"col-md-3\">\n          <h4>Nos siga<\/h4>\n           <ul class=\"social-network social-circle\">\n             <li><a href=\"https:\/\/www.facebook.com\/ealentorn\" target=\"_blank\" class=\"icoVumedi\"  title=\"facebook\"><img decoding=\"async\" src=\"https:\/\/www.eduardalentorn.com\/dr\/wp-content\/uploads\/2020\/04\/face.png\"><\/img><\/a><\/li>\n             <li><a href=\"https:\/\/twitter.com\/dralentorngeli?lang=es\" target=\"_blank\" class=\"icoVumedi\" title=\"twitter\"><img decoding=\"async\" src=\"https:\/\/www.eduardalentorn.com\/dr\/wp-content\/uploads\/2024\/11\/image-1.png\"><\/img><\/a><\/li>\n             <li><a href=\"https:\/\/es.linkedin.com\/in\/eduard-alentorn-geli-md-msc-phd-febot-facgme-38017742\" target=\"_blank\" class=\"icoVumedi\" title=\"linkedin\"><img decoding=\"async\" src=\"https:\/\/www.eduardalentorn.com\/dr\/wp-content\/uploads\/2020\/04\/link.png\"><\/img><\/a><\/li>\n             <li><a href=\"https:\/\/instagram.com\/dr.e.alentorn.geli?igshid=dgrgwa2kq3d6\" target=\"_blank\" class=\"icoVumedi\" title=\"instagram\"><img decoding=\"async\" src=\"https:\/\/www.eduardalentorn.com\/dr\/wp-content\/uploads\/2020\/04\/inst.png\"><\/img><\/a><\/li>\n             <li><a href=\"https:\/\/www.youtube.com\/channel\/UC6t1F6qZZ_evlXYvK_i0rtQ\" target=\"_blank\" class=\"icoVumedi\" title=\"youtube\"><img decoding=\"async\" src=\"https:\/\/www.eduardalentorn.com\/dr\/wp-content\/uploads\/2020\/04\/yout.png\"><\/img><\/a><\/li>\n             \n             <li><a href=\"https:\/\/www.vumedi.com\/video\/protesis-artroplastia-humeral-hombro-sin-vastago-dr-eduard-alentorn-geli-spanish\/\" target=\"_blank\" class=\"icoVumedi\" title=\"vumedi\"><img decoding=\"async\" src=\"https:\/\/www.eduardalentorn.com\/dr\/wp-content\/uploads\/2020\/04\/vumedi.png\"><\/img><\/a><\/li>\n             <li><a href=\"https:\/\/videosdemedicina.com\/\" target=\"_blank\" class=\"icoVumedi\" title=\"videos de medicos\"><img decoding=\"async\" src=\"https:\/\/www.eduardalentorn.com\/dr\/wp-content\/uploads\/2020\/04\/vidmed.png\"><\/img><\/a><\/li>\n            <\/ul>\t\t\t\t\n        <\/div>\n      <\/div>\n      <br>\n      <div class=\"row\">\n        <div class=\"col-md-12 copy\">\n          <p class=\"text-center\">\u00a9 Copyright 2020 &#8211; Este site foi criado por <a href=\"https:\/\/funhelps.com\" target=\"_blank\">Funhelps<\/a> &#8211; Todos os direitos reservados.<\/p>\n        <\/div>\n      <\/div>\n    <\/div>\n  <\/div>\n<\/div>\n<\/div><\/div><\/div><\/div><\/div>","protected":false},"excerpt":{"rendered":"","protected":false},"author":2,"featured_media":0,"parent":0,"menu_order":0,"comment_status":"closed","ping_status":"closed","template":"","meta":{"footnotes":""},"class_list":["post-814","page","type-page","status-publish","hentry","post"],"rttpg_featured_image_url":null,"rttpg_author":{"display_name":"info info","author_link":"https:\/\/www.eduardalentorn.com\/dr\/author\/info\/"},"rttpg_comment":0,"rttpg_category":" <a href=\"https:\/\/www.eduardalentorn.com\/dr\/pt\/\" rel=\"tag\">Portugu\u00eas<\/a>","rttpg_excerpt":null,"_links":{"self":[{"href":"https:\/\/www.eduardalentorn.com\/dr\/wp-json\/wp\/v2\/pages\/814","targetHints":{"allow":["GET"]}}],"collection":[{"href":"https:\/\/www.eduardalentorn.com\/dr\/wp-json\/wp\/v2\/pages"}],"about":[{"href":"https:\/\/www.eduardalentorn.com\/dr\/wp-json\/wp\/v2\/types\/page"}],"author":[{"embeddable":true,"href":"https:\/\/www.eduardalentorn.com\/dr\/wp-json\/wp\/v2\/users\/2"}],"replies":[{"embeddable":true,"href":"https:\/\/www.eduardalentorn.com\/dr\/wp-json\/wp\/v2\/comments?post=814"}],"version-history":[{"count":3,"href":"https:\/\/www.eduardalentorn.com\/dr\/wp-json\/wp\/v2\/pages\/814\/revisions"}],"predecessor-version":[{"id":2755,"href":"https:\/\/www.eduardalentorn.com\/dr\/wp-json\/wp\/v2\/pages\/814\/revisions\/2755"}],"wp:attachment":[{"href":"https:\/\/www.eduardalentorn.com\/dr\/wp-json\/wp\/v2\/media?parent=814"}],"curies":[{"name":"wp","href":"https:\/\/api.w.org\/{rel}","templated":true}]}}