{"id":820,"date":"2020-04-03T10:21:14","date_gmt":"2020-04-03T10:21:14","guid":{"rendered":"https:\/\/www.eduardalentorn.com\/dr\/?page_id=820"},"modified":"2024-11-28T09:50:43","modified_gmt":"2024-11-28T09:50:43","slug":"resum-cv","status":"publish","type":"page","link":"https:\/\/www.eduardalentorn.com\/dr\/ca\/resum-cv\/","title":{"rendered":"Resum CV"},"content":{"rendered":"<div id=\"pl-gb820-69e0f90d951f6\"  class=\"panel-layout\" ><div id=\"pg-gb820-69e0f90d951f6-0\"  class=\"panel-grid panel-no-style\" ><div id=\"pgc-gb820-69e0f90d951f6-0-0\"  class=\"panel-grid-cell\" ><div id=\"panel-gb820-69e0f90d951f6-0-0-0\" class=\"so-panel widget widget_sow-headline panel-first-child panel-last-child\" data-index=\"0\" ><div\n\t\t\t\n\t\t\tclass=\"so-widget-sow-headline so-widget-sow-headline-default-2a567a58f3f7-820\"\n\t\t\t\n\t\t><div class=\"sow-headline-container \">\n\t\t\t\t\t\t\t<h3 class=\"sow-headline\">\n\t\t\t\t\t\tResum CV\t\t\t\t\t\t<\/h3>\n\t\t\t\t\t\t\t\t\t\t\t<div class=\"decoration\">\n\t\t\t\t\t\t<div class=\"decoration-inside\"><\/div>\n\t\t\t\t\t<\/div>\n\t\t\t\t\t<\/div>\n<\/div><\/div><\/div><\/div><div id=\"pg-gb820-69e0f90d951f6-1\"  class=\"panel-grid panel-no-style\" ><div id=\"pgc-gb820-69e0f90d951f6-1-0\"  class=\"panel-grid-cell\" ><div id=\"panel-gb820-69e0f90d951f6-1-0-0\" class=\"widget_text so-panel widget widget_custom_html panel-first-child panel-last-child\" data-index=\"1\" ><div class=\"widget_text home-content-text panel-widget-style panel-widget-style-for-gb820-69e0f90d951f6-1-0-0\" ><div class=\"textwidget custom-html-widget\">El Dr. Eduard Alentorn Geli \u00e9s un cirurgi\u00e0 ortopeda i traumat\u00f2leg natural de Barcelona amb una \u00e0mplia formaci\u00f3 en el camp de la Medicina i Traumatologia Esportives, i sub-especialitzat en espatlla, colze i genoll. El Dr. Alentorn ha estat involucrat en l&#8217;esport des de fa molts anys, realitzant primer la Llicenciatura en Ci\u00e8ncies de l&#8217;Activitat F\u00edsica i l&#8217;Esport a l &#8216;Institut Nacional d&#8217;Educaci\u00f3 F\u00edsica de Catalunya (INEFC) a Barcelona i obtenint el Premi Extraordinari al millor expedient acad\u00e8mic de la promoci\u00f3. Durant la seva Llicenciatura de Medicina cursada a la Universitat de Barcelona, va completar a m\u00e9s un M\u00e0ster en Biomec\u00e0nica Cl\u00ednica de l&#8217;Aparell Locomotor per la Universitat Rovira i Virgili, un M\u00e0ster en Entrenament d&#8217;Alt Rendiment en Esports d&#8217;Equip per l &#8216;INEFC-Barcelona, i el Doctorat per la Universitat de Barcelona amb la qualificaci\u00f3 de CUM LAUDE per Unanimitat.\nAmb aquesta formaci\u00f3, el Dr. Alentorn va iniciar l&#8217;Especialitat de Cirurgia Ortop\u00e8dica i Traumatologia a l &#8216;Hospital del Mar i l&#8217;Esperan\u00e7a (Universitat Aut\u00f2noma de Barcelona). El Doctor va finalitzar l&#8217;Especialitat de Cirurgia Ortop\u00e8dica i Traumatologia amb una \u00e0mplia experi\u00e8ncia acumulada en l&#8217;\u00e0mbit cl\u00ednic, quir\u00fargic i acad\u00e8mic, havent visitat m\u00faltiples centres de Medicina i Traumatologia Esportives, Cirurgia de Rodilla i Cirurgia d&#8217;Espatlla i Colze a Espanya i Estats Units d&#8217;Am\u00e8rica: University of Iowa Hospitals and Clinics (Iowa City, Iowa,  EUA), Columbia Presbyterian Medical Center (New York, EUA), Johns Hopkins University (Baltimore, MD, EUA), Hospital for Special Surgery (New York, EUA), University of Pittsburgh (Pittsburgh, PA, EUA), Rush University (Chicago, IL, EUA), Mount Sinai Medical Center (New York, NY, EUA) i Hospital La Paz (Madrid, Espanya). Abans de finalitzar la resid\u00e8ncia en Cirurgia Ortop\u00e8dica i Traumatologia, el Dr. Alentorn va obtenir la convalidaci\u00f3 del t\u00edtol de Llicenciat en Medicina per l &#8216;Educational Comission for Foreign Medical Graduates (ECFMG) dels Estats Units i va obtenir la Llic\u00e8ncia M\u00e8dica per exercir de metge en aquest pa\u00eds. El Dr. Alentorn va rebre el premi al Resident de l&#8217;Any per la Societat Espanyola de Cirurgia Ortop\u00e8dica i Traumatologia, que s&#8217;atorga al millor metge intern resident d &#8216;Espanya que finalitza l&#8217;Especialitat de Cirurgia Ortop\u00e8dica i Traumatologia en el per\u00edode 2009-2014. Poc despr\u00e9s, el Doctor va obtenir el prestigi\u00f3s T\u00edtol Europeu d&#8217;Especialista en Cirurgia Ortop\u00e8dica i Traumatologia per la European Board of Orthopedics and Traumatology (EBOT).\nEl Dr. Alentorn va obtenir pla\u00e7a per realitzar un any de sub-especialitzaci\u00f3 oficial acreditada en Medicina i Traumatologia Esportiva a la reputada Duke University (Durham, NC, Estats Units), aprenent t\u00e8cniques novedoses en cirurgia artrosc\u00f2pica i oberta de genoll i espatlla. A m\u00e9s, va ser metge dels equips de futbol, futbol americ\u00e0 i b\u00e0squet d&#8217;aquesta Universitat i tamb\u00e9 va cobrir els campionats nacionals d&#8217;Hoquei i Lacrosse. Durant l&#8217;any seg\u00fcent, el Dr. Alentorn va realitzar una segona sub-especialitzaci\u00f3 oficial acreditada en aquest cas en Cirurgia Reconstructiva d&#8217;Espatlla i Colze a la prestigiosa Cl\u00ednica Mayo (Rochester, MN, EUA), considerada la millor cl\u00ednica del pa\u00eds en repetides ocasions per la revista US News Best Hospitals, i per a molts la millor cl\u00ednica del m\u00f3n en cirurgia d&#8217;espatlla i colze. Durant aquest any, el Doctor va aprendre t\u00e8cniques de reconstrucci\u00f3 de qualsevol patologia simple i complexa d&#8217;Espatlla i Colze, en ser la Cl\u00ednica Maig lloc de refer\u00e8ncia Nacional i Internacional en aquesta \u00e0rea.\nEn tornar dels Estats Units amb una \u00e0mplia formaci\u00f3 en les \u00e0rees d&#8217;Espatlla, Colze, Rodilla i Traumatologia esportiva, el Doctor es va unir al grup del mundialment reconegut Dr. Ram\u00f3n Cugat, considerat expert en la patologia esportiva, artrosc\u00f2pia i cirurgia artrosc\u00f2pica de genoll. El Dr. Alentorn ha desenvolupat la seva activitat professional com a cirurgi\u00e0 ortopeda i traumat\u00f2leg especialista en cirurgia simple i complexa d&#8217;Espatlla, Colze i Rodilla a l&#8217;Institut Cugat (ubicada a Hospital Quir\u00f3nsalud, Barcelona) i a la Mutualitat Catalana de Futbolistes des del 2016 al 2024.\nA nivell docent, el Dr. Alentorn va servir durant 4 anys com a professor de Cirurgia Ortop\u00e8dica i Traumatologia a l&#8217; Acad\u00e8mia CTO per a la preparaci\u00f3 de l&#8217; Examen MIR a nivell estatal. A m\u00e9s, ha estat professor extern del M\u00e0ster en Readaptaci\u00f3 Esportiva  a l&#8217;Escola Universit\u00e0ria de la Salut i l&#8217;Esport &#8211; EUSES (centre adscrit a la Universitat de Girona), impartint l&#8217;assignatura de Fisiopatologia i Mecanisme lesional en Traumatologia Esportiva. En l&#8217;actualitat el Dr. Alentorn tamb\u00e9 serveix com a Professor Acreditat per la European Society of Sports Traumatology, Knee Surgery, and Arthroscopy (ESSKA).\nA nivell cient\u00edfic, el Dr. Alentorn ha contribu\u00eft de manera significativa en multitud de pon\u00e8ncies en cursos i Congressos nacionals i internacionals (vegeu Curriculum Vitae) i \u00e9s autor de 200 publicacions internacionals en revistes indexades (Font: Google Scholar) i m\u00e9s de 10 cap\u00edtols de llibre internacionals, amb un \u00edndex H de 44.\nEl Dr. Eduard Alentorn \u00e9s membre de diverses societats cient\u00edfiques espanyoles i europees com l &#8216;Associaci\u00f3 Espanyola d&#8217;Artrosc\u00f2pia (AEA), la Societat Espanyola de Cirurgia d&#8217;Espatlla i Colze (SECHC) o la European Society of Sports Traumatology, Knee Surgery, and Arthroscopy (ESSKA). El Dr. Alentorn ha format part de la Junta Directiva de la SECHC i de la secci\u00f3 d&#8217;espatlla dins de l&#8217;ESSKA (la secci\u00f3 ESA), i ha servit com a membre del Comit\u00e8 Cient\u00edfic per a l&#8217;organitzaci\u00f3 del Congr\u00e9s bianual de la pr\u00f2pia societat en dues ocasions. Eduard Alentorn porta desenvolupant funcions d&#8217;Editor Associat per a la revista europea Knee Surgery, Sports Traumatology, and Arthroscopy (KSSTA), revista oficial de l&#8217;ESSKa, durant m\u00e9s de 10 anys.\n<\/div><\/div><\/div><\/div><\/div><div id=\"pg-gb820-69e0f90d951f6-2\"  class=\"panel-grid panel-no-style\" ><div id=\"pgc-gb820-69e0f90d951f6-2-0\"  class=\"panel-grid-cell panel-grid-cell-empty\" ><\/div><\/div><div id=\"pg-gb820-69e0f90d951f6-3\"  class=\"panel-grid panel-no-style\" ><div id=\"pgc-gb820-69e0f90d951f6-3-0\"  class=\"panel-grid-cell panel-grid-cell-empty panel-grid-cell-mobile-last\" ><\/div><div id=\"pgc-gb820-69e0f90d951f6-3-1\"  class=\"panel-grid-cell panel-grid-cell-empty\" ><\/div><\/div><div id=\"pg-gb820-69e0f90d951f6-4\"  class=\"panel-grid panel-no-style\" ><div id=\"pgc-gb820-69e0f90d951f6-4-0\"  class=\"panel-grid-cell\" ><div id=\"panel-gb820-69e0f90d951f6-4-0-0\" class=\"widget_text so-panel widget widget_custom_html panel-first-child panel-last-child\" data-index=\"2\" ><div class=\"textwidget custom-html-widget\"><link rel=\"stylesheet\" href=\"https:\/\/maxcdn.bootstrapcdn.com\/bootstrap\/4.1.3\/css\/bootstrap.min.css\">\n   <link href=\"https:\/\/maxcdn.bootstrapcdn.com\/font-awesome\/4.7.0\/css\/font-awesome.min.css\" rel=\"stylesheet\">\n   <style>\n\/*FOOTER*\/\n\n.mainfooter {\n  background: #16222A;\n  background: -webkit-linear-gradient(59deg, #155a63, #16222A);\n  background: linear-gradient(59deg, #155adeg, #16222A);\n  color: white;\n  margin-top:2px;\n}\n\n.mainfooter h4 {\n\tfont-size: 1.375em;\n}\n\n.mainfooter a {\n  color: #fff;\n  font-size: 12px;\n  transition-duration: 0.2s;\n}\n\n.mainfooter a:hover {\n  color: #6EBEC9;\n  text-decoration: none;\n}\n\n.copy {\n  font-size: 10px;\n  padding: 0;\n  border-top: 1px solid #FFFFFF;\n}\n\n.footer-middle {\n  padding-top: 0.5em;\n  color: white;\n}\n\n\n\/*SOC\u0130AL \u0130CONS*\/\n\n\/* footer social icons *\/\n\nul.social-network {\n  list-style: none;\n  display: inline;\n  margin-left: 0 !important;\n  padding: 0;\n}\n\nul.social-network li {\n  display: inline;\n  margin: 0 2px;\n}\n\n\n\/* footer social icons *\/\n\n.social-network a.socialIcon:hover,\n.socialHoverClass {\n  color: #44BCDD;\n}\n\/*\n.social-circle li a {\n  display: inline-block;\n  position: relative;\n  margin: 0 auto 0 auto;\n  -moz-border-radius: 50%;\n  -webkit-border-radius: 50%;\n  border-radius: 50%;\n  text-align: center;\n  width: 30px;\n  height: 30px;\n  font-size: 15px;\n}\n*\/\n.social-circle li img {\n  margin: 0;\n  line-height: 30px;\n  text-align: center;\n}\n\n.social-circle li img {\n  display: inline-block;\n  position: relative;\n  margin: 0 auto 2px auto;\n  -moz-border-radius: 25%;\n  -webkit-border-radius: 25%;\n  border-radius: 25%;\n  text-align: center;\n  width: 25px;\n  height: 25px;\n  font-size: 15px;\n}\n\n.social-circle li a:hover i,\n.triggeredHover {\n  -moz-transform: rotate(360deg);\n  -webkit-transform: rotate(360deg);\n  -ms--transform: rotate(360deg);\n  transform: rotate(360deg);\n  -webkit-transition: all 0.2s;\n  -moz-transition: all 0.2s;\n  -o-transition: all 0.2s;\n  -ms-transition: all 0.2s;\n  transition: all 0.2s;\n}\n\n.social-circle li a:hover img,\n.triggeredHover {\n  -moz-transform: rotate(360deg);\n  -webkit-transform: rotate(360deg);\n  -ms--transform: rotate(360deg);\n  transform: rotate(360deg);\n  -webkit-transition: all 0.2s;\n  -moz-transition: all 0.2s;\n  -o-transition: all 0.2s;\n  -ms-transition: all 0.2s;\n  transition: all 0.2s;\n}\n\n.social-circle i {\n  color: #595959;\n  -webkit-transition: all 0.8s;\n  -moz-transition: all 0.8s;\n  -o-transition: all 0.8s;\n  -ms-transition: all 0.8s;\n  transition: all 0.8s;\n}\n\n\n\n.social-network a {\n  background-color: #F9F9F9;\n}\n\n.ic{\n\tfont-size: 16px;\n}\n\n@media only screen and (max-width: 600px) {\n  .copy {\n    margin-top: 15px;\n  }\n}\n\n\n   <\/style>\n   \n\n\n<div class=\"mainfooter\" role=\"contentinfo\">\n  <div class=\"footer-middle\">\n  <div class=\"container\">\n    <div class=\"row\">\n      <div class=\"col-md-3 col-sm-6\">\n        <!--Column1-->\n        <div class=\"footer-pad\">\n          <h4>Dr. Eduard Alentorn Geli<\/h4>\n          <ul class=\"list-unstyled\">\n            \n            <li><a tarjet=\"_blank\" href=\"mailto:info@eduardalentorn.com\"><i class=\"fa fa-envelope ic\"><\/i> info@eduardalentorn.com<\/a><\/li>\n            <li><a tarjet=\"_blank\" href=\"tel:+34938346450\"><i class=\"fa fa-phone ic\"><\/i> +34 613316752<\/a><\/li>\n          <\/ul>\n        <\/div>\n      <\/div>\n      <div class=\"col-md-3 col-sm-6\">\n        <!--Column1-->\n        <div class=\"footer-pad\">\n          <h4>Llocs on treballo<\/h4>\n          <ul class=\"list-unstyled\">\n            <li><a href=\"https:\/\/www.mcf.cat\/\" target=\"_blank\" rel=\"noopener noreferrer\">Viu Salut<\/a><\/li>\n\t\t\t\t\t\t<li><a href=\"https:\/\/www.mcf.cat\/\" target=\"_blank\" rel=\"noopener noreferrer\">Zona Wellness &#8211; The Aquatics Medical Center (CNAB)<\/a><\/li>\n\t\t\t\t\t<\/ul>\n        <\/div>\n      <\/div>\n      <div class=\"col-md-3 col-sm-6\">\n        <!--Column1-->\n        <div class=\"footer-pad\">\n          <h4>Enlla\u00e7os<\/h4>\n          <ul class=\"list-unstyled\">\n            <li><a href=\"https:\/\/www.eduardalentorn.com\/dr\/\" target=\"_blank\" rel=\"noopener noreferrer\">Inici<\/a><\/li>             <li><a href=\"https:\/\/www.eduardalentorn.com\/dr\/contacto\/\" target=\"_blank\" rel=\"noopener noreferrer\">Contacte<\/a><\/li>\n\n            <li><a href=\"http:\/\/www.eduardalentorn.com\/dr\/pedir-hora\/\" target=\"_blank\" rel=\"noopener noreferrer\">Demanar hora<\/a><\/li>\n            <li><a href=\"http:\/\/www.eduardalentorn.com\/dr\/ubicaciones-y-horas\/\" target=\"_blank\" rel=\"noopener noreferrer\">Com arribar<\/a><\/li>\n            <li>\n              <a href=\"#\"><\/a>\n            <\/li>\n          <\/ul>\n        <\/div>\n      <\/div>\n    \t<div class=\"col-md-3 col-sm-6\">\n    \t\t<h4>Segueix-nos<\/h4>\n            <ul class=\"social-network social-circle\">\n             <li><a href=\"https:\/\/www.facebook.com\/ealentorn\" target=\"_blank\" class=\"icoVumedi\"  title=\"facebook\"><img decoding=\"async\" src=\"https:\/\/www.eduardalentorn.com\/dr\/wp-content\/uploads\/2020\/04\/face.png\"><\/img><\/a><\/li>\n             <li><a href=\"https:\/\/twitter.com\/dralentorngeli?lang=es\" target=\"_blank\" class=\"icoVumedi\" title=\"twitter\"><img decoding=\"async\" src=\"https:\/\/www.eduardalentorn.com\/dr\/wp-content\/uploads\/2024\/11\/image-1.png\"><\/img><\/a><\/li>\n             <li><a href=\"https:\/\/es.linkedin.com\/in\/eduard-alentorn-geli-md-msc-phd-febot-facgme-38017742\" target=\"_blank\" class=\"icoVumedi\" title=\"linkedin\"><img decoding=\"async\" src=\"https:\/\/www.eduardalentorn.com\/dr\/wp-content\/uploads\/2020\/04\/link.png\"><\/img><\/a><\/li>\n             <li><a href=\"https:\/\/instagram.com\/dr.e.alentorn.geli?igshid=dgrgwa2kq3d6\" target=\"_blank\" class=\"icoVumedi\" title=\"instagram\"><img decoding=\"async\" src=\"https:\/\/www.eduardalentorn.com\/dr\/wp-content\/uploads\/2020\/04\/inst.png\"><\/img><\/a><\/li>\n             <li><a href=\"https:\/\/www.youtube.com\/channel\/UC6t1F6qZZ_evlXYvK_i0rtQ\" target=\"_blank\" class=\"icoVumedi\" title=\"youtube\"><img decoding=\"async\" src=\"https:\/\/www.eduardalentorn.com\/dr\/wp-content\/uploads\/2020\/04\/yout.png\"><\/img><\/a><\/li>\n             \n             <li><a href=\"https:\/\/www.vumedi.com\/video\/protesis-artroplastia-humeral-hombro-sin-vastago-dr-eduard-alentorn-geli-spanish\/\" target=\"_blank\" class=\"icoVumedi\" title=\"vumedi\"><img decoding=\"async\" src=\"https:\/\/www.eduardalentorn.com\/dr\/wp-content\/uploads\/2020\/04\/vumedi.png\"><\/img><\/a><\/li>\n             <li><a href=\"https:\/\/videosdemedicina.com\/\" target=\"_blank\" class=\"icoVumedi\" title=\"videos de medicos\"><img decoding=\"async\" src=\"https:\/\/www.eduardalentorn.com\/dr\/wp-content\/uploads\/2020\/04\/vidmed.png\"><\/img><\/a><\/li>\n            <\/ul>\t\t\t\t\n\t\t<\/div>\n\n    <\/div>\n\n\t<div class=\"row\">\n\t\t<div class=\"col-md-12 copy\">\n\t\t\t<p class=\"text-center\" style=\"padding-bottom: 0px; margin-bottom: 5px;\">(C) Copyright 2020 Dr. Eduard Alentorn Geli &#8211; This site was created by <a href=\"funhelps.com\" tarjet=\"_blank\" >Funhelps<\/a> &#8211;   All rights reserved.<\/p>\n\t\t<\/div>\n\t<\/div>\n\n\n  <\/div>\n  <\/div>\n<\/div><\/div><\/div><\/div><\/div><\/div>","protected":false},"excerpt":{"rendered":"","protected":false},"author":2,"featured_media":0,"parent":0,"menu_order":0,"comment_status":"closed","ping_status":"closed","template":"","meta":{"footnotes":""},"class_list":["post-820","page","type-page","status-publish","hentry","post"],"rttpg_featured_image_url":null,"rttpg_author":{"display_name":"info info","author_link":"https:\/\/www.eduardalentorn.com\/dr\/author\/info\/"},"rttpg_comment":0,"rttpg_category":" <a href=\"https:\/\/www.eduardalentorn.com\/dr\/ca\/\" rel=\"tag\">Catal\u00e0<\/a>","rttpg_excerpt":null,"_links":{"self":[{"href":"https:\/\/www.eduardalentorn.com\/dr\/wp-json\/wp\/v2\/pages\/820","targetHints":{"allow":["GET"]}}],"collection":[{"href":"https:\/\/www.eduardalentorn.com\/dr\/wp-json\/wp\/v2\/pages"}],"about":[{"href":"https:\/\/www.eduardalentorn.com\/dr\/wp-json\/wp\/v2\/types\/page"}],"author":[{"embeddable":true,"href":"https:\/\/www.eduardalentorn.com\/dr\/wp-json\/wp\/v2\/users\/2"}],"replies":[{"embeddable":true,"href":"https:\/\/www.eduardalentorn.com\/dr\/wp-json\/wp\/v2\/comments?post=820"}],"version-history":[{"count":5,"href":"https:\/\/www.eduardalentorn.com\/dr\/wp-json\/wp\/v2\/pages\/820\/revisions"}],"predecessor-version":[{"id":2581,"href":"https:\/\/www.eduardalentorn.com\/dr\/wp-json\/wp\/v2\/pages\/820\/revisions\/2581"}],"wp:attachment":[{"href":"https:\/\/www.eduardalentorn.com\/dr\/wp-json\/wp\/v2\/media?parent=820"}],"curies":[{"name":"wp","href":"https:\/\/api.w.org\/{rel}","templated":true}]}}