{"id":830,"date":"2020-04-03T10:21:14","date_gmt":"2020-04-03T10:21:14","guid":{"rendered":"https:\/\/www.eduardalentorn.com\/dr\/?page_id=830"},"modified":"2024-11-28T10:37:50","modified_gmt":"2024-11-28T10:37:50","slug":"zusammenfassung-des-lebenslaufs","status":"publish","type":"page","link":"https:\/\/www.eduardalentorn.com\/dr\/de\/zusammenfassung-des-lebenslaufs\/","title":{"rendered":"Zusammenfassung des Lebenslaufs"},"content":{"rendered":"<div id=\"pl-gb830-69f1d575f1782\"  class=\"panel-layout\" ><div id=\"pg-gb830-69f1d575f1782-0\"  class=\"panel-grid panel-no-style\" ><div id=\"pgc-gb830-69f1d575f1782-0-0\"  class=\"panel-grid-cell\" ><div id=\"panel-gb830-69f1d575f1782-0-0-0\" class=\"so-panel widget widget_sow-headline panel-first-child panel-last-child\" data-index=\"0\" ><div\n\t\t\t\n\t\t\tclass=\"so-widget-sow-headline so-widget-sow-headline-default-2a567a58f3f7-830\"\n\t\t\t\n\t\t><div class=\"sow-headline-container \">\n\t\t\t\t\t\t\t<h3 class=\"sow-headline\">\n\t\t\t\t\t\tZusammenfassung des Lebenslaufs\t\t\t\t\t\t<\/h3>\n\t\t\t\t\t\t\t\t\t\t\t<div class=\"decoration\">\n\t\t\t\t\t\t<div class=\"decoration-inside\"><\/div>\n\t\t\t\t\t<\/div>\n\t\t\t\t\t<\/div>\n<\/div><\/div><\/div><\/div><div id=\"pg-gb830-69f1d575f1782-1\"  class=\"panel-grid panel-no-style\" ><div id=\"pgc-gb830-69f1d575f1782-1-0\"  class=\"panel-grid-cell\" ><div id=\"panel-gb830-69f1d575f1782-1-0-0\" class=\"widget_text so-panel widget widget_custom_html panel-first-child panel-last-child\" data-index=\"1\" ><div class=\"widget_text home-content-text panel-widget-style panel-widget-style-for-gb830-69f1d575f1782-1-0-0\" ><div class=\"textwidget custom-html-widget\">Dr. Eduard Alentorn Geli ist ein orthop\u00e4discher Chirurg und Traumatologe aus Barcelona mit einer umfangreichen Ausbildung auf dem Gebiet der Sportmedizin und Traumatologie und subspezialisiert auf Schulter, Ellbogen und Knie. Dr. Alentorn ist seit vielen Jahren im Sport t\u00e4tig und absolvierte zun\u00e4chst einen Bachelor-Abschluss in Bewegungs- und Sportwissenschaften am Nationalen Institut f\u00fcr Leibeserziehung von Katalonien (INEFC) in Barcelona und erhielt den au\u00dferordentlichen Preis f\u00fcr die beste akademische Leistung der F\u00f6rderung. W\u00e4hrend seines Bachelor-Studiums der Medizin an der Universit\u00e4t Barcelona erwarb er au\u00dferdem einen Master-Abschluss in klinischer Biomechanik des Bewegungsapparates an der Universit\u00e4t Rovira i Virgili, einen Master-Abschluss in Hochleistungstraining im Mannschaftssport an der INEFC-Barcelona und einen Doktortitel an der Universit\u00e4t Barcelona mit dem Pr\u00e4dikat LAUDE einstimmig.\nMit dieser Ausbildung begann Dr. Alentorn die Facharztausbildung f\u00fcr Orthop\u00e4dische Chirurgie und Traumatologie am Hospital del Mar i l&#8217;Esperan\u00e7a (Autonome Universit\u00e4t Barcelona). Der Arzt absolvierte die Facharztausbildung f\u00fcr orthop\u00e4dische Chirurgie und Traumatologie mit umfangreicher gesammelter Erfahrung im klinischen, chirurgischen und akademischen Bereich und besuchte mehrere Zentren f\u00fcr Sportmedizin und Traumatologie, Kniechirurgie sowie Schulter- und Ellbogenchirurgie in Spanien und den Vereinigten Staaten von Amerika: Krankenh\u00e4user und Kliniken der Universit\u00e4t von Iowa (Iowa City, Iowa,  USA), Columbia Presbyterian Medical Center (New York, USA), Johns Hopkins University (Baltimore, MD, USA), Hospital for Special Surgery (New York, USA), University of Pittsburgh (Pittsburgh, PA, USA), Rush University (Chicago, IL, USA), Mount Sinai Medical Center (New York, NY, USA) und Hospital La Paz (Madrid, Spanien). Vor Abschluss seiner Facharztausbildung in orthop\u00e4discher Chirurgie und Traumatologie erhielt Dr. Alentorn die Validierung seines Bachelor of Medicine-Abschlusses durch die Educational Commission for Foreign Medical Graduates (ECFMG) der Vereinigten Staaten und die medizinische Lizenz, um in diesem Land als Arzt zu praktizieren. Dr. Alentorn erhielt die Auszeichnung \u00abAssistenzarzt des Jahres  \u00bb der Spanischen Gesellschaft f\u00fcr Orthop\u00e4dische Chirurgie und Traumatologie, die an den besten Assistenzarzt in Spanien verliehen wird  , der im Zeitraum 2009-2014 die Facharztausbildung f\u00fcr orthop\u00e4dische Chirurgie und Traumatologie abgeschlossen hat. Kurz darauf erhielt der Arzt vom European Board of Orthopaedics and Traumatology (EBOT) den prestigetr\u00e4chtigen europ\u00e4ischen Titel eines Facharztes f\u00fcr orthop\u00e4dische Chirurgie und Traumatologie.\nDr. Alentorn erhielt einen Platz f\u00fcr ein Jahr offiziell akkreditierter Subspezialisierung in Sportmedizin und Traumatologie an der renommierten Duke University (Durham, NC, USA), wo er neuartige Techniken in der arthroskopischen und offenen Knie- und Schulterchirurgie erlernte. Dar\u00fcber hinaus war er Arzt f\u00fcr die Fu\u00dfball-, Football- und Basketballmannschaften der Universit\u00e4t und berichtete auch \u00fcber die nationalen Hockey- und Lacrosse-Meisterschaften. Im folgenden Jahr absolvierte Dr. Alentorn eine zweite akkreditierte offizielle Subspezialisierung, in diesem Fall in rekonstruktiver Schulter- und Ellbogenchirurgie, an der renommierten Mayo Clinic (Rochester, MN, USA), die wiederholt von der  Zeitschrift US News Best Hospitals als beste Klinik des Landes und f\u00fcr viele als die beste Klinik der Welt in Schulter- und Ellbogenchirurgie bezeichnet wurde. In diesem Jahr erlernte der Arzt Rekonstruktionstechniken f\u00fcr jede einfache und komplexe Pathologie der Schulter und des Ellenbogens, da die Mayo Clinic ein nationaler und internationaler Referenzort in diesem Bereich ist.\nNach seiner R\u00fcckkehr aus den Vereinigten Staaten mit einer umfangreichen Ausbildung in den Bereichen Schulter-, Ellbogen-, Knie- und Sporttraumatologie schloss sich der Arzt der Gruppe des weltbekannten Dr. Ram\u00f3n Cugat an, der als Experte f\u00fcr Sportpathologie, Arthroskopie und arthroskopische Kniechirurgie gilt. Dr. Alentorn hat seine berufliche T\u00e4tigkeit als orthop\u00e4discher Chirurg und Traumatologe mit Spezialisierung auf einfache und komplexe Schulter-, Ellbogen- und Kniechirurgie am Cugat-Institut (im Krankenhaus Quir\u00f3nsalud, Barcelona) und von 2016 bis 2024 bei der katalanischen Gegenseitigkeitsgesellschaft der Fu\u00dfballer entwickelt.\nAuf der Lehrebene war Dr. Alentorn 4 Jahre lang als Professor f\u00fcr Orthop\u00e4dische Chirurgie und Traumatologie an der CTO Academy zur Vorbereitung auf die MIR-Pr\u00fcfung auf Landesebene t\u00e4tig. Dar\u00fcber hinaus war er externer Dozent f\u00fcr den Master-Abschluss in Sportrehabilitation an der Escola Universit\u00e0ria de la Salut i l&#8217;Esport &#8211; EUSES (ein Zentrum, das der Universit\u00e4t Girona angegliedert ist) und unterrichtete das Fach Pathophysiologie und Verletzungsmechanismus in der Sporttraumatologie. Dr. Alentorn ist derzeit auch als akkreditierter Professor der European Society of Sports Traumatology, Knee Surgery, and Arthroscopy (ESSKA) t\u00e4tig.\nAuf wissenschaftlicher Ebene hat Dr. Alentorn ma\u00dfgeblich zu einer Vielzahl von Vortr\u00e4gen in nationalen und internationalen Kursen und Konferenzen beigetragen (siehe Curriculum Vitae) und ist Autor von 200 internationalen Publikationen in indizierten Zeitschriften (Quelle: Google Scholar) und mehr als 10 internationalen Buchkapiteln mit einem H-Index von 44.\nDr. Eduard Alentorn ist Mitglied mehrerer spanischer und europ\u00e4ischer wissenschaftlicher Gesellschaften wie der Spanischen Gesellschaft f\u00fcr Arthroskopie (AEA), der Spanischen Gesellschaft f\u00fcr Schulter- und Ellbogenchirurgie (SECHC) oder der Europ\u00e4ischen Gesellschaft f\u00fcr Sporttraumatologie, Kniechirurgie und Arthroskopie (ESSKA).). Dr. Alentorn war Mitglied des Vorstands des SECHC und der Schultersektion innerhalb der ESSKA (der ESA-Sektion) und war zweimal Mitglied des Wissenschaftlichen Ausschusses f\u00fcr die Organisation des halbj\u00e4hrlichen Kongresses der Gesellschaft selbst. Eduard Alentorn arbeitet seit mehr als 10 Jahren als Mitherausgeber f\u00fcr die europ\u00e4ische Fachzeitschrift Knee Surgery, Sports Traumatology, and Arthroscopy (KSSTA), die offizielle Zeitschrift der ESSKa.\n<\/div><\/div><\/div><\/div><\/div><div id=\"pg-gb830-69f1d575f1782-2\"  class=\"panel-grid panel-no-style\" ><div id=\"pgc-gb830-69f1d575f1782-2-0\"  class=\"panel-grid-cell panel-grid-cell-empty\" ><\/div><\/div><div id=\"pg-gb830-69f1d575f1782-3\"  class=\"panel-grid panel-no-style\" ><div id=\"pgc-gb830-69f1d575f1782-3-0\"  class=\"panel-grid-cell panel-grid-cell-empty panel-grid-cell-mobile-last\" ><\/div><div id=\"pgc-gb830-69f1d575f1782-3-1\"  class=\"panel-grid-cell panel-grid-cell-empty\" ><\/div><\/div><div id=\"pg-gb830-69f1d575f1782-4\"  class=\"panel-grid panel-no-style\" ><div id=\"pgc-gb830-69f1d575f1782-4-0\"  class=\"panel-grid-cell\" ><div id=\"panel-gb830-69f1d575f1782-4-0-0\" class=\"widget_text so-panel widget widget_custom_html panel-first-child panel-last-child\" data-index=\"2\" ><div class=\"textwidget custom-html-widget\"><link rel=\"stylesheet\" href=\"https:\/\/maxcdn.bootstrapcdn.com\/bootstrap\/4.1.3\/css\/bootstrap.min.css\">\n   <link href=\"https:\/\/maxcdn.bootstrapcdn.com\/font-awesome\/4.7.0\/css\/font-awesome.min.css\" rel=\"stylesheet\">\n   <style>\n\/*FOOTER*\/\n\n.mainfooter {\n  background: #16222A;\n  background: -webkit-linear-gradient(59deg, #155a63, #16222A);\n  background: linear-gradient(59deg, #155adeg, #16222A);\n  color: white;\n  margin-top:2px;\n}\n\n.mainfooter h4 {\n\tfont-size: 1.375em;\n}\n\n.mainfooter a {\n  color: #fff;\n  font-size: 12px;\n  transition-duration: 0.2s;\n}\n\n.mainfooter a:hover {\n  color: #6EBEC9;\n  text-decoration: none;\n}\n\n.copy {\n  font-size: 10px;\n  padding: 0;\n  border-top: 1px solid #FFFFFF;\n}\n\n.footer-middle {\n  padding-top: 0.5em;\n  color: white;\n}\n\n\n\/*SOC\u0130AL \u0130CONS*\/\n\n\/* footer social icons *\/\n\nul.social-network {\n  list-style: none;\n  display: inline;\n  margin-left: 0 !important;\n  padding: 0;\n}\n\nul.social-network li {\n  display: inline;\n  margin: 0 2px;\n}\n\n\n\/* footer social icons *\/\n\n.social-network a.socialIcon:hover,\n.socialHoverClass {\n  color: #44BCDD;\n}\n\/*\n.social-circle li a {\n  display: inline-block;\n  position: relative;\n  margin: 0 auto 0 auto;\n  -moz-border-radius: 50%;\n  -webkit-border-radius: 50%;\n  border-radius: 50%;\n  text-align: center;\n  width: 30px;\n  height: 30px;\n  font-size: 15px;\n}\n*\/\n.social-circle li img {\n  margin: 0;\n  line-height: 30px;\n  text-align: center;\n}\n\n.social-circle li img {\n  display: inline-block;\n  position: relative;\n  margin: 0 auto 2px auto;\n  -moz-border-radius: 25%;\n  -webkit-border-radius: 25%;\n  border-radius: 25%;\n  text-align: center;\n  width: 25px;\n  height: 25px;\n  font-size: 15px;\n}\n\n.social-circle li a:hover i,\n.triggeredHover {\n  -moz-transform: rotate(360deg);\n  -webkit-transform: rotate(360deg);\n  -ms--transform: rotate(360deg);\n  transform: rotate(360deg);\n  -webkit-transition: all 0.2s;\n  -moz-transition: all 0.2s;\n  -o-transition: all 0.2s;\n  -ms-transition: all 0.2s;\n  transition: all 0.2s;\n}\n\n.social-circle li a:hover img,\n.triggeredHover {\n  -moz-transform: rotate(360deg);\n  -webkit-transform: rotate(360deg);\n  -ms--transform: rotate(360deg);\n  transform: rotate(360deg);\n  -webkit-transition: all 0.2s;\n  -moz-transition: all 0.2s;\n  -o-transition: all 0.2s;\n  -ms-transition: all 0.2s;\n  transition: all 0.2s;\n}\n\n.social-circle i {\n  color: #595959;\n  -webkit-transition: all 0.8s;\n  -moz-transition: all 0.8s;\n  -o-transition: all 0.8s;\n  -ms-transition: all 0.8s;\n  transition: all 0.8s;\n}\n\n\n\n.social-network a {\n  background-color: #F9F9F9;\n}\n\n.ic{\n\tfont-size: 16px;\n}\n\n@media only screen and (max-width: 600px) {\n  .copy {\n    margin-top: 15px;\n  }\n}\n\n\n   <\/style>\n   \n\n\n<div class=\"mainfooter\" role=\"contentinfo\">\n  <div class=\"footer-middle\">\n    <div class=\"container\">\n      <div class=\"row\">\n        <div class=\"col-md-3 col-sm-6\">\n          <div class=\"footer-pad\">\n            <ul class=\"list-unstyled\">\n              <h4>Eduard Alentorn Geli<\/h4>\n              <li><a target=\"_blank\" href=\"mailto:info@eduardalentorn.com\"><i class=\"fa fa-envelope ic\"><\/i> info@eduardalentorn.com<\/a><\/li>\n              <li><a target=\"_blank\" href=\"tel:+34938346450\"><i class=\"fa fa-phone ic\"><\/i> +34 613316752<\/a><\/li>\n            <\/ul>\n          <\/div>\n        <\/div>\n        <div class=\"col-md-3 col-sm-6\">\n          <div class=\"footer-pad\">\n            <h4>Orte, an denen ich arbeite<\/h4>\n            <ul class=\"list-unstyled\">\n              <li><a href=\"https:\/\/www.mcf.cat\/\" target=\"_blank\" rel=\"noopener noreferrer\">Viu Salut<\/a><\/li>\n              <li><a href=\"https:\/\/www.mcf.cat\/\" target=\"_blank\" rel=\"noopener noreferrer\">Zona Wellness &#8211; The Aquatics Medical Center (CNAB)<\/a><\/li>\n            <\/ul>\n          <\/div>\n        <\/div>\n        <div class=\"col-md-3 col-sm-6\">\n          <div class=\"footer-pad\">\n            <h4>Links<\/h4>\n            <ul class=\"list-unstyled\">\n              <li><a href=\"https:\/\/www.eduardalentorn.com\/dr\/\" target=\"_blank\" rel=\"noopener noreferrer\">Startseite<\/a><\/li>\n              <li><a href=\"https:\/\/www.eduardalentorn.com\/dr\/contacto\/\" target=\"_blank\" rel=\"noopener noreferrer\">Kontakt<\/a><\/li>\n              <li><a href=\"#\" target=\"_blank\" rel=\"noopener noreferrer\">Termin vereinbaren<\/a><\/li>\n              <li><a href=\"#\" target=\"_blank\" rel=\"noopener noreferrer\">Standorte und \u00d6ffnungszeiten<\/a><\/li>\n            <\/ul>\n          <\/div>\n        <\/div>\n        <div class=\"col-md-3\">\n          <h4>Folge uns<\/h4>\n         <ul class=\"social-network social-circle\">\n             <li><a href=\"https:\/\/www.facebook.com\/ealentorn\" target=\"_blank\" class=\"icoVumedi\"  title=\"facebook\"><img decoding=\"async\" src=\"https:\/\/www.eduardalentorn.com\/dr\/wp-content\/uploads\/2020\/04\/face.png\"><\/img><\/a><\/li>\n             <li><a href=\"https:\/\/twitter.com\/dralentorngeli?lang=es\" target=\"_blank\" class=\"icoVumedi\" title=\"twitter\"><img decoding=\"async\" src=\"https:\/\/www.eduardalentorn.com\/dr\/wp-content\/uploads\/2024\/11\/image-1.png\"><\/img><\/a><\/li>\n             <li><a href=\"https:\/\/es.linkedin.com\/in\/eduard-alentorn-geli-md-msc-phd-febot-facgme-38017742\" target=\"_blank\" class=\"icoVumedi\" title=\"linkedin\"><img decoding=\"async\" src=\"https:\/\/www.eduardalentorn.com\/dr\/wp-content\/uploads\/2020\/04\/link.png\"><\/img><\/a><\/li>\n             <li><a href=\"https:\/\/instagram.com\/dr.e.alentorn.geli?igshid=dgrgwa2kq3d6\" target=\"_blank\" class=\"icoVumedi\" title=\"instagram\"><img decoding=\"async\" src=\"https:\/\/www.eduardalentorn.com\/dr\/wp-content\/uploads\/2020\/04\/inst.png\"><\/img><\/a><\/li>\n             <li><a href=\"https:\/\/www.youtube.com\/channel\/UC6t1F6qZZ_evlXYvK_i0rtQ\" target=\"_blank\" class=\"icoVumedi\" title=\"youtube\"><img decoding=\"async\" src=\"https:\/\/www.eduardalentorn.com\/dr\/wp-content\/uploads\/2020\/04\/yout.png\"><\/img><\/a><\/li>\n             \n             <li><a href=\"https:\/\/www.vumedi.com\/video\/protesis-artroplastia-humeral-hombro-sin-vastago-dr-eduard-alentorn-geli-spanish\/\" target=\"_blank\" class=\"icoVumedi\" title=\"vumedi\"><img decoding=\"async\" src=\"https:\/\/www.eduardalentorn.com\/dr\/wp-content\/uploads\/2020\/04\/vumedi.png\"><\/img><\/a><\/li>\n             <li><a href=\"https:\/\/videosdemedicina.com\/\" target=\"_blank\" class=\"icoVumedi\" title=\"videos de medicos\"><img decoding=\"async\" src=\"https:\/\/www.eduardalentorn.com\/dr\/wp-content\/uploads\/2020\/04\/vidmed.png\"><\/img><\/a><\/li>\n            <\/ul>\t\t\t\t\t\t\t\n        <\/div>\n      <\/div>\n      <br>\n      <div class=\"row\">\n        <div class=\"col-md-12 copy\">\n          <p class=\"text-center\">\u00a9 Copyright 2020 &#8211; Diese Seite wurde erstellt von <a href=\"https:\/\/funhelps.com\" target=\"_blank\">Funhelps<\/a> &#8211; Alle Rechte vorbehalten.<\/p>\n        <\/div>\n      <\/div>\n    <\/div>\n  <\/div>\n<\/div>\n<\/div><\/div><\/div><\/div><\/div>","protected":false},"excerpt":{"rendered":"","protected":false},"author":2,"featured_media":0,"parent":0,"menu_order":0,"comment_status":"closed","ping_status":"closed","template":"","meta":{"footnotes":""},"class_list":["post-830","page","type-page","status-publish","hentry","post"],"rttpg_featured_image_url":null,"rttpg_author":{"display_name":"info info","author_link":"https:\/\/www.eduardalentorn.com\/dr\/author\/info\/"},"rttpg_comment":0,"rttpg_category":" <a href=\"https:\/\/www.eduardalentorn.com\/dr\/de\/\" rel=\"tag\">Deutsch<\/a>","rttpg_excerpt":null,"_links":{"self":[{"href":"https:\/\/www.eduardalentorn.com\/dr\/wp-json\/wp\/v2\/pages\/830","targetHints":{"allow":["GET"]}}],"collection":[{"href":"https:\/\/www.eduardalentorn.com\/dr\/wp-json\/wp\/v2\/pages"}],"about":[{"href":"https:\/\/www.eduardalentorn.com\/dr\/wp-json\/wp\/v2\/types\/page"}],"author":[{"embeddable":true,"href":"https:\/\/www.eduardalentorn.com\/dr\/wp-json\/wp\/v2\/users\/2"}],"replies":[{"embeddable":true,"href":"https:\/\/www.eduardalentorn.com\/dr\/wp-json\/wp\/v2\/comments?post=830"}],"version-history":[{"count":3,"href":"https:\/\/www.eduardalentorn.com\/dr\/wp-json\/wp\/v2\/pages\/830\/revisions"}],"predecessor-version":[{"id":2713,"href":"https:\/\/www.eduardalentorn.com\/dr\/wp-json\/wp\/v2\/pages\/830\/revisions\/2713"}],"wp:attachment":[{"href":"https:\/\/www.eduardalentorn.com\/dr\/wp-json\/wp\/v2\/media?parent=830"}],"curies":[{"name":"wp","href":"https:\/\/api.w.org\/{rel}","templated":true}]}}