{"id":973,"date":"2024-11-14T11:25:58","date_gmt":"2024-11-14T11:25:58","guid":{"rendered":"https:\/\/www.eduardalentorn.com\/dr\/?page_id=973"},"modified":"2025-08-22T10:00:06","modified_gmt":"2025-08-22T10:00:06","slug":"lugares-onde-trabalhei","status":"publish","type":"page","link":"https:\/\/www.eduardalentorn.com\/dr\/pt\/lugares-onde-trabalhei\/","title":{"rendered":"Lugares onde trabalhei"},"content":{"rendered":"<div id=\"pl-gb973-69e1ef5101eaa\"  class=\"panel-layout\" ><div id=\"pg-gb973-69e1ef5101eaa-0\"  class=\"panel-grid panel-no-style\" ><div id=\"pgc-gb973-69e1ef5101eaa-0-0\"  class=\"panel-grid-cell\" ><div id=\"panel-gb973-69e1ef5101eaa-0-0-0\" class=\"so-panel widget widget_sow-headline panel-first-child panel-last-child\" data-index=\"0\" ><div\n\t\t\t\n\t\t\tclass=\"so-widget-sow-headline so-widget-sow-headline-default-2a567a58f3f7-973\"\n\t\t\t\n\t\t><div class=\"sow-headline-container \">\n\t\t\t\t\t\t\t<h3 class=\"sow-headline\">\n\t\t\t\t\t\tLugares onde trabalhei\t\t\t\t\t\t<\/h3>\n\t\t\t\t\t\t\t\t\t\t\t<div class=\"decoration\">\n\t\t\t\t\t\t<div class=\"decoration-inside\"><\/div>\n\t\t\t\t\t<\/div>\n\t\t\t\t\t<\/div>\n<\/div><\/div><\/div><\/div><div id=\"pg-gb973-69e1ef5101eaa-1\"  class=\"panel-grid panel-no-style\" ><div id=\"pgc-gb973-69e1ef5101eaa-1-0\"  class=\"panel-grid-cell panel-grid-cell-empty\" ><\/div><\/div><div id=\"pg-gb973-69e1ef5101eaa-2\"  class=\"panel-grid panel-no-style\" ><div id=\"pgc-gb973-69e1ef5101eaa-2-0\"  class=\"panel-grid-cell panel-grid-cell-empty\" ><\/div><\/div><div id=\"pg-gb973-69e1ef5101eaa-3\"  class=\"panel-grid panel-no-style\" ><div id=\"pgc-gb973-69e1ef5101eaa-3-0\"  class=\"panel-grid-cell panel-grid-cell-empty panel-grid-cell-mobile-last\" ><\/div><div id=\"pgc-gb973-69e1ef5101eaa-3-1\"  class=\"panel-grid-cell panel-grid-cell-empty\" ><\/div><\/div><\/div>\n\n\n<div id=\"cuerpo\" class=\"wp-block-group\"><div class=\"wp-block-group__inner-container is-layout-constrained wp-block-group-is-layout-constrained\">\n<p>De todos os centros que contribu\u00edram para a minha forma\u00e7\u00e3o, 5 s\u00e3o tamb\u00e9m centros onde trabalhei.<\/p>\n\n\n\n<p><strong>Hospital del Mar y la Esperanza, Barcelona: 5 anos<\/strong><\/p>\n\n\n\n<p>O Servi\u00e7o de Cirurgia Ortop\u00e9dica, Traumatologia e Traumatologia Desportiva do Hospital del Mar y de la Esperanza em Barcelona destaca-se pela sua abordagem abrangente e multidisciplinar ao tratamento de patologias do sistema m\u00fasculo-esquel\u00e9tico. Este servi\u00e7o oferece uma vasta gama de t\u00e9cnicas cir\u00fargicas avan\u00e7adas, desde artroscopias minimamente invasivas a cirurgias reconstrutivas complexas, adaptadas \u00e0s necessidades de cada paciente.<\/p>\n\n\n\n<p>A equipa \u00e9 composta por profissionais altamente qualificados que trabalham em colabora\u00e7\u00e3o com fisioterapeutas e especialistas em medicina desportiva, garantindo uma abordagem hol\u00edstica \u00e0 recupera\u00e7\u00e3o dos doentes. Al\u00e9m disso, o hospital possui tecnologia de ponta, permitindo diagn\u00f3sticos precisos e procedimentos cir\u00fargicos eficazes.<\/p>\n\n\n\n<p>No campo da traumatologia esportiva, \u00e9 realizado um acompanhamento personalizado para atletas e pacientes ativos, garantindo um \u00f3timo retorno \u00e0s suas atividades. A investiga\u00e7\u00e3o e a forma\u00e7\u00e3o cont\u00ednua s\u00e3o pilares fundamentais, o que permite \u00e0 equipa estar atualizada com as \u00faltimas tend\u00eancias e t\u00e9cnicas em ortopedia. Tudo isto faz do Hospital del Mar y de la Esperanza uma refer\u00eancia em cuidados ortop\u00e9dicos na Catalunha.<\/p>\n\n\n\n<p>Este hospital desenvolveu t\u00e9cnicas avan\u00e7adas em artroscopia e cirurgia minimamente invasiva, melhorando os tempos de recupera\u00e7\u00e3o e reduzindo as complica\u00e7\u00f5es p\u00f3s-operat\u00f3rias. Ele tamb\u00e9m esteve envolvido em pesquisas sobre o tratamento de les\u00f5es esportivas, especialmente a reconstru\u00e7\u00e3o do ligamento cruzado anterior (LCA).<\/p>\n\n\n\n<p><strong>Duke University: 1 ano<\/strong><\/p>\n\n\n\n<p>O Departamento de Cirurgia Ortop\u00e9dica da Duke University \u00e9 altamente considerado por sua abordagem abrangente ao tratamento de dist\u00farbios musculoesquel\u00e9ticos, trauma e medicina esportiva. O departamento coloca \u00eanfase em uma filosofia centrada no paciente, combinando t\u00e9cnicas cir\u00fargicas avan\u00e7adas com pesquisa de ponta para oferecer cuidados ideais.<\/p>\n\n\n\n<p>A equipa ortop\u00e9dica da Duke \u00e9 composta por especialistas em v\u00e1rias subespecialidades, o que permite uma abordagem multidisciplinar a casos complexos. Este ambiente colaborativo incentiva planos de tratamento individualizados adaptados \u00e0s necessidades espec\u00edficas de cada paciente. Duke \u00e9 especialmente conhecido por seu uso inovador de t\u00e9cnicas cir\u00fargicas minimamente invasivas e tecnologia de ponta, que melhoram a precis\u00e3o e a efic\u00e1cia das interven\u00e7\u00f5es.<\/p>\n\n\n\n<p>Na \u00e1rea da medicina desportiva, a Duke destaca-se na presta\u00e7\u00e3o de cuidados especializados aos atletas, focando-se na preven\u00e7\u00e3o de les\u00f5es, reabilita\u00e7\u00e3o e otimiza\u00e7\u00e3o do desempenho. O programa integra fisioterapia e condicionamento, garantindo uma abordagem abrangente para a recupera\u00e7\u00e3o e retorno ao esporte.<\/p>\n\n\n\n<p>A Duke University tamb\u00e9m est\u00e1 comprometida com a pesquisa e a educa\u00e7\u00e3o, contribuindo para os avan\u00e7os nas pr\u00e1ticas ortop\u00e9dicas atrav\u00e9s de ensaios cl\u00ednicos e estudos. Este foco na inova\u00e7\u00e3o, juntamente com uma dedica\u00e7\u00e3o ao atendimento de alta qualidade ao paciente, estabelece a Duke como uma institui\u00e7\u00e3o l\u00edder em cirurgia ortop\u00e9dica, conhecida por moldar o futuro da sa\u00fade musculoesquel\u00e9tica.<\/p>\n\n\n\n<p>Duke fez contribui\u00e7\u00f5es significativas na \u00e1rea de cirurgia da coluna, desenvolvendo t\u00e9cnicas minimamente invasivas que reduzem o tempo de recupera\u00e7\u00e3o e melhoram os resultados funcionais. Ele tamb\u00e9m inovou no tratamento de les\u00f5es esportivas atrav\u00e9s de protocolos de reabilita\u00e7\u00e3o.<\/p>\n\n\n\n<p><strong>Mayo Clinic, Rochester, MN: 1 ano<\/strong><\/p>\n\n\n\n<p>A Mayo Clinic em Rochester, MN, \u00e9 conhecida por seu excecional Departamento de Cirurgia Ortop\u00e9dica, reconhecido como um dos melhores do mundo para o tratamento de dist\u00farbios musculoesquel\u00e9ticos, trauma e medicina esportiva. O departamento est\u00e1 comprometido com uma abordagem centrada no paciente, combinando t\u00e9cnicas cir\u00fargicas avan\u00e7adas com cuidados abrangentes e n\u00e3o cir\u00fargicos.<\/p>\n\n\n\n<p>A equipe ortop\u00e9dica da Mayo Clinic \u00e9 composta por cirurgi\u00f5es altamente especializados e profissionais de sa\u00fade que colaboram entre disciplinas, garantindo uma abordagem hol\u00edstica para tratar cada paciente. A instala\u00e7\u00e3o est\u00e1 equipada com tecnologia de ponta, que permite diagn\u00f3sticos precisos e op\u00e7\u00f5es cir\u00fargicas minimamente invasivas que melhoram os tempos de recupera\u00e7\u00e3o e os resultados.<\/p>\n\n\n\n<p>Na medicina desportiva, a Mayo Clinic oferece cuidados especializados adaptados a atletas de todos os n\u00edveis. O programa centra-se na preven\u00e7\u00e3o de les\u00f5es, reabilita\u00e7\u00e3o e melhoria do desempenho, utilizando pr\u00e1ticas baseadas em provas para facilitar um regresso seguro ao desporto.<\/p>\n\n\n\n<p>Al\u00e9m disso, a Mayo Clinic enfatiza a pesquisa e a educa\u00e7\u00e3o, ajudando a avan\u00e7ar nos cuidados ortop\u00e9dicos por meio de ensaios e estudos cl\u00ednicos inovadores. Este compromisso com a excel\u00eancia no atendimento ao paciente, combinado com seus esfor\u00e7os pioneiros de pesquisa, solidifica a reputa\u00e7\u00e3o da Mayo Clinic como uma institui\u00e7\u00e3o l\u00edder em cirurgia ortop\u00e9dica e sa\u00fade musculoesquel\u00e9tica.<\/p>\n\n\n\n<p>A Mayo Clinic foi pioneira na pesquisa sobre o uso de terapia celular e t\u00e9cnicas regenerativas para tratar doen\u00e7as ortop\u00e9dicas. Seu foco na cirurgia ortop\u00e9dica personalizada permitiu melhorias significativas nos resultados cir\u00fargicos. Uma das \u00e1reas em que mais se tem destacado a n\u00edvel mundial tem sido na cirurgia reconstrutiva do ombro e cotovelo, considerada por muitos como o melhor hospital do mundo para estas patologias.<\/p>\n\n\n\n<p><strong>Institut Cugat: 8 anos<\/strong><\/p>\n\n\n\n<p>O Instituto Cugat, localizado em Espanha, \u00e9 um centro de topo especializado em cirurgia ortop\u00e9dica, medicina desportiva e reabilita\u00e7\u00e3o. Fundado pelo renomado cirurgi\u00e3o ortop\u00e9dico Dr. Ramon Cugat, o instituto \u00e9 reconhecido por sua experi\u00eancia no tratamento de dist\u00farbios musculoesquel\u00e9ticos e les\u00f5es relacionadas ao esporte, com \u00eanfase em uma abordagem centrada no paciente.<\/p>\n\n\n\n<p>A equipe do Instituto Cugat \u00e9 composta por cirurgi\u00f5es ortop\u00e9dicos altamente qualificados e especialistas em medicina esportiva que usam t\u00e9cnicas e tecnologias avan\u00e7adas, como artroscopia e procedimentos minimamente invasivos, para garantir resultados ideais para os pacientes. O instituto \u00e9 especialmente conhecido por seu foco na reconstru\u00e7\u00e3o articular, reparo de cartilagem e cirurgia do ombro.<\/p>\n\n\n\n<p>Al\u00e9m de interven\u00e7\u00f5es cir\u00fargicas, o Instituto Cugat oferece programas de reabilita\u00e7\u00e3o abrangentes projetados para facilitar a recupera\u00e7\u00e3o e restaurar a fun\u00e7\u00e3o. A abordagem multidisciplinar garante que os pacientes recebam planos de tratamento personalizados que atendam \u00e0s suas necessidades espec\u00edficas, promovendo um retorno seguro ao esporte e \u00e0s atividades di\u00e1rias.<\/p>\n\n\n\n<p>Al\u00e9m disso, o instituto participa da pesquisa e do ensino, contribuindo para o avan\u00e7o das pr\u00e1ticas ortop\u00e9dicas e para a forma\u00e7\u00e3o dos futuros profissionais de sa\u00fade. Este compromisso com a inova\u00e7\u00e3o e a alta qualidade dos cuidados posiciona o Instituto Cugat como uma institui\u00e7\u00e3o l\u00edder em sa\u00fade ortop\u00e9dica em Espanha e internacionalmente.<\/p>\n\n\n\n<p>O Instituto Cugat tem sido pioneiro na cirurgia artrosc\u00f3pica e na investiga\u00e7\u00e3o no tratamento de les\u00f5es desportivas, melhorando as t\u00e9cnicas de repara\u00e7\u00e3o dos tecidos moles e promovendo a reabilita\u00e7\u00e3o ativa.<\/p>\n\n\n\n<p><strong>Associa\u00e7\u00e3o de Futebolistas Mutualistas: 8 anos<\/strong><\/p>\n\n\n\n<p>A Mutual Society of Footballers \u00e9 uma entidade fundamental no campo da sa\u00fade e preven\u00e7\u00e3o de les\u00f5es no futebol, destacando-se pelo seu compromisso com o bem-estar dos jogadores. A sua import\u00e2ncia reside nos cuidados integrais que presta aos futebolistas, prestando assist\u00eancia m\u00e9dica especializada e programas de reabilita\u00e7\u00e3o adaptados \u00e0s exig\u00eancias do desporto.<\/p>\n\n\n\n<p>Entre as suas virtudes, a Mutualidade aposta na investiga\u00e7\u00e3o e forma\u00e7\u00e3o cont\u00ednua, desenvolvendo protocolos avan\u00e7ados para a preven\u00e7\u00e3o e tratamento de les\u00f5es. Isto permitiu a implementa\u00e7\u00e3o de novas t\u00e9cnicas cir\u00fargicas e tratamentos inovadores que melhoram a recupera\u00e7\u00e3o dos jogadores. A entidade tamb\u00e9m tem participado de estudos que analisam o impacto das les\u00f5es no desempenho esportivo, contribuindo para a otimiza\u00e7\u00e3o das pr\u00e1ticas de treinamento e prepara\u00e7\u00e3o f\u00edsica.<\/p>\n\n\n\n<p>Os contributos da Mutualidade s\u00e3o evidentes no seu papel de refer\u00eancia na traumatologia desportiva, estabelecendo padr\u00f5es no tratamento de les\u00f5es comuns no futebol, como entorses, les\u00f5es ligamentares e problemas musculares. Atrav\u00e9s da sua abordagem proactiva e dedica\u00e7\u00e3o \u00e0 investiga\u00e7\u00e3o, a Players&#8217; Mutual Society transformou a forma como a sa\u00fade e a recupera\u00e7\u00e3o s\u00e3o abordadas no mundo do futebol, beneficiando jogadores e clubes.<\/p>\n\n\n\n<p>A minha experi\u00eancia profissional foi desenvolvida apenas na Delega\u00e7\u00e3o Catal\u00e3. A Sociedade M\u00fatua de Futebolistas da Catalunha (MCF) \u00e9 uma entidade fundada oficialmente em 1930 dedicada exclusivamente \u00e0s les\u00f5es no futebol. Conta com o apoio da Federa\u00e7\u00e3o Catal\u00e3 de Futebol e da Federa\u00e7\u00e3o Espanhola de Futebol, e cobre o diagn\u00f3stico e tratamento m\u00e9dico no futebol federado e futsal a n\u00edvel de todas as categorias e para o futebol masculino e feminino. A MCF \u00e9, portanto, a seguradora da Federa\u00e7\u00e3o Catal\u00e3 de Futebol (FCF). H\u00e1 mais de 200.000 membros do banco em toda a Catalunha, o que significa uma m\u00e9dia de cerca de 26.000 feridos tratados e 1300 interven\u00e7\u00f5es realizadas a cada ano. A assist\u00eancia m\u00e9dica exclusiva para futebolistas \u00e9 um servi\u00e7o pioneiro no mundo. A Sociedade M\u00fatua de Futebolistas da Catalunha \u00e9, portanto, uma entidade \u00fanica e, provavelmente, a que trata o maior volume de les\u00f5es em futebolistas do mundo. O Servi\u00e7o M\u00e9dico na sede de Barcelona \u00e9 oferecido por quatro grupos de traumatologistas de reconhecido prest\u00edgio nacional e internacional: Dr. Emilio Moragas, Dr. Ram\u00f3n Cugat, Dr. Jos\u00e9 Arag\u00f3n e Dr. Jaume Vilar\u00f3. As quatro principais equipas m\u00e9dicas envolvem um total de 20 m\u00e9dicos entre Traumatologistas e M\u00e9dicos do Desporto. Al\u00e9m disso, a Mutualidade de Futebolistas da Catalunha tem um total de 205 centros subsidiados em toda a Catalunha, incluindo Hospitais, Servi\u00e7os de Emerg\u00eancia, Centros M\u00e9dicos e Centros de Reabilita\u00e7\u00e3o. A Entidade oferece atendimento m\u00e9dico 24 horas, 365 dias por ano e mobiliza cerca de 500 ambul\u00e2ncias anualmente, incluindo helic\u00f3pteros m\u00e9dicos da S.E.M.<\/p>\n<\/div><\/div>\n\n\n<div id=\"pl-gb973-69e1ef5189e39\"  class=\"panel-layout\" ><div id=\"pg-gb973-69e1ef5189e39-0\"  class=\"panel-grid panel-no-style\" ><div id=\"pgc-gb973-69e1ef5189e39-0-0\"  class=\"panel-grid-cell\" ><div id=\"panel-gb973-69e1ef5189e39-0-0-0\" class=\"widget_text so-panel widget widget_custom_html panel-first-child panel-last-child\" data-index=\"0\" ><div class=\"textwidget custom-html-widget\"><link rel=\"stylesheet\" href=\"https:\/\/maxcdn.bootstrapcdn.com\/bootstrap\/4.1.3\/css\/bootstrap.min.css\">\n   <link href=\"https:\/\/maxcdn.bootstrapcdn.com\/font-awesome\/4.7.0\/css\/font-awesome.min.css\" rel=\"stylesheet\">\n   <style>\n\/*FOOTER*\/\n\n.mainfooter {\n  background: #16222A;\n  background: -webkit-linear-gradient(59deg, #155a63, #16222A);\n  background: linear-gradient(59deg, #155adeg, #16222A);\n  color: white;\n  margin-top:2px;\n}\n\n.mainfooter h4 {\n\tfont-size: 1.375em;\n}\n\n.mainfooter a {\n  color: #fff;\n  font-size: 12px;\n  transition-duration: 0.2s;\n}\n\n.mainfooter a:hover {\n  color: #6EBEC9;\n  text-decoration: none;\n}\n\n.copy {\n  font-size: 10px;\n  padding: 0;\n  border-top: 1px solid #FFFFFF;\n}\n\n.footer-middle {\n  padding-top: 0.5em;\n  color: white;\n}\n\n\n\/*SOC\u0130AL \u0130CONS*\/\n\n\/* footer social icons *\/\n\nul.social-network {\n  list-style: none;\n  display: inline;\n  margin-left: 0 !important;\n  padding: 0;\n}\n\nul.social-network li {\n  display: inline;\n  margin: 0 2px;\n}\n\n\n\/* footer social icons *\/\n\n.social-network a.socialIcon:hover,\n.socialHoverClass {\n  color: #44BCDD;\n}\n\/*\n.social-circle li a {\n  display: inline-block;\n  position: relative;\n  margin: 0 auto 0 auto;\n  -moz-border-radius: 50%;\n  -webkit-border-radius: 50%;\n  border-radius: 50%;\n  text-align: center;\n  width: 30px;\n  height: 30px;\n  font-size: 15px;\n}\n*\/\n.social-circle li img {\n  margin: 0;\n  line-height: 30px;\n  text-align: center;\n}\n\n.social-circle li img {\n  display: inline-block;\n  position: relative;\n  margin: 0 auto 2px auto;\n  -moz-border-radius: 25%;\n  -webkit-border-radius: 25%;\n  border-radius: 25%;\n  text-align: center;\n  width: 25px;\n  height: 25px;\n  font-size: 15px;\n}\n\n.social-circle li a:hover i,\n.triggeredHover {\n  -moz-transform: rotate(360deg);\n  -webkit-transform: rotate(360deg);\n  -ms--transform: rotate(360deg);\n  transform: rotate(360deg);\n  -webkit-transition: all 0.2s;\n  -moz-transition: all 0.2s;\n  -o-transition: all 0.2s;\n  -ms-transition: all 0.2s;\n  transition: all 0.2s;\n}\n\n.social-circle li a:hover img,\n.triggeredHover {\n  -moz-transform: rotate(360deg);\n  -webkit-transform: rotate(360deg);\n  -ms--transform: rotate(360deg);\n  transform: rotate(360deg);\n  -webkit-transition: all 0.2s;\n  -moz-transition: all 0.2s;\n  -o-transition: all 0.2s;\n  -ms-transition: all 0.2s;\n  transition: all 0.2s;\n}\n\n.social-circle i {\n  color: #595959;\n  -webkit-transition: all 0.8s;\n  -moz-transition: all 0.8s;\n  -o-transition: all 0.8s;\n  -ms-transition: all 0.8s;\n  transition: all 0.8s;\n}\n\n\n\n.social-network a {\n  background-color: #F9F9F9;\n}\n\n.ic{\n\tfont-size: 16px;\n}\n\n@media only screen and (max-width: 600px) {\n  .copy {\n    margin-top: 15px;\n  }\n}\n\n\n   <\/style>\n   \n\n\n<div class=\"mainfooter\" role=\"contentinfo\">\n  <div class=\"footer-middle\">\n    <div class=\"container\">\n      <div class=\"row\">\n        <div class=\"col-md-3 col-sm-6\">\n          <div class=\"footer-pad\">\n            <ul class=\"list-unstyled\">\n              <h4>Eduard Alentorn Geli<\/h4>\n              <li><a target=\"_blank\" href=\"mailto:info@eduardalentorn.com\"><i class=\"fa fa-envelope ic\"><\/i> info@eduardalentorn.com<\/a><\/li>\n              <li><a target=\"_blank\" href=\"tel:+34938346450\"><i class=\"fa fa-phone ic\"><\/i> +34 613316752<\/a><\/li>\n            <\/ul>\n          <\/div>\n        <\/div>\n        <div class=\"col-md-3 col-sm-6\">\n          <div class=\"footer-pad\">\n            <h4>Lugares onde trabalho<\/h4>\n            <ul class=\"list-unstyled\">\n              <li><a href=\"https:\/\/www.mcf.cat\/\" target=\"_blank\" rel=\"noopener noreferrer\">Viu Salut<\/a><\/li>\n\t\t\t\t\t    <li><a href=\"https:\/\/www.mcf.cat\/\" target=\"_blank\" rel=\"noopener noreferrer\">Zona Wellness &#8211; The Aquatics Medical Center (CNAB)<\/a><\/li>\n            <\/ul>\n          <\/div>\n        <\/div>\n        <div class=\"col-md-3 col-sm-6\">\n          <div class=\"footer-pad\">\n            <h4>Links<\/h4>\n            <ul class=\"list-unstyled\">\n              <li><a href=\"https:\/\/www.eduardalentorn.com\/dr\/\" target=\"_blank\" rel=\"noopener noreferrer\">In\u00edcio<\/a><\/li>\n              <li><a href=\"https:\/\/www.eduardalentorn.com\/dr\/contacto\/\" target=\"_blank\" rel=\"noopener noreferrer\">Contato<\/a><\/li>\n              <li><a href=\"#\" target=\"_blank\" rel=\"noopener noreferrer\">Solicitar hor\u00e1rio<\/a><\/li>\n              <li><a href=\"#\" target=\"_blank\" rel=\"noopener noreferrer\">Locais e hor\u00e1rios<\/a><\/li>\n            <\/ul>\n          <\/div>\n        <\/div>\n        <div class=\"col-md-3\">\n          <h4>Nos siga<\/h4>\n           <ul class=\"social-network social-circle\">\n             <li><a href=\"https:\/\/www.facebook.com\/ealentorn\" target=\"_blank\" class=\"icoVumedi\"  title=\"facebook\"><img decoding=\"async\" src=\"https:\/\/www.eduardalentorn.com\/dr\/wp-content\/uploads\/2020\/04\/face.png\"><\/img><\/a><\/li>\n             <li><a href=\"https:\/\/twitter.com\/dralentorngeli?lang=es\" target=\"_blank\" class=\"icoVumedi\" title=\"twitter\"><img decoding=\"async\" src=\"https:\/\/www.eduardalentorn.com\/dr\/wp-content\/uploads\/2024\/11\/image-1.png\"><\/img><\/a><\/li>\n             <li><a href=\"https:\/\/es.linkedin.com\/in\/eduard-alentorn-geli-md-msc-phd-febot-facgme-38017742\" target=\"_blank\" class=\"icoVumedi\" title=\"linkedin\"><img decoding=\"async\" src=\"https:\/\/www.eduardalentorn.com\/dr\/wp-content\/uploads\/2020\/04\/link.png\"><\/img><\/a><\/li>\n             <li><a href=\"https:\/\/instagram.com\/dr.e.alentorn.geli?igshid=dgrgwa2kq3d6\" target=\"_blank\" class=\"icoVumedi\" title=\"instagram\"><img decoding=\"async\" src=\"https:\/\/www.eduardalentorn.com\/dr\/wp-content\/uploads\/2020\/04\/inst.png\"><\/img><\/a><\/li>\n             <li><a href=\"https:\/\/www.youtube.com\/channel\/UC6t1F6qZZ_evlXYvK_i0rtQ\" target=\"_blank\" class=\"icoVumedi\" title=\"youtube\"><img decoding=\"async\" src=\"https:\/\/www.eduardalentorn.com\/dr\/wp-content\/uploads\/2020\/04\/yout.png\"><\/img><\/a><\/li>\n             \n             <li><a href=\"https:\/\/www.vumedi.com\/video\/protesis-artroplastia-humeral-hombro-sin-vastago-dr-eduard-alentorn-geli-spanish\/\" target=\"_blank\" class=\"icoVumedi\" title=\"vumedi\"><img decoding=\"async\" src=\"https:\/\/www.eduardalentorn.com\/dr\/wp-content\/uploads\/2020\/04\/vumedi.png\"><\/img><\/a><\/li>\n             <li><a href=\"https:\/\/videosdemedicina.com\/\" target=\"_blank\" class=\"icoVumedi\" title=\"videos de medicos\"><img decoding=\"async\" src=\"https:\/\/www.eduardalentorn.com\/dr\/wp-content\/uploads\/2020\/04\/vidmed.png\"><\/img><\/a><\/li>\n            <\/ul>\t\t\t\t\n        <\/div>\n      <\/div>\n      <br>\n      <div class=\"row\">\n        <div class=\"col-md-12 copy\">\n          <p class=\"text-center\">\u00a9 Copyright 2020 &#8211; Este site foi criado por <a href=\"https:\/\/funhelps.com\" target=\"_blank\">Funhelps<\/a> &#8211; Todos os direitos reservados.<\/p>\n        <\/div>\n      <\/div>\n    <\/div>\n  <\/div>\n<\/div>\n<\/div><\/div><\/div><\/div><\/div>","protected":false},"excerpt":{"rendered":"<p>De todos os centros que contribu\u00edram para a minha forma\u00e7\u00e3o, 5 s\u00e3o tamb\u00e9m centros onde trabalhei. Hospital del Mar y la Esperanza, Barcelona: 5 anos O Servi\u00e7o de Cirurgia Ortop\u00e9dica, Traumatologia e Traumatologia Desportiva do Hospital del Mar y de la Esperanza em Barcelona destaca-se pela sua abordagem abrangente e multidisciplinar ao tratamento de patologias [&hellip;]<\/p>\n","protected":false},"author":2,"featured_media":0,"parent":0,"menu_order":0,"comment_status":"closed","ping_status":"closed","template":"","meta":{"footnotes":""},"class_list":["post-973","page","type-page","status-publish","hentry","post"],"rttpg_featured_image_url":null,"rttpg_author":{"display_name":"info info","author_link":"https:\/\/www.eduardalentorn.com\/dr\/author\/info\/"},"rttpg_comment":0,"rttpg_category":" <a href=\"https:\/\/www.eduardalentorn.com\/dr\/pt\/\" rel=\"tag\">Portugu\u00eas<\/a>","rttpg_excerpt":"De todos os centros que contribu\u00edram para a minha forma\u00e7\u00e3o, 5 s\u00e3o tamb\u00e9m centros onde trabalhei. Hospital del Mar y la Esperanza, Barcelona: 5 anos O Servi\u00e7o de Cirurgia Ortop\u00e9dica, Traumatologia e Traumatologia Desportiva do Hospital del Mar y de la Esperanza em Barcelona destaca-se pela sua abordagem abrangente e multidisciplinar ao tratamento de patologias&hellip;","_links":{"self":[{"href":"https:\/\/www.eduardalentorn.com\/dr\/wp-json\/wp\/v2\/pages\/973","targetHints":{"allow":["GET"]}}],"collection":[{"href":"https:\/\/www.eduardalentorn.com\/dr\/wp-json\/wp\/v2\/pages"}],"about":[{"href":"https:\/\/www.eduardalentorn.com\/dr\/wp-json\/wp\/v2\/types\/page"}],"author":[{"embeddable":true,"href":"https:\/\/www.eduardalentorn.com\/dr\/wp-json\/wp\/v2\/users\/2"}],"replies":[{"embeddable":true,"href":"https:\/\/www.eduardalentorn.com\/dr\/wp-json\/wp\/v2\/comments?post=973"}],"version-history":[{"count":5,"href":"https:\/\/www.eduardalentorn.com\/dr\/wp-json\/wp\/v2\/pages\/973\/revisions"}],"predecessor-version":[{"id":3102,"href":"https:\/\/www.eduardalentorn.com\/dr\/wp-json\/wp\/v2\/pages\/973\/revisions\/3102"}],"wp:attachment":[{"href":"https:\/\/www.eduardalentorn.com\/dr\/wp-json\/wp\/v2\/media?parent=973"}],"curies":[{"name":"wp","href":"https:\/\/api.w.org\/{rel}","templated":true}]}}